{"id":61270,"date":"2020-11-26T08:31:34","date_gmt":"2020-11-26T08:31:34","guid":{"rendered":"https:\/\/www.lll.tum.de.devweb.mwn.de\/?page_id=61270"},"modified":"2024-01-11T22:48:06","modified_gmt":"2024-01-11T21:48:06","slug":"institute-for-lifelong-learning","status":"publish","type":"page","link":"http:\/\/ex.lll.tum.de.devweb.mwn.de\/de\/about\/institute-for-lifelong-learning\/","title":{"rendered":"TUM Institute for LifeLong Learning"},"content":{"rendered":"<div class=\"wpb-content-wrapper\"><p>[vc_row full_width=&#8221;stretch_row_content_no_spaces&#8221; dhsv_background_color=&#8221;bg_brand-primary&#8221;][vc_column][dhsv_vc_header bgimage=&#8221;60589&#8243; art=&#8221;grafik_no_overlay&#8221; height=&#8221;small&#8221; headline=&#8221;About:<br \/>\nTUM Institute for LifeLong Learning&#8221; headline_format=&#8221;h1&#8243;][\/vc_column][\/vc_row][vc_row][vc_column width=&#8221;5\/6&#8243;][dhsv_vc_anker type=&#8221;nav&#8221;][vc_empty_space height=&#8221;50px&#8221;][dhsv_vc_anker type=&#8221;point&#8221; title=&#8221;TUM Institute for LifeLong Learning&#8221; id=&#8221;LLL&#8221;][vc_column_text]<\/p>\n<h3>TUM Institute for LifeLong Learning<\/h3>\n<p>[\/vc_column_text][vc_column_text]Unsere Arbeits- und Berufswelt ver\u00e4ndert sich derzeit so dynamisch wie nie zuvor und stellt Fachexpert*innen und F\u00fchrungskr\u00e4fte vor immer neue Herausforderungen. Lebenslanges Lernen und eine kontinuierliche fachliche Weiterentwicklung sind die Voraussetzungen, um diesen Ver\u00e4nderungen heute und in Zukunft erfolgreich zu begegnen. Als zukunftsorientierte Universit\u00e4t hat die Technische Universit\u00e4t M\u00fcnchen (TUM) das TUM Institute for LifeLong Learning gegr\u00fcndet, um F\u00fchrungskr\u00e4fte und fachliche Expert*innen mit dem Wissen, den F\u00fchrungsqualit\u00e4ten und den pers\u00f6nlichen Entwicklungsinstrumenten f\u00fcr eine erfolgreiche Laufbahn auszustatten.<\/p>\n<p>[\/vc_column_text][vc_video link=&#8221;https:\/\/youtu.be\/FROwDWbk6ZA&#8221;][vc_column_text]<\/p>\n<h2><strong>Das TUM Institute for LifeLong Learning begleitet Sie auf Ihrem Weg des lebenslangen Lernens. <\/strong><\/h2>\n<p>Das Ziel des TUM Institute for LifeLong Learning ist die F\u00f6rderung der kontinuierlichen, wissenschaftlich fundierten Weiterbildung von internationalen Berufst\u00e4tigen aller Karrierestufen aus Wirtschaft, Wissenschaft und Gesellschaft.<\/p>\n<p>Unser Angebot reicht von fachspezifischen Themen aus Technik, Medizin oder Architektur bis zu fachu\u0308bergreifenden Gebieten wie Management und Leadership. Durch innovative (digitale) Weiterbildungsformate und die Integration neuester Inhalte aus den Technik- und Naturwissenschaften bereitet das TUM Institute for LifeLong Learning Fachexpert*innen und F\u00fchrungskr\u00e4fte darauf vor, die aktuellen und zuk\u00fcnftigen gesellschaftlichen Herausforderungen verantwortungsvoll und effektiv bew\u00e4ltigen zu k\u00f6nnen.<\/p>\n<p>Unsere Weiterbildungsangebote orientieren sich an den Lehr- und Forschungsschwerpunkten der TUM. So k\u00f6nnen wir neueste Forschungsergebnisse in relevanten Bereichen direkt in unseren evidenzbasierten Weiterbildungsansatz einflie\u00dfen lassen. Besonderen Wert legen wir auch auf die praktischen Aspekte und Anwendungsm\u00f6glichkeiten dieser Erkenntnisse. Daf\u00fcr binden wir unsere Partner eng in die Programmgestaltung ein und f\u00fchren einen regelm\u00e4\u00dfigen Austausch im <a href=\"http:\/\/ex.lll.tum.de.devweb.mwn.de\/de\/about\/executive-professional-education-board\/\">Advisory Board<\/a>, dem etwa 40 Entscheidungstr\u00e4ger und F\u00fchrungskr\u00e4fte aus der Wirtschaft angeh\u00f6ren.[\/vc_column_text][vc_empty_space height=&#8221;50px&#8221;][dhsv_vc_anker type=&#8221;point&#8221; title=&#8221;Unsere Angebote&#8221; id=&#8221;angebote&#8221;][vc_column_text]<\/p>\n<h3>Unsere Angebote<\/h3>\n<p>[\/vc_column_text][vc_column_text]Wir bieten <a href=\"http:\/\/ex.lll.tum.de.devweb.mwn.de\/executive-mbas\/\">drei Executive MBA-Programme<\/a>\u00a0f\u00fcr erfahrene F\u00fchrungskr\u00e4fte und <a href=\"http:\/\/ex.lll.tum.de.devweb.mwn.de\/professional-master-programs-at-tum-institute-of-lifelong-learning\/\">professionelle Master-Programme<\/a> f\u00fcr junge Berufst\u00e4tige an. Dar\u00fcber hinaus bieten wir eine Reihe von <a href=\"http:\/\/ex.lll.tum.de.devweb.mwn.de\/certificate-programs\/\">Zertifikatsprogrammen<\/a> und F\u00fchrungskr\u00e4ftetrainings zu Themen, die von Leadership bis Innovation, von Private Equity bis Employer Branding und von Data Science bis Sustainable Real Estate reichen. Jedes unserer Programme ist ma\u00dfgeschneidert, um sicherzustellen, dass die Bed\u00fcrfnisse unserer Teilnehmer*innen erf\u00fcllt werden. Wir sind dar\u00fcber hinaus auch ein wertvoller Partner f\u00fcr Privatunternehmen und haben Erfahrung in der Bereitstellung <a href=\"http:\/\/ex.lll.tum.de.devweb.mwn.de\/?page_id=15627\">ma\u00dfgeschneiderter Programme<\/a>, die direkt auf die Bed\u00fcrfnisse der jeweiligen Organisation und ihrer Mitarbeiter*innen zugeschnitten sind.<\/p>\n<p>Eingebettet in das \u00d6kosystem der TUM spiegeln alle Weiterbildungsprogramme die unternehmerische Denkweise der Universit\u00e4t wider und decken so ein umfassendes Portfolio ab. In M\u00fcnchen zu Hause, unterh\u00e4lt die Technische Universit\u00e4t M\u00fcnchen ein weltweites Netzwerk f\u00fchrender Organisationen, das die Programme f\u00fcr F\u00fchrungs- und Fachkr\u00e4fte aus aller Welt attraktiv macht, die ihre pers\u00f6nliche und berufliche Entwicklung aktiv in die Hand nehmen wollen.[\/vc_column_text][vc_empty_space height=&#8221;50px&#8221;][dhsv_vc_anker type=&#8221;point&#8221; title=&#8221;Technische Universit\u00e4t M\u00fcnchen&#8221; id=&#8221;tum&#8221;][vc_column_text]<\/p>\n<h3>Technische Universit\u00e4t M\u00fcnchen (TUM)<\/h3>\n<p>[\/vc_column_text][vc_column_text]Die <a href=\"https:\/\/www.tum.de\/\" target=\"_blank\" rel=\"noopener\">Technische Universit\u00e4t M\u00fcnchen<\/a> ist eine der f\u00fchrenden Universit\u00e4ten Europas mit mehr als 600 Professor*innen, rund 11.500 wissenschaftlichen und au\u00dferuniversit\u00e4ren Mitarbeiter*innen und 50.000 Studierenden. Wir verbinden herausragende Forschung mit einem einzigartigen Angebot f\u00fcr Studierende. Der Fokus legt sich auf die Ingenieurwissenschaften, Naturwissenschaften, Lebenswissenschaften und Medizin, erg\u00e4nzt durch Management- und P\u00e4dagogikschulen. Die TUM sieht ihre Aufgabe darin, zu L\u00f6sungen f\u00fcr die vielf\u00e4ltigen gesellschaftlichen Herausforderungen beizutragen, etwa in den Bereichen Gesundheit und Ern\u00e4hrung, Energie und Rohstoffe, Umwelt und Klima, Information und Kommunikation sowie Mobilit\u00e4t und Infrastruktur.<\/p>\n<p>Im Laufe der Jahre hat sich die TUM eine sehr starke Position in nationalen und internationalen Rankings erarbeitet. Zum dritten Mal in Folge errang die TUM im Juli 2019 das Pr\u00e4dikat der \u201eExzellenzuniversit\u00e4t\u201c. Damit ist die TUM ist die einzige Technische Universit\u00e4t, die im Exzellenzwettbewerb des Bundes und der L\u00e4nder von Anfang an (2006) durchg\u00e4ngig erfolgreich ist. Sie rangiert regelm\u00e4\u00dfig unter den Top 100 im Shanghai Ranking, im QS World University Ranking und in den Rankings des CHE (Center for Higher Education) und der Times Higher Education. Erfahren Sie mehr \u00fcber die TUM in nationalen und internationalen Rankings <a href=\"https:\/\/www.tum.de\/ueber-die-tum\/daten-und-fakten\/rankings\" target=\"_blank\" rel=\"noopener\">hier<\/a>.[\/vc_column_text][\/vc_column][vc_column width=&#8221;1\/6&#8243;][\/vc_column][\/vc_row][vc_row][vc_column width=&#8221;2\/3&#8243;][vc_video link=&#8221;https:\/\/youtu.be\/otq1fK_c14I&#8221;][\/vc_column][vc_column width=&#8221;1\/3&#8243;][\/vc_column][\/vc_row][vc_row][vc_column][vc_row_inner][vc_column_inner width=&#8221;1\/3&#8243;][dhsv_vc_box art=&#8221;factbox&#8221; icon=&#8221;15992&#8243; number=&#8221;50.000&#8243; factsize=&#8221;size010&#8243; factborder=&#8221;borderright&#8221;]Studierende[\/dhsv_vc_box][\/vc_column_inner][vc_column_inner width=&#8221;1\/3&#8243;][dhsv_vc_box art=&#8221;factbox&#8221; icon=&#8221;15990&#8243; number=&#8221;623&#8243; factsize=&#8221;size010&#8243; factborder=&#8221;borderright&#8221;]Professor*innen[\/dhsv_vc_box][\/vc_column_inner][vc_column_inner width=&#8221;1\/3&#8243;][dhsv_vc_box art=&#8221;factbox&#8221; icon=&#8221;24496&#8243; beforenumber=&#8221;Etwa&#8221; number=&#8221;11.500&#8243; factsize=&#8221;size010&#8243;]Mitarbeiter*innen[\/dhsv_vc_box][\/vc_column_inner][\/vc_row_inner][vc_row_inner][vc_column_inner width=&#8221;1\/3&#8243;][dhsv_vc_box art=&#8221;factbox&#8221; icon=&#8221;15991&#8243; number=&#8221;182&#8243; factsize=&#8221;size010&#8243; factborder=&#8221;borderright&#8221;]Studieng\u00e4nge[\/dhsv_vc_box][\/vc_column_inner][vc_column_inner width=&#8221;1\/3&#8243;][dhsv_vc_box art=&#8221;factbox&#8221; icon=&#8221;15987&#8243; number=&#8221;8&#8243; factsize=&#8221;size010&#8243; factborder=&#8221;borderright&#8221;]TUM Schools und Fakult\u00e4ten[\/dhsv_vc_box][\/vc_column_inner][vc_column_inner width=&#8221;1\/3&#8243;][dhsv_vc_box art=&#8221;factbox&#8221; icon=&#8221;24495&#8243; number=&#8221;7&#8243; factsize=&#8221;size010&#8243;]Standorte weltweit[\/dhsv_vc_box][\/vc_column_inner][\/vc_row_inner][\/vc_column][\/vc_row]<\/p>\n<\/div>","protected":false},"excerpt":{"rendered":"<p>[vc_row full_width=&#8221;stretch_row_content_no_spaces&#8221; dhsv_background_color=&#8221;bg_brand-primary&#8221;][vc_column][dhsv_vc_header bgimage=&#8221;60589&#8243; art=&#8221;grafik_no_overlay&#8221; height=&#8221;small&#8221; headline=&#8221;About: TUM Institute for LifeLong Learning&#8221; headline_format=&#8221;h1&#8243;][\/vc_column][\/vc_row][vc_row][vc_column width=&#8221;5\/6&#8243;][dhsv_vc_anker type=&#8221;nav&#8221;][vc_empty_space height=&#8221;50px&#8221;][dhsv_vc_anker type=&#8221;point&#8221; title=&#8221;TUM Institute for LifeLong Learning&#8221; id=&#8221;LLL&#8221;][vc_column_text] TUM Institute for LifeLong Learning [\/vc_column_text][vc_column_text]Unsere Arbeits- und Berufswelt ver\u00e4ndert sich derzeit so dynamisch wie nie zuvor und stellt Fachexpert*innen und F\u00fchrungskr\u00e4fte vor immer neue Herausforderungen. Lebenslanges Lernen und eine kontinuierliche fachliche Weiterentwicklung sind die Voraussetzungen, um diesen Ver\u00e4nderungen heute und in Zukunft erfolgreich zu begegnen. Als zukunftsorientierte Universit\u00e4t hat die Technische Universit\u00e4t M\u00fcnchen (TUM) das TUM <a target=\"_blank\" class=\"moretag\" href=\"http:\/\/ex.lll.tum.de.devweb.mwn.de\/de\/about\/institute-for-lifelong-learning\/\">Read More here<\/a><\/p>\n","protected":false},"author":26,"featured_media":0,"parent":203,"menu_order":147,"comment_status":"closed","ping_status":"closed","template":"","meta":[],"acf":[],"yoast_head":"<!-- This site is optimized with the Yoast SEO Premium plugin v19.5 (Yoast SEO v19.10) - https:\/\/yoast.com\/wordpress\/plugins\/seo\/ -->\n<title>TUM Institute for LifeLong Learning - TUM Executive &amp; Professional Education<\/title>\n<meta name=\"description\" content=\"Das TUM Institute for LifeLong Learning begleitet Sie auf Ihrem Weg des lebenslangen Lernens. Wir bieten Executive MBA-Programme, Zertifikatsprogramme, Master-Programme und F\u00fchrungskr\u00e4ftetrainings.\" \/>\n<meta name=\"robots\" content=\"noindex, follow, max-snippet:-1, max-image-preview:large, max-video-preview:-1\" \/>\n<meta property=\"og:locale\" content=\"de_DE\" \/>\n<meta property=\"og:type\" content=\"article\" \/>\n<meta property=\"og:title\" content=\"TUM Institute for LifeLong Learning\" \/>\n<meta property=\"og:description\" content=\"Das TUM Institute for LifeLong Learning begleitet Sie auf Ihrem Weg des lebenslangen Lernens. Wir bieten Executive MBA-Programme, Zertifikatsprogramme, Master-Programme und F\u00fchrungskr\u00e4ftetrainings.\" \/>\n<meta property=\"og:url\" content=\"https:\/\/ex.lll.tum.de.devweb.mwn.de\/de\/about\/institute-for-lifelong-learning\/\" \/>\n<meta property=\"og:site_name\" content=\"TUM Executive &amp; Professional Education\" \/>\n<meta property=\"article:modified_time\" content=\"2024-01-11T21:48:06+00:00\" \/>\n<meta property=\"og:image\" content=\"https:\/\/ex.lll.tum.de.devweb.mwn.de\/wp-content\/uploads\/2022\/07\/TUM-Flyer_Cover_101x44mm_mitLogo_web.png\" \/>\n\t<meta property=\"og:image:width\" content=\"1194\" \/>\n\t<meta property=\"og:image:height\" content=\"527\" \/>\n\t<meta property=\"og:image:type\" content=\"image\/png\" \/>\n<meta name=\"twitter:card\" content=\"summary_large_image\" \/>\n<meta name=\"twitter:label1\" content=\"Gesch\u00e4tzte Lesezeit\" \/>\n\t<meta name=\"twitter:data1\" content=\"3\u00a0Minuten\" \/>\n<script type=\"application\/ld+json\" class=\"yoast-schema-graph\">{\"@context\":\"https:\/\/schema.org\",\"@graph\":[{\"@type\":\"WebPage\",\"@id\":\"https:\/\/ex.lll.tum.de.devweb.mwn.de\/de\/about\/institute-for-lifelong-learning\/\",\"url\":\"https:\/\/ex.lll.tum.de.devweb.mwn.de\/de\/about\/institute-for-lifelong-learning\/\",\"name\":\"TUM Institute for LifeLong Learning - TUM Executive &amp; Professional Education\",\"isPartOf\":{\"@id\":\"http:\/\/ex.lll.tum.de.devweb.mwn.de\/de\/#website\"},\"datePublished\":\"2020-11-26T08:31:34+00:00\",\"dateModified\":\"2024-01-11T21:48:06+00:00\",\"description\":\"Das TUM Institute for LifeLong Learning begleitet Sie auf Ihrem Weg des lebenslangen Lernens. Wir bieten Executive MBA-Programme, Zertifikatsprogramme, Master-Programme und F\u00fchrungskr\u00e4ftetrainings.\",\"breadcrumb\":{\"@id\":\"https:\/\/ex.lll.tum.de.devweb.mwn.de\/de\/about\/institute-for-lifelong-learning\/#breadcrumb\"},\"inLanguage\":\"de\",\"potentialAction\":[{\"@type\":\"ReadAction\",\"target\":[\"https:\/\/ex.lll.tum.de.devweb.mwn.de\/de\/about\/institute-for-lifelong-learning\/\"]}]},{\"@type\":\"BreadcrumbList\",\"@id\":\"https:\/\/ex.lll.tum.de.devweb.mwn.de\/de\/about\/institute-for-lifelong-learning\/#breadcrumb\",\"itemListElement\":[{\"@type\":\"ListItem\",\"position\":1,\"name\":\"Home\",\"item\":\"http:\/\/ex.lll.tum.de.devweb.mwn.de\/de\/\"},{\"@type\":\"ListItem\",\"position\":2,\"name\":\"About\",\"item\":\"https:\/\/ex.lll.tum.de.devweb.mwn.de\/de\/about\/\"},{\"@type\":\"ListItem\",\"position\":3,\"name\":\"TUM Institute for LifeLong Learning\"}]},{\"@type\":\"WebSite\",\"@id\":\"http:\/\/ex.lll.tum.de.devweb.mwn.de\/de\/#website\",\"url\":\"http:\/\/ex.lll.tum.de.devweb.mwn.de\/de\/\",\"name\":\"TUM Executive &amp; Professional Education\",\"description\":\"\",\"potentialAction\":[{\"@type\":\"SearchAction\",\"target\":{\"@type\":\"EntryPoint\",\"urlTemplate\":\"http:\/\/ex.lll.tum.de.devweb.mwn.de\/de\/?s={search_term_string}\"},\"query-input\":\"required name=search_term_string\"}],\"inLanguage\":\"de\"}]}<\/script>\n<!-- \/ Yoast SEO Premium plugin. -->","yoast_head_json":{"title":"TUM Institute for LifeLong Learning - TUM Executive &amp; Professional Education","description":"Das TUM Institute for LifeLong Learning begleitet Sie auf Ihrem Weg des lebenslangen Lernens. Wir bieten Executive MBA-Programme, Zertifikatsprogramme, Master-Programme und F\u00fchrungskr\u00e4ftetrainings.","robots":{"index":"noindex","follow":"follow","max-snippet":"max-snippet:-1","max-image-preview":"max-image-preview:large","max-video-preview":"max-video-preview:-1"},"og_locale":"de_DE","og_type":"article","og_title":"TUM Institute for LifeLong Learning","og_description":"Das TUM Institute for LifeLong Learning begleitet Sie auf Ihrem Weg des lebenslangen Lernens. Wir bieten Executive MBA-Programme, Zertifikatsprogramme, Master-Programme und F\u00fchrungskr\u00e4ftetrainings.","og_url":"https:\/\/ex.lll.tum.de.devweb.mwn.de\/de\/about\/institute-for-lifelong-learning\/","og_site_name":"TUM Executive &amp; Professional Education","article_modified_time":"2024-01-11T21:48:06+00:00","og_image":[{"width":1194,"height":527,"url":"https:\/\/ex.lll.tum.de.devweb.mwn.de\/wp-content\/uploads\/2022\/07\/TUM-Flyer_Cover_101x44mm_mitLogo_web.png","type":"image\/png"}],"twitter_card":"summary_large_image","twitter_misc":{"Gesch\u00e4tzte Lesezeit":"3\u00a0Minuten"},"schema":{"@context":"https:\/\/schema.org","@graph":[{"@type":"WebPage","@id":"https:\/\/ex.lll.tum.de.devweb.mwn.de\/de\/about\/institute-for-lifelong-learning\/","url":"https:\/\/ex.lll.tum.de.devweb.mwn.de\/de\/about\/institute-for-lifelong-learning\/","name":"TUM Institute for LifeLong Learning - TUM Executive &amp; Professional Education","isPartOf":{"@id":"http:\/\/ex.lll.tum.de.devweb.mwn.de\/de\/#website"},"datePublished":"2020-11-26T08:31:34+00:00","dateModified":"2024-01-11T21:48:06+00:00","description":"Das TUM Institute for LifeLong Learning begleitet Sie auf Ihrem Weg des lebenslangen Lernens. Wir bieten Executive MBA-Programme, Zertifikatsprogramme, Master-Programme und F\u00fchrungskr\u00e4ftetrainings.","breadcrumb":{"@id":"https:\/\/ex.lll.tum.de.devweb.mwn.de\/de\/about\/institute-for-lifelong-learning\/#breadcrumb"},"inLanguage":"de","potentialAction":[{"@type":"ReadAction","target":["https:\/\/ex.lll.tum.de.devweb.mwn.de\/de\/about\/institute-for-lifelong-learning\/"]}]},{"@type":"BreadcrumbList","@id":"https:\/\/ex.lll.tum.de.devweb.mwn.de\/de\/about\/institute-for-lifelong-learning\/#breadcrumb","itemListElement":[{"@type":"ListItem","position":1,"name":"Home","item":"http:\/\/ex.lll.tum.de.devweb.mwn.de\/de\/"},{"@type":"ListItem","position":2,"name":"About","item":"https:\/\/ex.lll.tum.de.devweb.mwn.de\/de\/about\/"},{"@type":"ListItem","position":3,"name":"TUM Institute for LifeLong Learning"}]},{"@type":"WebSite","@id":"http:\/\/ex.lll.tum.de.devweb.mwn.de\/de\/#website","url":"http:\/\/ex.lll.tum.de.devweb.mwn.de\/de\/","name":"TUM Executive &amp; Professional Education","description":"","potentialAction":[{"@type":"SearchAction","target":{"@type":"EntryPoint","urlTemplate":"http:\/\/ex.lll.tum.de.devweb.mwn.de\/de\/?s={search_term_string}"},"query-input":"required name=search_term_string"}],"inLanguage":"de"}]}},"_links":{"self":[{"href":"http:\/\/ex.lll.tum.de.devweb.mwn.de\/de\/wp-json\/wp\/v2\/pages\/61270"}],"collection":[{"href":"http:\/\/ex.lll.tum.de.devweb.mwn.de\/de\/wp-json\/wp\/v2\/pages"}],"about":[{"href":"http:\/\/ex.lll.tum.de.devweb.mwn.de\/de\/wp-json\/wp\/v2\/types\/page"}],"author":[{"embeddable":true,"href":"http:\/\/ex.lll.tum.de.devweb.mwn.de\/de\/wp-json\/wp\/v2\/users\/26"}],"replies":[{"embeddable":true,"href":"http:\/\/ex.lll.tum.de.devweb.mwn.de\/de\/wp-json\/wp\/v2\/comments?post=61270"}],"version-history":[{"count":15,"href":"http:\/\/ex.lll.tum.de.devweb.mwn.de\/de\/wp-json\/wp\/v2\/pages\/61270\/revisions"}],"predecessor-version":[{"id":180565,"href":"http:\/\/ex.lll.tum.de.devweb.mwn.de\/de\/wp-json\/wp\/v2\/pages\/61270\/revisions\/180565"}],"up":[{"embeddable":true,"href":"http:\/\/ex.lll.tum.de.devweb.mwn.de\/de\/wp-json\/wp\/v2\/pages\/203"}],"wp:attachment":[{"href":"http:\/\/ex.lll.tum.de.devweb.mwn.de\/de\/wp-json\/wp\/v2\/media?parent=61270"}],"curies":[{"name":"wp","href":"https:\/\/api.w.org\/{rel}","templated":true}]}}