{"id":54274,"date":"2020-07-15T14:18:06","date_gmt":"2020-07-15T14:18:06","guid":{"rendered":"https:\/\/www.lll.tum.de.devweb.mwn.de\/?page_id=54274"},"modified":"2020-07-15T14:26:08","modified_gmt":"2020-07-15T14:26:08","slug":"vergebene-auftraege","status":"publish","type":"page","link":"http:\/\/ex.lll.tum.de.devweb.mwn.de\/de\/about\/center-for-digital-leadership-development\/vergebene-auftraege\/","title":{"rendered":"CDLD Vergebene Auftr\u00e4ge"},"content":{"rendered":"<div class=\"wpb-content-wrapper\"><p>[vc_row][vc_column][vc_empty_space][vc_column_text]<\/p>\n<h5><strong>Vergebene Auftr\u00e4ge\u00a0<\/strong><\/h5>\n<p>&nbsp;<\/p>\n<p>Vergabestelle:<\/p>\n<p>Technische Universit\u00e4t M\u00fcnchen<\/p>\n<p>Center for Digital Leadership Development<\/p>\n<p>Leopoldstra\u00dfe 139<\/p>\n<p>D-80804 M\u00fcnchen<\/p>\n<p>&nbsp;<\/p>\n<p>Vorgang: 009\/2019<\/p>\n<p>&nbsp;<\/p>\n<p>Vergabeverfahren: Verhandlungsvergabe ohne Teilnahmewettbewerb gem\u00e4\u00df UVgO \u00a78 Abs. 4 Nr. 1, Nr. 6<\/p>\n<p>Auftragsgegenstand: Konzeption, Entwicklung, Betrieb &amp; Wartung einer Software fu\u0308r Fu\u0308hrungskr\u00e4ftebefragungen<\/p>\n<p>Auftragnehmer: everskill GmbH<\/p>\n<p>Auftraggeber: Technische Universit\u00e4t M\u00fcnchen, Executive Education Center, Leopoldstra\u00dfe 139, D-80804 M\u00fcnchen<\/p>\n<p>Auftragsvolumen: 220.000 Euro (netto)<\/p>\n<p>Zeitraum: 2020 bis 2022[\/vc_column_text][\/vc_column][\/vc_row]<\/p>\n<\/div>","protected":false},"excerpt":{"rendered":"<p>[vc_row][vc_column][vc_empty_space][vc_column_text] Vergebene Auftr\u00e4ge\u00a0 &nbsp; Vergabestelle: Technische Universit\u00e4t M\u00fcnchen Center for Digital Leadership Development Leopoldstra\u00dfe 139 D-80804 M\u00fcnchen &nbsp; Vorgang: 009\/2019 &nbsp; Vergabeverfahren: Verhandlungsvergabe ohne Teilnahmewettbewerb gem\u00e4\u00df UVgO \u00a78 Abs. 4 Nr. 1, Nr. 6 Auftragsgegenstand: Konzeption, Entwicklung, Betrieb &amp; Wartung einer Software fu\u0308r Fu\u0308hrungskr\u00e4ftebefragungen Auftragnehmer: everskill GmbH Auftraggeber: Technische Universit\u00e4t M\u00fcnchen, Executive Education Center, Leopoldstra\u00dfe 139, D-80804 M\u00fcnchen Auftragsvolumen: 220.000 Euro (netto) Zeitraum: 2020 bis 2022[\/vc_column_text][\/vc_column][\/vc_row]<\/p>\n","protected":false},"author":26,"featured_media":0,"parent":25905,"menu_order":95,"comment_status":"closed","ping_status":"closed","template":"","meta":[],"acf":[],"yoast_head":"<!-- This site is optimized with the Yoast SEO Premium plugin v19.5 (Yoast SEO v19.10) - https:\/\/yoast.com\/wordpress\/plugins\/seo\/ -->\n<title>CDLD Vergebene Auftr\u00e4ge - TUM Executive &amp; Professional Education<\/title>\n<meta name=\"robots\" content=\"noindex, follow, max-snippet:-1, max-image-preview:large, max-video-preview:-1\" \/>\n<meta property=\"og:locale\" content=\"de_DE\" \/>\n<meta property=\"og:type\" content=\"article\" \/>\n<meta property=\"og:title\" content=\"CDLD Vergebene Auftr\u00e4ge\" \/>\n<meta property=\"og:description\" content=\"[vc_row][vc_column][vc_empty_space][vc_column_text] Vergebene Auftr\u00e4ge\u00a0 &nbsp; Vergabestelle: Technische Universit\u00e4t M\u00fcnchen Center for Digital Leadership Development Leopoldstra\u00dfe 139 D-80804 M\u00fcnchen &nbsp; Vorgang: 009\/2019 &nbsp; Vergabeverfahren: Verhandlungsvergabe ohne Teilnahmewettbewerb gem\u00e4\u00df UVgO \u00a78 Abs. 4 Nr. 1, Nr. 6 Auftragsgegenstand: Konzeption, Entwicklung, Betrieb &amp; Wartung einer Software fu\u0308r Fu\u0308hrungskr\u00e4ftebefragungen Auftragnehmer: everskill GmbH Auftraggeber: Technische Universit\u00e4t M\u00fcnchen, Executive Education Center, Leopoldstra\u00dfe 139, D-80804 M\u00fcnchen Auftragsvolumen: 220.000 Euro (netto) Zeitraum: 2020 bis 2022[\/vc_column_text][\/vc_column][\/vc_row]\" \/>\n<meta property=\"og:url\" content=\"https:\/\/ex.lll.tum.de.devweb.mwn.de\/de\/about\/center-for-digital-leadership-development\/vergebene-auftraege\/\" \/>\n<meta property=\"og:site_name\" content=\"TUM Executive &amp; Professional Education\" \/>\n<meta property=\"article:modified_time\" content=\"2020-07-15T14:26:08+00:00\" \/>\n<meta name=\"twitter:card\" content=\"summary_large_image\" \/>\n<script type=\"application\/ld+json\" class=\"yoast-schema-graph\">{\"@context\":\"https:\/\/schema.org\",\"@graph\":[{\"@type\":\"WebPage\",\"@id\":\"https:\/\/ex.lll.tum.de.devweb.mwn.de\/de\/about\/center-for-digital-leadership-development\/vergebene-auftraege\/\",\"url\":\"https:\/\/ex.lll.tum.de.devweb.mwn.de\/de\/about\/center-for-digital-leadership-development\/vergebene-auftraege\/\",\"name\":\"CDLD Vergebene Auftr\u00e4ge - TUM Executive &amp; Professional Education\",\"isPartOf\":{\"@id\":\"http:\/\/ex.lll.tum.de.devweb.mwn.de\/de\/#website\"},\"datePublished\":\"2020-07-15T14:18:06+00:00\",\"dateModified\":\"2020-07-15T14:26:08+00:00\",\"breadcrumb\":{\"@id\":\"https:\/\/ex.lll.tum.de.devweb.mwn.de\/de\/about\/center-for-digital-leadership-development\/vergebene-auftraege\/#breadcrumb\"},\"inLanguage\":\"de\",\"potentialAction\":[{\"@type\":\"ReadAction\",\"target\":[\"https:\/\/ex.lll.tum.de.devweb.mwn.de\/de\/about\/center-for-digital-leadership-development\/vergebene-auftraege\/\"]}]},{\"@type\":\"BreadcrumbList\",\"@id\":\"https:\/\/ex.lll.tum.de.devweb.mwn.de\/de\/about\/center-for-digital-leadership-development\/vergebene-auftraege\/#breadcrumb\",\"itemListElement\":[{\"@type\":\"ListItem\",\"position\":1,\"name\":\"Home\",\"item\":\"http:\/\/ex.lll.tum.de.devweb.mwn.de\/de\/\"},{\"@type\":\"ListItem\",\"position\":2,\"name\":\"About\",\"item\":\"https:\/\/ex.lll.tum.de.devweb.mwn.de\/de\/about\/\"},{\"@type\":\"ListItem\",\"position\":3,\"name\":\"TUM Center f\u00fcr Digital Leadership Development\",\"item\":\"http:\/\/ex.lll.tum.de.devweb.mwn.de\/de\/about\/center-for-digital-leadership-development\/\"},{\"@type\":\"ListItem\",\"position\":4,\"name\":\"CDLD Vergebene Auftr\u00e4ge\"}]},{\"@type\":\"WebSite\",\"@id\":\"http:\/\/ex.lll.tum.de.devweb.mwn.de\/de\/#website\",\"url\":\"http:\/\/ex.lll.tum.de.devweb.mwn.de\/de\/\",\"name\":\"TUM Executive &amp; Professional Education\",\"description\":\"\",\"potentialAction\":[{\"@type\":\"SearchAction\",\"target\":{\"@type\":\"EntryPoint\",\"urlTemplate\":\"http:\/\/ex.lll.tum.de.devweb.mwn.de\/de\/?s={search_term_string}\"},\"query-input\":\"required name=search_term_string\"}],\"inLanguage\":\"de\"}]}<\/script>\n<!-- \/ Yoast SEO Premium plugin. -->","yoast_head_json":{"title":"CDLD Vergebene Auftr\u00e4ge - TUM Executive &amp; Professional Education","robots":{"index":"noindex","follow":"follow","max-snippet":"max-snippet:-1","max-image-preview":"max-image-preview:large","max-video-preview":"max-video-preview:-1"},"og_locale":"de_DE","og_type":"article","og_title":"CDLD Vergebene Auftr\u00e4ge","og_description":"[vc_row][vc_column][vc_empty_space][vc_column_text] Vergebene Auftr\u00e4ge\u00a0 &nbsp; Vergabestelle: Technische Universit\u00e4t M\u00fcnchen Center for Digital Leadership Development Leopoldstra\u00dfe 139 D-80804 M\u00fcnchen &nbsp; Vorgang: 009\/2019 &nbsp; Vergabeverfahren: Verhandlungsvergabe ohne Teilnahmewettbewerb gem\u00e4\u00df UVgO \u00a78 Abs. 4 Nr. 1, Nr. 6 Auftragsgegenstand: Konzeption, Entwicklung, Betrieb &amp; Wartung einer Software fu\u0308r Fu\u0308hrungskr\u00e4ftebefragungen Auftragnehmer: everskill GmbH Auftraggeber: Technische Universit\u00e4t M\u00fcnchen, Executive Education Center, Leopoldstra\u00dfe 139, D-80804 M\u00fcnchen Auftragsvolumen: 220.000 Euro (netto) Zeitraum: 2020 bis 2022[\/vc_column_text][\/vc_column][\/vc_row]","og_url":"https:\/\/ex.lll.tum.de.devweb.mwn.de\/de\/about\/center-for-digital-leadership-development\/vergebene-auftraege\/","og_site_name":"TUM Executive &amp; Professional Education","article_modified_time":"2020-07-15T14:26:08+00:00","twitter_card":"summary_large_image","schema":{"@context":"https:\/\/schema.org","@graph":[{"@type":"WebPage","@id":"https:\/\/ex.lll.tum.de.devweb.mwn.de\/de\/about\/center-for-digital-leadership-development\/vergebene-auftraege\/","url":"https:\/\/ex.lll.tum.de.devweb.mwn.de\/de\/about\/center-for-digital-leadership-development\/vergebene-auftraege\/","name":"CDLD Vergebene Auftr\u00e4ge - TUM Executive &amp; Professional Education","isPartOf":{"@id":"http:\/\/ex.lll.tum.de.devweb.mwn.de\/de\/#website"},"datePublished":"2020-07-15T14:18:06+00:00","dateModified":"2020-07-15T14:26:08+00:00","breadcrumb":{"@id":"https:\/\/ex.lll.tum.de.devweb.mwn.de\/de\/about\/center-for-digital-leadership-development\/vergebene-auftraege\/#breadcrumb"},"inLanguage":"de","potentialAction":[{"@type":"ReadAction","target":["https:\/\/ex.lll.tum.de.devweb.mwn.de\/de\/about\/center-for-digital-leadership-development\/vergebene-auftraege\/"]}]},{"@type":"BreadcrumbList","@id":"https:\/\/ex.lll.tum.de.devweb.mwn.de\/de\/about\/center-for-digital-leadership-development\/vergebene-auftraege\/#breadcrumb","itemListElement":[{"@type":"ListItem","position":1,"name":"Home","item":"http:\/\/ex.lll.tum.de.devweb.mwn.de\/de\/"},{"@type":"ListItem","position":2,"name":"About","item":"https:\/\/ex.lll.tum.de.devweb.mwn.de\/de\/about\/"},{"@type":"ListItem","position":3,"name":"TUM Center f\u00fcr Digital Leadership Development","item":"http:\/\/ex.lll.tum.de.devweb.mwn.de\/de\/about\/center-for-digital-leadership-development\/"},{"@type":"ListItem","position":4,"name":"CDLD Vergebene Auftr\u00e4ge"}]},{"@type":"WebSite","@id":"http:\/\/ex.lll.tum.de.devweb.mwn.de\/de\/#website","url":"http:\/\/ex.lll.tum.de.devweb.mwn.de\/de\/","name":"TUM Executive &amp; Professional Education","description":"","potentialAction":[{"@type":"SearchAction","target":{"@type":"EntryPoint","urlTemplate":"http:\/\/ex.lll.tum.de.devweb.mwn.de\/de\/?s={search_term_string}"},"query-input":"required name=search_term_string"}],"inLanguage":"de"}]}},"_links":{"self":[{"href":"http:\/\/ex.lll.tum.de.devweb.mwn.de\/de\/wp-json\/wp\/v2\/pages\/54274"}],"collection":[{"href":"http:\/\/ex.lll.tum.de.devweb.mwn.de\/de\/wp-json\/wp\/v2\/pages"}],"about":[{"href":"http:\/\/ex.lll.tum.de.devweb.mwn.de\/de\/wp-json\/wp\/v2\/types\/page"}],"author":[{"embeddable":true,"href":"http:\/\/ex.lll.tum.de.devweb.mwn.de\/de\/wp-json\/wp\/v2\/users\/26"}],"replies":[{"embeddable":true,"href":"http:\/\/ex.lll.tum.de.devweb.mwn.de\/de\/wp-json\/wp\/v2\/comments?post=54274"}],"version-history":[{"count":0,"href":"http:\/\/ex.lll.tum.de.devweb.mwn.de\/de\/wp-json\/wp\/v2\/pages\/54274\/revisions"}],"up":[{"embeddable":true,"href":"http:\/\/ex.lll.tum.de.devweb.mwn.de\/de\/wp-json\/wp\/v2\/pages\/25905"}],"wp:attachment":[{"href":"http:\/\/ex.lll.tum.de.devweb.mwn.de\/de\/wp-json\/wp\/v2\/media?parent=54274"}],"curies":[{"name":"wp","href":"https:\/\/api.w.org\/{rel}","templated":true}]}}