{"id":36078,"date":"2019-08-30T08:56:49","date_gmt":"2019-08-30T08:56:49","guid":{"rendered":"https:\/\/www.lll.tum.de.devweb.mwn.de\/?page_id=36078"},"modified":"2024-01-10T08:29:00","modified_gmt":"2024-01-10T07:29:00","slug":"datenschutzerklaerung","status":"publish","type":"page","link":"http:\/\/ex.lll.tum.de.devweb.mwn.de\/de\/datenschutzerklaerung\/","title":{"rendered":"Datenschutzerkl\u00e4rung"},"content":{"rendered":"<div class=\"wpb-content-wrapper\"><p>[vc_row][vc_column][vc_column_text]<\/p>\n<h1>Datenschutzerkl\u00e4rung<\/h1>\n<p>Ich bin damit einverstanden, dass meine personenbezogenen Daten von der Technischen Universit\u00e4t M\u00fcnchen (<a href=\"http:\/\/www.tum.de\/impressum\" target=\"_blank\" rel=\"noopener noreferrer\">www.tum.de\/impressum<\/a>) verarbeitet und gespeichert werden.<\/p>\n<p>Meine Einwilligung kann ich unbeschadet der Rechtm\u00e4\u00dfigkeit der aufgrund der Einwilligung vorgenommenen Verarbeitung bis zum Widerruf nach Art. 6 Abs. 1 lit. a DSGVO. Nach meinem Widerruf werde ich unverz\u00fcglich aus der Datenbank entfernt. Die E-Mail f\u00fcr den Widerruf lautet <a href=\"mailto:info.epe@lll.tum.de\" target=\"_blank\" rel=\"noopener noreferrer\">info.epe@lll.tum.de<\/a>.<\/p>\n<p>Als technischer Dienstleister setzen wir auf das Leibniz-Rechenzentrum (LRZ) der Bayerischen Akademie der Wissenschaften, Boltzmannstra\u00dfe 1, 85748 Garching.<\/p>\n<p>Unter den gesetzlichen Voraussetzungen besteht ein Recht auf Zugang zu Informationen sowie auf Berichtigung, L\u00f6schung oder Einschr\u00e4nkung der Verarbeitung oder ein Widerspruchsrecht gegen die Verarbeitung und das Recht auf Daten\u00fcbertragbarkeit. Dar\u00fcber hinaus besteht ein Beschwerderecht beim Bayerischen Landesbeauftragten f\u00fcr den Datenschutz.<\/p>\n<p>Bei Fragen stehen wir oder unser Datenschutzbeauftragter (<a href=\"http:\/\/www.datenschutz.tum.de\" target=\"_blank\" rel=\"noopener noreferrer\">www.datenschutz.tum.de<\/a>) Ihnen gern zur Verf\u00fcgung.<\/p>\n<p><strong>Veranstaltungs- und Programmanmeldung<\/strong><\/p>\n<p>Mit der verbindlichen Anmeldung zu einer Veranstaltung oder einem Programm willigt der Teilnehmer ein, dass die erhobenen Daten zu administrativen Zwecken in Systemen der Technischen Universit\u00e4t M\u00fcnchen verwendet und nur in dem f\u00fcr diesen Zweck erforderlichen Umfang und in \u00dcbereinstimmung mit den Anforderungen der GDPR, des Bayerischen Datenschutzgesetzes und des Bayerischen Hochschulgesetzes an andere an der Programmverwaltung &amp; -durchf\u00fchrung beteiligte Institutionen weitergegeben werden.<\/p>\n<p><strong>Buchung von Beratungsterminen<\/strong><\/p>\n<p>Ich erkl\u00e4re mich damit einverstanden, dass die von mir im Rahmen der Buchung angegebenen Daten von der Technischen Universit\u00e4t M\u00fcnchen gespeichert werden d\u00fcrfen, um mir die Online-Buchung von Beratungsterminen zu erm\u00f6glichen. Zu diesem Zweck d\u00fcrfen die Daten auch an meetergo GmbH weitergegeben werden. Mir ist bewusst, dass ich diese Einwilligung jederzeit mit Wirkung f\u00fcr die Zukunft widerrufen kann.<\/p>\n<p>&nbsp;<\/p>\n<p>Wenn Sie weitere Fragen zum Datenschutz haben, wenden Sie sich bitte an den Datenschutzbeauftragten: support@datenschutz.tum.de.[\/vc_column_text][\/vc_column][\/vc_row]<\/p>\n<\/div>","protected":false},"excerpt":{"rendered":"<p>[vc_row][vc_column][vc_column_text] Datenschutzerkl\u00e4rung Ich bin damit einverstanden, dass meine personenbezogenen Daten von der Technischen Universit\u00e4t M\u00fcnchen (www.tum.de\/impressum) verarbeitet und gespeichert werden. Meine Einwilligung kann ich unbeschadet der Rechtm\u00e4\u00dfigkeit der aufgrund der Einwilligung vorgenommenen Verarbeitung bis zum Widerruf nach Art. 6 Abs. 1 lit. a DSGVO. Nach meinem Widerruf werde ich unverz\u00fcglich aus der Datenbank entfernt. Die E-Mail f\u00fcr den Widerruf lautet info.epe@lll.tum.de. Als technischer Dienstleister setzen wir auf das Leibniz-Rechenzentrum (LRZ) der Bayerischen Akademie der Wissenschaften, Boltzmannstra\u00dfe 1, 85748 Garching. Unter <a target=\"_blank\" class=\"moretag\" href=\"http:\/\/ex.lll.tum.de.devweb.mwn.de\/de\/datenschutzerklaerung\/\">Read More here<\/a><\/p>\n","protected":false},"author":26,"featured_media":0,"parent":0,"menu_order":116,"comment_status":"closed","ping_status":"closed","template":"","meta":[],"acf":[],"yoast_head":"<!-- This site is optimized with the Yoast SEO Premium plugin v19.5 (Yoast SEO v19.10) - https:\/\/yoast.com\/wordpress\/plugins\/seo\/ -->\n<title>Datenschutzerkl\u00e4rung - TUM Executive &amp; Professional Education<\/title>\n<meta name=\"robots\" content=\"noindex, follow\" \/>\n<meta property=\"og:locale\" content=\"de_DE\" \/>\n<meta property=\"og:type\" content=\"article\" \/>\n<meta property=\"og:title\" content=\"Datenschutzerkl\u00e4rung\" \/>\n<meta property=\"og:description\" content=\"[vc_row][vc_column][vc_column_text] Datenschutzerkl\u00e4rung Ich bin damit einverstanden, dass meine personenbezogenen Daten von der Technischen Universit\u00e4t M\u00fcnchen (www.tum.de\/impressum) verarbeitet und gespeichert werden. Meine Einwilligung kann ich unbeschadet der Rechtm\u00e4\u00dfigkeit der aufgrund der Einwilligung vorgenommenen Verarbeitung bis zum Widerruf nach Art. 6 Abs. 1 lit. a DSGVO. Nach meinem Widerruf werde ich unverz\u00fcglich aus der Datenbank entfernt. Die E-Mail f\u00fcr den Widerruf lautet info.epe@lll.tum.de. Als technischer Dienstleister setzen wir auf das Leibniz-Rechenzentrum (LRZ) der Bayerischen Akademie der Wissenschaften, Boltzmannstra\u00dfe 1, 85748 Garching. Unter Read More here\" \/>\n<meta property=\"og:url\" content=\"https:\/\/ex.lll.tum.de.devweb.mwn.de\/de\/datenschutzerklaerung\/\" \/>\n<meta property=\"og:site_name\" content=\"TUM Executive &amp; Professional Education\" \/>\n<meta property=\"article:modified_time\" content=\"2024-01-10T07:29:00+00:00\" \/>\n<meta name=\"twitter:card\" content=\"summary_large_image\" \/>\n<meta name=\"twitter:label1\" content=\"Gesch\u00e4tzte Lesezeit\" \/>\n\t<meta name=\"twitter:data1\" content=\"2\u00a0Minuten\" \/>\n<script type=\"application\/ld+json\" class=\"yoast-schema-graph\">{\"@context\":\"https:\/\/schema.org\",\"@graph\":[{\"@type\":\"WebPage\",\"@id\":\"https:\/\/ex.lll.tum.de.devweb.mwn.de\/de\/datenschutzerklaerung\/\",\"url\":\"https:\/\/ex.lll.tum.de.devweb.mwn.de\/de\/datenschutzerklaerung\/\",\"name\":\"Datenschutzerkl\u00e4rung - TUM Executive &amp; Professional Education\",\"isPartOf\":{\"@id\":\"http:\/\/ex.lll.tum.de.devweb.mwn.de\/de\/#website\"},\"datePublished\":\"2019-08-30T08:56:49+00:00\",\"dateModified\":\"2024-01-10T07:29:00+00:00\",\"breadcrumb\":{\"@id\":\"https:\/\/ex.lll.tum.de.devweb.mwn.de\/de\/datenschutzerklaerung\/#breadcrumb\"},\"inLanguage\":\"de\",\"potentialAction\":[{\"@type\":\"ReadAction\",\"target\":[\"https:\/\/ex.lll.tum.de.devweb.mwn.de\/de\/datenschutzerklaerung\/\"]}]},{\"@type\":\"BreadcrumbList\",\"@id\":\"https:\/\/ex.lll.tum.de.devweb.mwn.de\/de\/datenschutzerklaerung\/#breadcrumb\",\"itemListElement\":[{\"@type\":\"ListItem\",\"position\":1,\"name\":\"Home\",\"item\":\"http:\/\/ex.lll.tum.de.devweb.mwn.de\/de\/\"},{\"@type\":\"ListItem\",\"position\":2,\"name\":\"Datenschutzerkl\u00e4rung\"}]},{\"@type\":\"WebSite\",\"@id\":\"http:\/\/ex.lll.tum.de.devweb.mwn.de\/de\/#website\",\"url\":\"http:\/\/ex.lll.tum.de.devweb.mwn.de\/de\/\",\"name\":\"TUM Executive &amp; Professional Education\",\"description\":\"\",\"potentialAction\":[{\"@type\":\"SearchAction\",\"target\":{\"@type\":\"EntryPoint\",\"urlTemplate\":\"http:\/\/ex.lll.tum.de.devweb.mwn.de\/de\/?s={search_term_string}\"},\"query-input\":\"required name=search_term_string\"}],\"inLanguage\":\"de\"}]}<\/script>\n<!-- \/ Yoast SEO Premium plugin. -->","yoast_head_json":{"title":"Datenschutzerkl\u00e4rung - TUM Executive &amp; Professional Education","robots":{"index":"noindex","follow":"follow"},"og_locale":"de_DE","og_type":"article","og_title":"Datenschutzerkl\u00e4rung","og_description":"[vc_row][vc_column][vc_column_text] Datenschutzerkl\u00e4rung Ich bin damit einverstanden, dass meine personenbezogenen Daten von der Technischen Universit\u00e4t M\u00fcnchen (www.tum.de\/impressum) verarbeitet und gespeichert werden. Meine Einwilligung kann ich unbeschadet der Rechtm\u00e4\u00dfigkeit der aufgrund der Einwilligung vorgenommenen Verarbeitung bis zum Widerruf nach Art. 6 Abs. 1 lit. a DSGVO. Nach meinem Widerruf werde ich unverz\u00fcglich aus der Datenbank entfernt. Die E-Mail f\u00fcr den Widerruf lautet info.epe@lll.tum.de. Als technischer Dienstleister setzen wir auf das Leibniz-Rechenzentrum (LRZ) der Bayerischen Akademie der Wissenschaften, Boltzmannstra\u00dfe 1, 85748 Garching. Unter Read More here","og_url":"https:\/\/ex.lll.tum.de.devweb.mwn.de\/de\/datenschutzerklaerung\/","og_site_name":"TUM Executive &amp; Professional Education","article_modified_time":"2024-01-10T07:29:00+00:00","twitter_card":"summary_large_image","twitter_misc":{"Gesch\u00e4tzte Lesezeit":"2\u00a0Minuten"},"schema":{"@context":"https:\/\/schema.org","@graph":[{"@type":"WebPage","@id":"https:\/\/ex.lll.tum.de.devweb.mwn.de\/de\/datenschutzerklaerung\/","url":"https:\/\/ex.lll.tum.de.devweb.mwn.de\/de\/datenschutzerklaerung\/","name":"Datenschutzerkl\u00e4rung - TUM Executive &amp; Professional Education","isPartOf":{"@id":"http:\/\/ex.lll.tum.de.devweb.mwn.de\/de\/#website"},"datePublished":"2019-08-30T08:56:49+00:00","dateModified":"2024-01-10T07:29:00+00:00","breadcrumb":{"@id":"https:\/\/ex.lll.tum.de.devweb.mwn.de\/de\/datenschutzerklaerung\/#breadcrumb"},"inLanguage":"de","potentialAction":[{"@type":"ReadAction","target":["https:\/\/ex.lll.tum.de.devweb.mwn.de\/de\/datenschutzerklaerung\/"]}]},{"@type":"BreadcrumbList","@id":"https:\/\/ex.lll.tum.de.devweb.mwn.de\/de\/datenschutzerklaerung\/#breadcrumb","itemListElement":[{"@type":"ListItem","position":1,"name":"Home","item":"http:\/\/ex.lll.tum.de.devweb.mwn.de\/de\/"},{"@type":"ListItem","position":2,"name":"Datenschutzerkl\u00e4rung"}]},{"@type":"WebSite","@id":"http:\/\/ex.lll.tum.de.devweb.mwn.de\/de\/#website","url":"http:\/\/ex.lll.tum.de.devweb.mwn.de\/de\/","name":"TUM Executive &amp; Professional Education","description":"","potentialAction":[{"@type":"SearchAction","target":{"@type":"EntryPoint","urlTemplate":"http:\/\/ex.lll.tum.de.devweb.mwn.de\/de\/?s={search_term_string}"},"query-input":"required name=search_term_string"}],"inLanguage":"de"}]}},"_links":{"self":[{"href":"http:\/\/ex.lll.tum.de.devweb.mwn.de\/de\/wp-json\/wp\/v2\/pages\/36078"}],"collection":[{"href":"http:\/\/ex.lll.tum.de.devweb.mwn.de\/de\/wp-json\/wp\/v2\/pages"}],"about":[{"href":"http:\/\/ex.lll.tum.de.devweb.mwn.de\/de\/wp-json\/wp\/v2\/types\/page"}],"author":[{"embeddable":true,"href":"http:\/\/ex.lll.tum.de.devweb.mwn.de\/de\/wp-json\/wp\/v2\/users\/26"}],"replies":[{"embeddable":true,"href":"http:\/\/ex.lll.tum.de.devweb.mwn.de\/de\/wp-json\/wp\/v2\/comments?post=36078"}],"version-history":[{"count":5,"href":"http:\/\/ex.lll.tum.de.devweb.mwn.de\/de\/wp-json\/wp\/v2\/pages\/36078\/revisions"}],"predecessor-version":[{"id":180523,"href":"http:\/\/ex.lll.tum.de.devweb.mwn.de\/de\/wp-json\/wp\/v2\/pages\/36078\/revisions\/180523"}],"wp:attachment":[{"href":"http:\/\/ex.lll.tum.de.devweb.mwn.de\/de\/wp-json\/wp\/v2\/media?parent=36078"}],"curies":[{"name":"wp","href":"https:\/\/api.w.org\/{rel}","templated":true}]}}