{"id":280,"date":"2018-05-29T11:32:51","date_gmt":"2018-05-29T11:32:51","guid":{"rendered":"http:\/\/www.eec.wi.tum.de.devweb.mwn.de\/?page_id=280"},"modified":"2021-02-26T10:29:49","modified_gmt":"2021-02-26T10:29:49","slug":"dev-testpage","status":"publish","type":"page","link":"http:\/\/ex.lll.tum.de.devweb.mwn.de\/de\/dev-testpage\/","title":{"rendered":"DEV Testpage"},"content":{"rendered":"<div class=\"wpb-content-wrapper\"><p>[vc_row][vc_column][vc_empty_space height=&#8221;250px&#8221;][\/vc_column][\/vc_row][vc_row full_width=&#8221;stretch_row&#8221;][vc_column][dhsv_vc_certs_by_cat post_id=&#8221;40&#8243;][\/vc_column][\/vc_row][vc_row full_width=&#8221;stretch_row&#8221;][vc_column width=&#8221;2\/3&#8243;][vc_column_text]<\/p>\n<div class=\"av-special-heading av-special-heading-h2 blockquote modern-quote modern-centered avia-builder-el-29 el_before_av_testimonials avia-builder-el-first \">\n<h2 class=\"av-special-heading-tag \">Warum die TUM School of Management Executive Education<\/h2>\n<\/div>\n<div class=\"avia-testimonial-wrapper avia-slider-testimonials avia-slider-2-testimonials avia_animate_when_almost_visible av-large-testimonial-slider avia_start_animation\" data-autoplay=\"1\" data-interval=\"10\" data-animation=\"fade\" data-hoverpause=\"1\">\n<section class=\"avia-testimonial-row\">\n<div class=\"avia-testimonial av_one_half flex_column no_margin avia-testimonial-row-1 avia_start_animation active-slide\">\n<div class=\"avia-testimonial_inner\">\n<div class=\"avia-testimonial-content \">\n<p>Wir sind weltweit attraktiv f\u00fcr TOP-F\u00fchrungskr\u00e4fte und werden durch ein hochkar\u00e4tig besetztes Executive Education Board begleitet.<\/p>\n<\/div>\n<\/div>\n<\/div>\n<\/section>\n<\/div>\n<p>[\/vc_column_text][\/vc_column][vc_column width=&#8221;1\/3&#8243;][dhsv_vc_button link=&#8221;url:%23|title:Modaltest!||&#8221; modal_act=&#8221;yes&#8221; modal_shortcode=&#8221;`{`gravityform id=1 title=false description=false ajax=true tabindex=49`}`&#8221; modal_title=&#8221;Mehr Informationen Anfordern&#8221;][\/vc_column][\/vc_row][vc_row][vc_column][dhsv_vc_certs_circle][\/vc_column][\/vc_row][vc_row][vc_column][vc_tta_tabs style=&#8221;outline&#8221; dhsv_type=&#8221;contenttabs&#8221;][vc_tta_section title=&#8221;Aufbau \/ Module&#8221; tab_id=&#8221;aufbau-module&#8221;][dhsv_vc_details_certs_dates_generated contentlines=&#8221;%5B%7B%7D%5D&#8221; certcategory=&#8221;40&#8243;][\/vc_tta_section][vc_tta_section title=&#8221;Termine &amp; Zertifikate&#8221; tab_id=&#8221;termine-certs&#8221;][vc_column_text]Lorem ipsum dolor sit amet, consetetur sadipscing elitr, sed diam nonumy eirmod tempor invidunt ut labore et dolore magna aliquyam erat, sed diam voluptua. At vero eos et accusam et justo duo dolores et ea rebum. Stet clita kasd gubergren, no sea takimata sanctus est Lorem ipsum dolor sit amet. Lorem ipsum dolor sit amet, consetetur sadipscing elitr, sed diam nonumy eirmod tempor invidunt ut labore et dolore magna aliquyam erat, sed diam voluptua. At vero eos et accusam et justo duo dolores et ea rebum. Stet clita kasd gubergren, no sea takimata sanctus est Lorem ipsum dolor sit amet.[\/vc_column_text][dhsv_vc_details_certs_dates contentlines=&#8221;%5B%7B%7D%5D&#8221;][\/vc_tta_section][\/vc_tta_tabs][\/vc_column][\/vc_row][vc_row][vc_column width=&#8221;1\/12&#8243; offset=&#8221;vc_hidden-sm vc_hidden-xs&#8221;][\/vc_column][vc_column offset=&#8221;vc_col-lg-10 vc_col-md-10 vc_col-xs-12&#8243;][dhsv_vc_program bgimage=&#8221;5&#8243; link=&#8221;url:%23|||&#8221;]<\/p>\n<h3>Executive MBAs<\/h3>\n<p>Berufsbegleitende MBA Programme f\u00fcr F\u00fchrungskr\u00e4fte und Gr\u00fcnder.<br \/>\nIm Fokus: <a href=\"#\">Excecutive MBA in Business &amp; IT<\/a>[\/dhsv_vc_program][\/vc_column][vc_column width=&#8221;1\/12&#8243; offset=&#8221;vc_hidden-sm vc_hidden-xs&#8221;][\/vc_column][\/vc_row][vc_row dhsv_background_color=&#8221;bg_brand-primary&#8221;][vc_column width=&#8221;1\/2&#8243;][dhsv_vc_headline headline=&#8221;Absolute Values&#8221;][vc_row_inner][vc_column_inner][vc_empty_space][vc_column_text]I am Brand Primary Background![\/vc_column_text][vc_empty_space][\/vc_column_inner][\/vc_row_inner][\/vc_column][vc_column width=&#8221;1\/2&#8243;][\/vc_column][\/vc_row][vc_row dhsv_background_color=&#8221;bg_brand-primary-l80&#8243;][vc_column][vc_row_inner][vc_column_inner][vc_empty_space][vc_column_text]I am Brand Primary Background (@80%)![\/vc_column_text][vc_empty_space][\/vc_column_inner][\/vc_row_inner][\/vc_column][\/vc_row][vc_row dhsv_background_color=&#8221;bg_brand-primary-l50&#8243;][vc_column][vc_row_inner][vc_column_inner][vc_empty_space][vc_column_text]I am Brand Primary Background (@50%)![\/vc_column_text][vc_empty_space][\/vc_column_inner][\/vc_row_inner][\/vc_column][\/vc_row][vc_row dhsv_background_color=&#8221;bg_brand-primary-l20&#8243;][vc_column][vc_row_inner][vc_column_inner][vc_empty_space][vc_column_text]I am Brand Primary Background (@20%)![\/vc_column_text][vc_empty_space][\/vc_column_inner][\/vc_row_inner][\/vc_column][\/vc_row][vc_row equal_height=&#8221;yes&#8221;][vc_column width=&#8221;1\/12&#8243; el_class=&#8221;hidden-xs hidden-sm&#8221; offset=&#8221;vc_hidden-sm vc_hidden-xs&#8221;][\/vc_column][vc_column width=&#8221;5\/12&#8243;][vc_column_text]<\/p>\n<h3>Excecutive MBAs<\/h3>\n<p>Berufsbegleitende MBA Programme f\u00fcr F\u00fchrungskr\u00e4fte und Gr\u00fcnder.<br \/>\nIm Fokus:\u00a0<a href=\"#\">Excecutive MBA in Business &amp; IT<\/a>[\/vc_column_text][\/vc_column][vc_column width=&#8221;5\/12&#8243;][dhsv_vc_single_image image=&#8221;5&#8243;][\/vc_column][vc_column width=&#8221;1\/12&#8243; el_class=&#8221;hidden-xs hidden-sm&#8221;][\/vc_column][\/vc_row][vc_row][vc_column width=&#8221;1\/3&#8243;][dhsv_vc_event_widget eventsheadline=&#8221;Eventwidget Headline&#8221; eventcategory=&#8221;13&#8243;][\/vc_column][vc_column width=&#8221;1\/3&#8243;][\/vc_column][vc_column width=&#8221;1\/3&#8243;][\/vc_column][\/vc_row][vc_row][vc_column width=&#8221;1\/2&#8243;][dhsv_vc_details_course_of_studies contentlines=&#8221;%5B%7B%22headline%22%3A%22Programm%22%2C%22description%22%3A%22Executive%20MBA%20in%20Business%20%26%20IT%22%7D%2C%7B%22headline%22%3A%22Abschluss%22%2C%22description%22%3A%22Master%20of%20Business%20Administration%20(MBA)%20von%20der%20TU%20M%C3%BCnchen%22%7D%2C%7B%22headline%22%3A%22Lorem%20ipsum%22%2C%22description%22%3A%22Lorem%20ipsum%20dolor%20sit%20amet%2C%20consetetur%20sadipscing%20elitr%2C%20sed%20diam%20nonumy%20eirmod%20tempor%20invidunt%20ut%20labore%20et%20dolore%20magna%20aliquyam%20erat%2C%20sed%20diam%20voluptua.%20At%20vero%20eos%20et%20accusam%20et%20justo%20duo%20dolores%20et%20ea%20rebum.%20Stet%20clita%20kasd%20gubergren%2C%20no%20sea%20takimata%20sanctus%20est%20Lorem%20ipsum%20dolor%20sit%20amet.%20Lorem%20ipsum%20dolor%20sit%20amet%2C%20consetetur%20sadipscing%20elitr%2C%20sed%20diam%20nonumy%20eirmod%20tempor%20invidunt%20ut%20labore%20et%20dolore%20magna%20aliquyam%20erat%2C%20sed%20diam%20voluptua.%20At%20vero%20eos%20et%20accusam%20et%20justo%20duo%20dolores%20et%20ea%20rebum.%20Stet%20clita%20kasd%20gubergren%2C%20no%20sea%20takimata%20sanctus%20est%20Lorem%20ipsum%20dolor%20sit%20amet.%22%7D%5D&#8221;][\/vc_column][vc_column width=&#8221;1\/2&#8243;][dhsv_vc_details_course_of_studies contentlines=&#8221;%5B%7B%22headline%22%3A%22Programm%22%2C%22description%22%3A%22Executive%20MBA%20in%20Business%20%26%20IT%22%7D%2C%7B%22headline%22%3A%22Abschluss%22%2C%22description%22%3A%22Master%20of%20Business%20Administration%20(MBA)%20von%20der%20TU%20M%C3%BCnchen%22%7D%2C%7B%22headline%22%3A%22Lorem%20ipsum%22%2C%22description%22%3A%22Lorem%20ipsum%20dolor%20sit%20amet%2C%20consetetur%20sadipscing%20elitr%2C%20sed%20diam%20nonumy%20eirmod%20tempor%20invidunt%20ut%20labore%20et%20dolore%20magna%20aliquyam%20erat%2C%20sed%20diam%20voluptua.%20At%20vero%20eos%20et%20accusam%20et%20justo%20duo%20dolores%20et%20ea%20rebum.%20Stet%20clita%20kasd%20gubergren%2C%20no%20sea%20takimata%20sanctus%20est%20Lorem%20ipsum%20dolor%20sit%20amet.%20Lorem%20ipsum%20dolor%20sit%20amet%2C%20consetetur%20sadipscing%20elitr%2C%20sed%20diam%20nonumy%20eirmod%20tempor%20invidunt%20ut%20labore%20et%20dolore%20magna%20aliquyam%20erat%2C%20sed%20diam%20voluptua.%20At%20vero%20eos%20et%20accusam%20et%20justo%20duo%20dolores%20et%20ea%20rebum.%20Stet%20clita%20kasd%20gubergren%2C%20no%20sea%20takimata%20sanctus%20est%20Lorem%20ipsum%20dolor%20sit%20amet.%22%7D%5D&#8221;][\/vc_column][\/vc_row][vc_row][vc_column]    <!-- googlemap script wird nun \u00fcber borlabs opt in geladen -->\n    <!--  <script src=\"https:\/\/maps.googleapis.com\/maps\/api\/js?key=AIzaSyC8Va3_C6DOuy8EnB3BISn14QTB232YaS8\" type=\"text\/javascript\"><\/script> -->\n    <script>\/\/ initialize Custom Google Maps\n      jQuery( window ).ready( function () {\n        function initialize() {\n          var myLatlng = new google.maps.LatLng(49.868527,8.927292);\n          var locations = [['360vier',49.868527,8.927292, 1],['Bahnhof',49.864989,8.924486, 1],['Krone',49.868171,8.929176, 1]];\n          var mapOptions = {\n            zoom:  16,\n            scrollwheel: false,\n            draggable: true,\n            center: myLatlng,\n            mapTypeControl:  false,\n            mapTypeControlOptions: {\n              style: google.maps.MapTypeControlStyle.HORIZONTAL_BAR,\n              position: google.maps.ControlPosition.BOTTOM_CENTER\n            },\n            panControl:  false,\n            panControlOptions: {\n              position: google.maps.ControlPosition.TOP_RIGHT\n            },\n            zoomControl:  true,\n            zoomControlOptions: {\n              style: google.maps.ZoomControlStyle.SMALL,\n              position: google.maps.ControlPosition.LEFT_CENTER\n            },\n            scaleControl: false,\n            streetViewControl: false,\n            streetViewControlOptions: {\n              position: google.maps.ControlPosition.RIGHT_CENTER\n            },\n            styles: [ {\n              \"featureType\": \"water\",\n              \"elementType\": \"geometry\",\n              \"stylers\": [ { \"color\": \"#e9e9e9\" }, { \"lightness\": 17 } ]\n            }, {\n              \"featureType\": \"landscape\",\n              \"elementType\": \"geometry\",\n              \"stylers\": [ { \"color\": \"#f5f5f5\" }, { \"lightness\": 20 } ]\n            }, {\n              \"featureType\": \"road.highway\",\n              \"elementType\": \"geometry.fill\",\n              \"stylers\": [ { \"color\": \"#ffffff\" }, { \"lightness\": 17 } ]\n            }, {\n              \"featureType\": \"road.highway\",\n              \"elementType\": \"geometry.stroke\",\n              \"stylers\": [ { \"color\": \"#ffffff\" }, { \"lightness\": 29 }, { \"weight\": 0.2 } ]\n            }, {\n              \"featureType\": \"road.arterial\",\n              \"elementType\": \"geometry\",\n              \"stylers\": [ { \"color\": \"#ffffff\" }, { \"lightness\": 18 } ]\n            }, {\n              \"featureType\": \"road.local\",\n              \"elementType\": \"geometry\",\n              \"stylers\": [ { \"color\": \"#ffffff\" }, { \"lightness\": 16 } ]\n            }, {\n              \"featureType\": \"poi\",\n              \"elementType\": \"geometry\",\n              \"stylers\": [ { \"color\": \"#f5f5f5\" }, { \"lightness\": 21 } ]\n            }, {\n              \"featureType\": \"poi.park\",\n              \"elementType\": \"geometry\",\n              \"stylers\": [ { \"color\": \"#dedede\" }, { \"lightness\": 21 } ]\n            }, {\n              \"elementType\": \"labels.text.stroke\",\n              \"stylers\": [ { \"visibility\": \"on\" }, { \"color\": \"#ffffff\" }, { \"lightness\": 16 } ]\n            }, {\n              \"elementType\": \"labels.text.fill\",\n              \"stylers\": [ { \"saturation\": 36 }, { \"color\": \"#333333\" }, { \"lightness\": 40 } ]\n            }, {\n              \"elementType\": \"labels.icon\",\n              \"stylers\": [ { \"visibility\": \"off\" } ]\n            }, {\n              \"featureType\": \"transit\",\n              \"elementType\": \"geometry\",\n              \"stylers\": [ { \"color\": \"#f2f2f2\" }, { \"lightness\": 19 } ]\n            }, {\n              \"featureType\": \"administrative\",\n              \"elementType\": \"geometry.fill\",\n              \"stylers\": [ { \"color\": \"#fefefe\" }, { \"lightness\": 20 } ]\n            }, {\n              \"featureType\": \"administrative\",\n              \"elementType\": \"geometry.stroke\",\n              \"stylers\": [ { \"color\": \"#fefefe\" }, { \"lightness\": 17 }, { \"weight\": 1.2 } ]\n            } ]\n          };\n          var map = new google.maps.Map( document.getElementById( 'map-canvas-437cf3fd7803e96b8bca59301fd81f9a' ),\n            mapOptions );\n\n          var image = '';\n\n          var infowindow = new google.maps.InfoWindow();\n\n          var marker, i;\n\n          for ( i = 0; i < locations.length; i++ ) {\n            marker = new google.maps.Marker( {\n              position: new google.maps.LatLng( locations[ i ][ 1 ], locations[ i ][ 2 ] ),\n              map: map,\n              icon: image\n            } );\n            google.maps.event.addListener( marker, 'click', (function ( marker, i ) {\n              return function () {\n                infowindow.setContent( locations[ i ][ 0 ] );\n                infowindow.open( map, marker );\n                map.setZoom( 15 );\n                map.setCenter( marker.getPosition() );\n                google.maps.event.addListener( infowindow, 'closeclick', function () {\n                  map.setZoom(16);\n                  map.setCenter( new google.maps.LatLng(49.868527,8.927292) );\n                } );\n              }\n            })( marker, i ) );\n          }\n        }\n\n        var timeOut = undefined\n\n        var googleMapsAllowed =\n          typeof window.BorlabsCookie === 'object' &&\n          window.BorlabsCookie.checkCookieConsent('googlemaps') &&\n          !\/Chrome-Lighthouse\/.test(navigator.userAgent) \/\/ don't render map in lighthouse test\n        if (googleMapsAllowed !== undefined) {\n          if (googleMapsAllowed) {\n            clearTimeout(timeOut)\n            google.maps.event.addDomListener( window, 'load', initialize );\n          } else {\n            timeOut = setTimeout(initialize, 1000)\n          }\n        }\n\n        console.log('googleMapsAllowed:'+googleMapsAllowed);\n\n      } );\n    <\/script>\n\n    <div class=\"dhsv_vc_google_maps_multi\" id=\"map-canvas-437cf3fd7803e96b8bca59301fd81f9a\"\n         style=\"height:400px;\">\n        <div class=\"cookienotice\" style=\"text-align: center\">\n            <p style=\"font-size: 16px\">Stimmen Sie den Google Maps Cookies zu, um Google Maps zu laden.<\/p>\n            <a href=\"#\" class=\"borlabs-cookie-preference btn btn-primary\">\n                 zu den Cookie Einstellungen            <\/a>\n            <p style=\"font-size: 16px\">Laden Sie danach die Seite neu.<\/p>\n        <\/div>\n    <\/div>\n\n    [\/vc_column][\/vc_row][vc_row el_id=&#8221;buttoncheck&#8221;][vc_column width=&#8221;1\/4&#8243;][dhsv_vc_box title=&#8221;Textbox for linking&#8221; art=&#8221;linkbox&#8221; link=&#8221;url:https%3A%2F%2Fwww.lll.tum.de%2Fcertificate%2Fcertified-private-equity-analyst-cpea-tum%2F|||&#8221; icon=&#8221;16151&#8243; schema=&#8221;solid&#8221; background=&#8221;gray&#8221;]Ba bla bla[\/dhsv_vc_box][\/vc_column][vc_column width=&#8221;1\/4&#8243;][\/vc_column][vc_column width=&#8221;1\/4&#8243;][\/vc_column][vc_column width=&#8221;1\/4&#8243;][\/vc_column][\/vc_row]<\/p>\n<\/div>","protected":false},"excerpt":{"rendered":"<p>[vc_row][vc_column][vc_empty_space height=&#8221;250px&#8221;][\/vc_column][\/vc_row][vc_row full_width=&#8221;stretch_row&#8221;][vc_column][dhsv_vc_certs_by_cat post_id=&#8221;40&#8243;][\/vc_column][\/vc_row][vc_row full_width=&#8221;stretch_row&#8221;][vc_column width=&#8221;2\/3&#8243;][vc_column_text] Warum die TUM School of Management Executive Education Wir sind weltweit attraktiv f\u00fcr TOP-F\u00fchrungskr\u00e4fte und werden durch ein hochkar\u00e4tig besetztes Executive Education Board begleitet. [\/vc_column_text][\/vc_column][vc_column width=&#8221;1\/3&#8243;][dhsv_vc_button link=&#8221;url:%23|title:Modaltest!||&#8221; modal_act=&#8221;yes&#8221; modal_shortcode=&#8221;`{`gravityform id=1 title=false description=false ajax=true tabindex=49`}`&#8221; modal_title=&#8221;Mehr Informationen Anfordern&#8221;][\/vc_column][\/vc_row][vc_row][vc_column][dhsv_vc_certs_circle][\/vc_column][\/vc_row][vc_row][vc_column][vc_tta_tabs style=&#8221;outline&#8221; dhsv_type=&#8221;contenttabs&#8221;][vc_tta_section title=&#8221;Aufbau \/ Module&#8221; tab_id=&#8221;aufbau-module&#8221;][dhsv_vc_details_certs_dates_generated contentlines=&#8221;%5B%7B%7D%5D&#8221; certcategory=&#8221;40&#8243;][\/vc_tta_section][vc_tta_section title=&#8221;Termine &amp; Zertifikate&#8221; tab_id=&#8221;termine-certs&#8221;][vc_column_text]Lorem ipsum dolor sit amet, consetetur sadipscing elitr, sed diam nonumy eirmod tempor invidunt ut labore et dolore magna aliquyam erat, sed diam voluptua. At vero <a target=\"_blank\" class=\"moretag\" href=\"http:\/\/ex.lll.tum.de.devweb.mwn.de\/de\/dev-testpage\/\">Read More here<\/a><\/p>\n","protected":false},"author":26,"featured_media":0,"parent":0,"menu_order":138,"comment_status":"closed","ping_status":"closed","template":"","meta":[],"acf":[],"yoast_head":"<!-- This site is optimized with the Yoast SEO Premium plugin v19.5 (Yoast SEO v19.10) - https:\/\/yoast.com\/wordpress\/plugins\/seo\/ -->\n<title>DEV Testpage - TUM Executive &amp; Professional Education<\/title>\n<meta name=\"robots\" content=\"noindex, follow, max-snippet:-1, max-image-preview:large, max-video-preview:-1\" \/>\n<meta property=\"og:locale\" content=\"de_DE\" \/>\n<meta property=\"og:type\" content=\"article\" \/>\n<meta property=\"og:title\" content=\"DEV Testpage\" \/>\n<meta property=\"og:description\" content=\"[vc_row][vc_column][vc_empty_space height=&#8221;250px&#8221;][\/vc_column][\/vc_row][vc_row full_width=&#8221;stretch_row&#8221;][vc_column][dhsv_vc_certs_by_cat post_id=&#8221;40&#8243;][\/vc_column][\/vc_row][vc_row full_width=&#8221;stretch_row&#8221;][vc_column width=&#8221;2\/3&#8243;][vc_column_text] Warum die TUM School of Management Executive Education Wir sind weltweit attraktiv f\u00fcr TOP-F\u00fchrungskr\u00e4fte und werden durch ein hochkar\u00e4tig besetztes Executive Education Board begleitet. [\/vc_column_text][\/vc_column][vc_column width=&#8221;1\/3&#8243;][dhsv_vc_button link=&#8221;url:%23|title:Modaltest!||&#8221; modal_act=&#8221;yes&#8221; modal_shortcode=&#8221;`{`gravityform id=1 title=false description=false ajax=true tabindex=49`}`&#8221; modal_title=&#8221;Mehr Informationen Anfordern&#8221;][\/vc_column][\/vc_row][vc_row][vc_column][dhsv_vc_certs_circle][\/vc_column][\/vc_row][vc_row][vc_column][vc_tta_tabs style=&#8221;outline&#8221; dhsv_type=&#8221;contenttabs&#8221;][vc_tta_section title=&#8221;Aufbau \/ Module&#8221; tab_id=&#8221;aufbau-module&#8221;][dhsv_vc_details_certs_dates_generated contentlines=&#8221;%5B%7B%7D%5D&#8221; certcategory=&#8221;40&#8243;][\/vc_tta_section][vc_tta_section title=&#8221;Termine &amp; Zertifikate&#8221; tab_id=&#8221;termine-certs&#8221;][vc_column_text]Lorem ipsum dolor sit amet, consetetur sadipscing elitr, sed diam nonumy eirmod tempor invidunt ut labore et dolore magna aliquyam erat, sed diam voluptua. At vero Read More here\" \/>\n<meta property=\"og:url\" content=\"https:\/\/ex.lll.tum.de.devweb.mwn.de\/de\/dev-testpage\/\" \/>\n<meta property=\"og:site_name\" content=\"TUM Executive &amp; Professional Education\" \/>\n<meta property=\"article:modified_time\" content=\"2021-02-26T10:29:49+00:00\" \/>\n<meta name=\"twitter:card\" content=\"summary_large_image\" \/>\n<meta name=\"twitter:label1\" content=\"Gesch\u00e4tzte Lesezeit\" \/>\n\t<meta name=\"twitter:data1\" content=\"2\u00a0Minuten\" \/>\n<script type=\"application\/ld+json\" class=\"yoast-schema-graph\">{\"@context\":\"https:\/\/schema.org\",\"@graph\":[{\"@type\":\"WebPage\",\"@id\":\"https:\/\/ex.lll.tum.de.devweb.mwn.de\/de\/dev-testpage\/\",\"url\":\"https:\/\/ex.lll.tum.de.devweb.mwn.de\/de\/dev-testpage\/\",\"name\":\"DEV Testpage - TUM Executive &amp; Professional Education\",\"isPartOf\":{\"@id\":\"http:\/\/ex.lll.tum.de.devweb.mwn.de\/de\/#website\"},\"datePublished\":\"2018-05-29T11:32:51+00:00\",\"dateModified\":\"2021-02-26T10:29:49+00:00\",\"breadcrumb\":{\"@id\":\"https:\/\/ex.lll.tum.de.devweb.mwn.de\/de\/dev-testpage\/#breadcrumb\"},\"inLanguage\":\"de\",\"potentialAction\":[{\"@type\":\"ReadAction\",\"target\":[\"https:\/\/ex.lll.tum.de.devweb.mwn.de\/de\/dev-testpage\/\"]}]},{\"@type\":\"BreadcrumbList\",\"@id\":\"https:\/\/ex.lll.tum.de.devweb.mwn.de\/de\/dev-testpage\/#breadcrumb\",\"itemListElement\":[{\"@type\":\"ListItem\",\"position\":1,\"name\":\"Home\",\"item\":\"http:\/\/ex.lll.tum.de.devweb.mwn.de\/de\/\"},{\"@type\":\"ListItem\",\"position\":2,\"name\":\"DEV Testpage\"}]},{\"@type\":\"WebSite\",\"@id\":\"http:\/\/ex.lll.tum.de.devweb.mwn.de\/de\/#website\",\"url\":\"http:\/\/ex.lll.tum.de.devweb.mwn.de\/de\/\",\"name\":\"TUM Executive &amp; Professional Education\",\"description\":\"\",\"potentialAction\":[{\"@type\":\"SearchAction\",\"target\":{\"@type\":\"EntryPoint\",\"urlTemplate\":\"http:\/\/ex.lll.tum.de.devweb.mwn.de\/de\/?s={search_term_string}\"},\"query-input\":\"required name=search_term_string\"}],\"inLanguage\":\"de\"}]}<\/script>\n<!-- \/ Yoast SEO Premium plugin. -->","yoast_head_json":{"title":"DEV Testpage - TUM Executive &amp; Professional Education","robots":{"index":"noindex","follow":"follow","max-snippet":"max-snippet:-1","max-image-preview":"max-image-preview:large","max-video-preview":"max-video-preview:-1"},"og_locale":"de_DE","og_type":"article","og_title":"DEV Testpage","og_description":"[vc_row][vc_column][vc_empty_space height=&#8221;250px&#8221;][\/vc_column][\/vc_row][vc_row full_width=&#8221;stretch_row&#8221;][vc_column][dhsv_vc_certs_by_cat post_id=&#8221;40&#8243;][\/vc_column][\/vc_row][vc_row full_width=&#8221;stretch_row&#8221;][vc_column width=&#8221;2\/3&#8243;][vc_column_text] Warum die TUM School of Management Executive Education Wir sind weltweit attraktiv f\u00fcr TOP-F\u00fchrungskr\u00e4fte und werden durch ein hochkar\u00e4tig besetztes Executive Education Board begleitet. [\/vc_column_text][\/vc_column][vc_column width=&#8221;1\/3&#8243;][dhsv_vc_button link=&#8221;url:%23|title:Modaltest!||&#8221; modal_act=&#8221;yes&#8221; modal_shortcode=&#8221;`{`gravityform id=1 title=false description=false ajax=true tabindex=49`}`&#8221; modal_title=&#8221;Mehr Informationen Anfordern&#8221;][\/vc_column][\/vc_row][vc_row][vc_column][dhsv_vc_certs_circle][\/vc_column][\/vc_row][vc_row][vc_column][vc_tta_tabs style=&#8221;outline&#8221; dhsv_type=&#8221;contenttabs&#8221;][vc_tta_section title=&#8221;Aufbau \/ Module&#8221; tab_id=&#8221;aufbau-module&#8221;][dhsv_vc_details_certs_dates_generated contentlines=&#8221;%5B%7B%7D%5D&#8221; certcategory=&#8221;40&#8243;][\/vc_tta_section][vc_tta_section title=&#8221;Termine &amp; Zertifikate&#8221; tab_id=&#8221;termine-certs&#8221;][vc_column_text]Lorem ipsum dolor sit amet, consetetur sadipscing elitr, sed diam nonumy eirmod tempor invidunt ut labore et dolore magna aliquyam erat, sed diam voluptua. At vero Read More here","og_url":"https:\/\/ex.lll.tum.de.devweb.mwn.de\/de\/dev-testpage\/","og_site_name":"TUM Executive &amp; Professional Education","article_modified_time":"2021-02-26T10:29:49+00:00","twitter_card":"summary_large_image","twitter_misc":{"Gesch\u00e4tzte Lesezeit":"2\u00a0Minuten"},"schema":{"@context":"https:\/\/schema.org","@graph":[{"@type":"WebPage","@id":"https:\/\/ex.lll.tum.de.devweb.mwn.de\/de\/dev-testpage\/","url":"https:\/\/ex.lll.tum.de.devweb.mwn.de\/de\/dev-testpage\/","name":"DEV Testpage - TUM Executive &amp; Professional Education","isPartOf":{"@id":"http:\/\/ex.lll.tum.de.devweb.mwn.de\/de\/#website"},"datePublished":"2018-05-29T11:32:51+00:00","dateModified":"2021-02-26T10:29:49+00:00","breadcrumb":{"@id":"https:\/\/ex.lll.tum.de.devweb.mwn.de\/de\/dev-testpage\/#breadcrumb"},"inLanguage":"de","potentialAction":[{"@type":"ReadAction","target":["https:\/\/ex.lll.tum.de.devweb.mwn.de\/de\/dev-testpage\/"]}]},{"@type":"BreadcrumbList","@id":"https:\/\/ex.lll.tum.de.devweb.mwn.de\/de\/dev-testpage\/#breadcrumb","itemListElement":[{"@type":"ListItem","position":1,"name":"Home","item":"http:\/\/ex.lll.tum.de.devweb.mwn.de\/de\/"},{"@type":"ListItem","position":2,"name":"DEV Testpage"}]},{"@type":"WebSite","@id":"http:\/\/ex.lll.tum.de.devweb.mwn.de\/de\/#website","url":"http:\/\/ex.lll.tum.de.devweb.mwn.de\/de\/","name":"TUM Executive &amp; Professional Education","description":"","potentialAction":[{"@type":"SearchAction","target":{"@type":"EntryPoint","urlTemplate":"http:\/\/ex.lll.tum.de.devweb.mwn.de\/de\/?s={search_term_string}"},"query-input":"required name=search_term_string"}],"inLanguage":"de"}]}},"_links":{"self":[{"href":"http:\/\/ex.lll.tum.de.devweb.mwn.de\/de\/wp-json\/wp\/v2\/pages\/280"}],"collection":[{"href":"http:\/\/ex.lll.tum.de.devweb.mwn.de\/de\/wp-json\/wp\/v2\/pages"}],"about":[{"href":"http:\/\/ex.lll.tum.de.devweb.mwn.de\/de\/wp-json\/wp\/v2\/types\/page"}],"author":[{"embeddable":true,"href":"http:\/\/ex.lll.tum.de.devweb.mwn.de\/de\/wp-json\/wp\/v2\/users\/26"}],"replies":[{"embeddable":true,"href":"http:\/\/ex.lll.tum.de.devweb.mwn.de\/de\/wp-json\/wp\/v2\/comments?post=280"}],"version-history":[{"count":2,"href":"http:\/\/ex.lll.tum.de.devweb.mwn.de\/de\/wp-json\/wp\/v2\/pages\/280\/revisions"}],"predecessor-version":[{"id":122444,"href":"http:\/\/ex.lll.tum.de.devweb.mwn.de\/de\/wp-json\/wp\/v2\/pages\/280\/revisions\/122444"}],"wp:attachment":[{"href":"http:\/\/ex.lll.tum.de.devweb.mwn.de\/de\/wp-json\/wp\/v2\/media?parent=280"}],"curies":[{"name":"wp","href":"https:\/\/api.w.org\/{rel}","templated":true}]}}