{"id":24484,"date":"2018-06-06T13:39:34","date_gmt":"2018-06-06T13:39:34","guid":{"rendered":"http:\/\/www.eec.wi.tum.de.devweb.mwn.de\/?page_id=24484"},"modified":"2018-06-28T09:15:48","modified_gmt":"2018-06-28T09:15:48","slug":"informationsveranstaltungen-executive-mba","status":"publish","type":"page","link":"http:\/\/ex.lll.tum.de.devweb.mwn.de\/de\/informationsveranstaltungen-executive-mba\/","title":{"rendered":"Informationsveranstaltungen Executive MBA"},"content":{"rendered":"<div class=\"wpb-content-wrapper\"><p>[vc_row full_width=&#8221;stretch_row_content_no_spaces&#8221; dhsv_background_color=&#8221;bg_brand-primary&#8221;][vc_column][dhsv_vc_header bgimage=&#8221;24440&#8243; art=&#8221;grafik&#8221; height=&#8221;small&#8221; headline=&#8221;Informationsveranstaltungen Executive MBA&#8221;][\/vc_column][\/vc_row][vc_row][vc_column][vc_empty_space height=&#8221;50px&#8221;][vc_column_text]Um sich \u00fcber unsere Executive MBA Programme zu informieren, laden wir Sie herzlich zu unseren regelm\u00e4\u00dfigen Informationsveranstaltungen ein. Besuchen Sie unsere Executive MBA-Days um sich vor Ort einen Eindruck von den Seminarr\u00e4umen zu machen und unser Program Management Team kennen zu lernen. Oft bieten wir Ihnen hier zudem die M\u00f6glichkeit, an einer Schnuppervorlesung mit einem Dozenten aus dem Programm teilzunehmen. Im Anschluss bleibt selbstverst\u00e4ndlich noch Zeit f\u00fcr Ihre individuellen Fragen.<\/p>\n<p>Sollten Sie nicht zu einer Veranstaltung nach M\u00fcnchen kommen k\u00f6nnen oder ein Vor-Ort-Termin einfach nicht passen, bieten wir au\u00dferdem Webinare an. Melden Sie an und nehmen Sie an einem Ort Ihrer Wahl per Computer oder mobilem Endger\u00e4t teil. Auch hier besteht die M\u00f6glichkeit, Fragen \u00fcber die Chatfunktion zu stellen.<\/p>\n<p>Sie bevorzugen einen individuellen Termin per Telefon, Skype oder vor Ort?\u00a0<a href=\"https:\/\/lll.tum.de\/executive-mbas\/uebersicht-informationsveranstaltungen\/_wp_link_placeholder\">Dann schreiben Sie uns gerne!<\/a><\/p>\n<p>Wir freuen uns darauf, Sie kennenzulernen![\/vc_column_text][\/vc_column][\/vc_row][vc_row][vc_column width=&#8221;1\/3&#8243;][vc_column_text]<\/p>\n<p class=\"av-special-heading-tag  h2\">Executive MBA<\/p>\n<p>[\/vc_column_text][dhsv_vc_event_widget eventcategory=&#8221;161&#8243;][\/vc_column][vc_column width=&#8221;1\/3&#8243;][vc_column_text]<\/p>\n<p class=\"av-special-heading-tag h2\">Executive MBA in Business &amp; IT<\/p>\n<p>[\/vc_column_text][dhsv_vc_event_widget eventcategory=&#8221;162&#8243;][\/vc_column][vc_column width=&#8221;1\/3&#8243;][\/vc_column][\/vc_row]<\/p>\n<\/div>","protected":false},"excerpt":{"rendered":"<p>[vc_row full_width=&#8221;stretch_row_content_no_spaces&#8221; dhsv_background_color=&#8221;bg_brand-primary&#8221;][vc_column][dhsv_vc_header bgimage=&#8221;24440&#8243; art=&#8221;grafik&#8221; height=&#8221;small&#8221; headline=&#8221;Informationsveranstaltungen Executive MBA&#8221;][\/vc_column][\/vc_row][vc_row][vc_column][vc_empty_space height=&#8221;50px&#8221;][vc_column_text]Um sich \u00fcber unsere Executive MBA Programme zu informieren, laden wir Sie herzlich zu unseren regelm\u00e4\u00dfigen Informationsveranstaltungen ein. Besuchen Sie unsere Executive MBA-Days um sich vor Ort einen Eindruck von den Seminarr\u00e4umen zu machen und unser Program Management Team kennen zu lernen. Oft bieten wir Ihnen hier zudem die M\u00f6glichkeit, an einer Schnuppervorlesung mit einem Dozenten aus dem Programm teilzunehmen. Im Anschluss bleibt selbstverst\u00e4ndlich noch Zeit f\u00fcr Ihre individuellen Fragen. Sollten <a target=\"_blank\" class=\"moretag\" href=\"http:\/\/ex.lll.tum.de.devweb.mwn.de\/de\/informationsveranstaltungen-executive-mba\/\">Read More here<\/a><\/p>\n","protected":false},"author":26,"featured_media":0,"parent":0,"menu_order":114,"comment_status":"closed","ping_status":"closed","template":"","meta":[],"acf":[],"yoast_head":"<!-- This site is optimized with the Yoast SEO Premium plugin v19.5 (Yoast SEO v19.10) - https:\/\/yoast.com\/wordpress\/plugins\/seo\/ -->\n<title>Informationsveranstaltungen Executive MBA - TUM Executive &amp; Professional Education<\/title>\n<meta name=\"robots\" content=\"noindex, follow, max-snippet:-1, max-image-preview:large, max-video-preview:-1\" \/>\n<meta property=\"og:locale\" content=\"de_DE\" \/>\n<meta property=\"og:type\" content=\"article\" \/>\n<meta property=\"og:title\" content=\"Informationsveranstaltungen Executive MBA\" \/>\n<meta property=\"og:description\" content=\"[vc_row full_width=&#8221;stretch_row_content_no_spaces&#8221; dhsv_background_color=&#8221;bg_brand-primary&#8221;][vc_column][dhsv_vc_header bgimage=&#8221;24440&#8243; art=&#8221;grafik&#8221; height=&#8221;small&#8221; headline=&#8221;Informationsveranstaltungen Executive MBA&#8221;][\/vc_column][\/vc_row][vc_row][vc_column][vc_empty_space height=&#8221;50px&#8221;][vc_column_text]Um sich \u00fcber unsere Executive MBA Programme zu informieren, laden wir Sie herzlich zu unseren regelm\u00e4\u00dfigen Informationsveranstaltungen ein. Besuchen Sie unsere Executive MBA-Days um sich vor Ort einen Eindruck von den Seminarr\u00e4umen zu machen und unser Program Management Team kennen zu lernen. Oft bieten wir Ihnen hier zudem die M\u00f6glichkeit, an einer Schnuppervorlesung mit einem Dozenten aus dem Programm teilzunehmen. Im Anschluss bleibt selbstverst\u00e4ndlich noch Zeit f\u00fcr Ihre individuellen Fragen. Sollten Read More here\" \/>\n<meta property=\"og:url\" content=\"https:\/\/ex.lll.tum.de.devweb.mwn.de\/de\/informationsveranstaltungen-executive-mba\/\" \/>\n<meta property=\"og:site_name\" content=\"TUM Executive &amp; Professional Education\" \/>\n<meta property=\"article:modified_time\" content=\"2018-06-28T09:15:48+00:00\" \/>\n<meta name=\"twitter:card\" content=\"summary_large_image\" \/>\n<meta name=\"twitter:label1\" content=\"Gesch\u00e4tzte Lesezeit\" \/>\n\t<meta name=\"twitter:data1\" content=\"1\u00a0Minute\" \/>\n<script type=\"application\/ld+json\" class=\"yoast-schema-graph\">{\"@context\":\"https:\/\/schema.org\",\"@graph\":[{\"@type\":\"WebPage\",\"@id\":\"https:\/\/ex.lll.tum.de.devweb.mwn.de\/de\/informationsveranstaltungen-executive-mba\/\",\"url\":\"https:\/\/ex.lll.tum.de.devweb.mwn.de\/de\/informationsveranstaltungen-executive-mba\/\",\"name\":\"Informationsveranstaltungen Executive MBA - TUM Executive &amp; Professional Education\",\"isPartOf\":{\"@id\":\"http:\/\/ex.lll.tum.de.devweb.mwn.de\/de\/#website\"},\"datePublished\":\"2018-06-06T13:39:34+00:00\",\"dateModified\":\"2018-06-28T09:15:48+00:00\",\"breadcrumb\":{\"@id\":\"https:\/\/ex.lll.tum.de.devweb.mwn.de\/de\/informationsveranstaltungen-executive-mba\/#breadcrumb\"},\"inLanguage\":\"de\",\"potentialAction\":[{\"@type\":\"ReadAction\",\"target\":[\"https:\/\/ex.lll.tum.de.devweb.mwn.de\/de\/informationsveranstaltungen-executive-mba\/\"]}]},{\"@type\":\"BreadcrumbList\",\"@id\":\"https:\/\/ex.lll.tum.de.devweb.mwn.de\/de\/informationsveranstaltungen-executive-mba\/#breadcrumb\",\"itemListElement\":[{\"@type\":\"ListItem\",\"position\":1,\"name\":\"Home\",\"item\":\"http:\/\/ex.lll.tum.de.devweb.mwn.de\/de\/\"},{\"@type\":\"ListItem\",\"position\":2,\"name\":\"Informationsveranstaltungen Executive MBA\"}]},{\"@type\":\"WebSite\",\"@id\":\"http:\/\/ex.lll.tum.de.devweb.mwn.de\/de\/#website\",\"url\":\"http:\/\/ex.lll.tum.de.devweb.mwn.de\/de\/\",\"name\":\"TUM Executive &amp; Professional Education\",\"description\":\"\",\"potentialAction\":[{\"@type\":\"SearchAction\",\"target\":{\"@type\":\"EntryPoint\",\"urlTemplate\":\"http:\/\/ex.lll.tum.de.devweb.mwn.de\/de\/?s={search_term_string}\"},\"query-input\":\"required name=search_term_string\"}],\"inLanguage\":\"de\"}]}<\/script>\n<!-- \/ Yoast SEO Premium plugin. -->","yoast_head_json":{"title":"Informationsveranstaltungen Executive MBA - TUM Executive &amp; Professional Education","robots":{"index":"noindex","follow":"follow","max-snippet":"max-snippet:-1","max-image-preview":"max-image-preview:large","max-video-preview":"max-video-preview:-1"},"og_locale":"de_DE","og_type":"article","og_title":"Informationsveranstaltungen Executive MBA","og_description":"[vc_row full_width=&#8221;stretch_row_content_no_spaces&#8221; dhsv_background_color=&#8221;bg_brand-primary&#8221;][vc_column][dhsv_vc_header bgimage=&#8221;24440&#8243; art=&#8221;grafik&#8221; height=&#8221;small&#8221; headline=&#8221;Informationsveranstaltungen Executive MBA&#8221;][\/vc_column][\/vc_row][vc_row][vc_column][vc_empty_space height=&#8221;50px&#8221;][vc_column_text]Um sich \u00fcber unsere Executive MBA Programme zu informieren, laden wir Sie herzlich zu unseren regelm\u00e4\u00dfigen Informationsveranstaltungen ein. Besuchen Sie unsere Executive MBA-Days um sich vor Ort einen Eindruck von den Seminarr\u00e4umen zu machen und unser Program Management Team kennen zu lernen. Oft bieten wir Ihnen hier zudem die M\u00f6glichkeit, an einer Schnuppervorlesung mit einem Dozenten aus dem Programm teilzunehmen. Im Anschluss bleibt selbstverst\u00e4ndlich noch Zeit f\u00fcr Ihre individuellen Fragen. Sollten Read More here","og_url":"https:\/\/ex.lll.tum.de.devweb.mwn.de\/de\/informationsveranstaltungen-executive-mba\/","og_site_name":"TUM Executive &amp; Professional Education","article_modified_time":"2018-06-28T09:15:48+00:00","twitter_card":"summary_large_image","twitter_misc":{"Gesch\u00e4tzte Lesezeit":"1\u00a0Minute"},"schema":{"@context":"https:\/\/schema.org","@graph":[{"@type":"WebPage","@id":"https:\/\/ex.lll.tum.de.devweb.mwn.de\/de\/informationsveranstaltungen-executive-mba\/","url":"https:\/\/ex.lll.tum.de.devweb.mwn.de\/de\/informationsveranstaltungen-executive-mba\/","name":"Informationsveranstaltungen Executive MBA - TUM Executive &amp; Professional Education","isPartOf":{"@id":"http:\/\/ex.lll.tum.de.devweb.mwn.de\/de\/#website"},"datePublished":"2018-06-06T13:39:34+00:00","dateModified":"2018-06-28T09:15:48+00:00","breadcrumb":{"@id":"https:\/\/ex.lll.tum.de.devweb.mwn.de\/de\/informationsveranstaltungen-executive-mba\/#breadcrumb"},"inLanguage":"de","potentialAction":[{"@type":"ReadAction","target":["https:\/\/ex.lll.tum.de.devweb.mwn.de\/de\/informationsveranstaltungen-executive-mba\/"]}]},{"@type":"BreadcrumbList","@id":"https:\/\/ex.lll.tum.de.devweb.mwn.de\/de\/informationsveranstaltungen-executive-mba\/#breadcrumb","itemListElement":[{"@type":"ListItem","position":1,"name":"Home","item":"http:\/\/ex.lll.tum.de.devweb.mwn.de\/de\/"},{"@type":"ListItem","position":2,"name":"Informationsveranstaltungen Executive MBA"}]},{"@type":"WebSite","@id":"http:\/\/ex.lll.tum.de.devweb.mwn.de\/de\/#website","url":"http:\/\/ex.lll.tum.de.devweb.mwn.de\/de\/","name":"TUM Executive &amp; Professional Education","description":"","potentialAction":[{"@type":"SearchAction","target":{"@type":"EntryPoint","urlTemplate":"http:\/\/ex.lll.tum.de.devweb.mwn.de\/de\/?s={search_term_string}"},"query-input":"required name=search_term_string"}],"inLanguage":"de"}]}},"_links":{"self":[{"href":"http:\/\/ex.lll.tum.de.devweb.mwn.de\/de\/wp-json\/wp\/v2\/pages\/24484"}],"collection":[{"href":"http:\/\/ex.lll.tum.de.devweb.mwn.de\/de\/wp-json\/wp\/v2\/pages"}],"about":[{"href":"http:\/\/ex.lll.tum.de.devweb.mwn.de\/de\/wp-json\/wp\/v2\/types\/page"}],"author":[{"embeddable":true,"href":"http:\/\/ex.lll.tum.de.devweb.mwn.de\/de\/wp-json\/wp\/v2\/users\/26"}],"replies":[{"embeddable":true,"href":"http:\/\/ex.lll.tum.de.devweb.mwn.de\/de\/wp-json\/wp\/v2\/comments?post=24484"}],"version-history":[{"count":1,"href":"http:\/\/ex.lll.tum.de.devweb.mwn.de\/de\/wp-json\/wp\/v2\/pages\/24484\/revisions"}],"predecessor-version":[{"id":176766,"href":"http:\/\/ex.lll.tum.de.devweb.mwn.de\/de\/wp-json\/wp\/v2\/pages\/24484\/revisions\/176766"}],"wp:attachment":[{"href":"http:\/\/ex.lll.tum.de.devweb.mwn.de\/de\/wp-json\/wp\/v2\/media?parent=24484"}],"curies":[{"name":"wp","href":"https:\/\/api.w.org\/{rel}","templated":true}]}}