{"id":24381,"date":"2018-06-06T07:42:19","date_gmt":"2018-06-06T07:42:19","guid":{"rendered":"http:\/\/www.eec.wi.tum.de.devweb.mwn.de\/legal-details\/"},"modified":"2024-01-22T16:27:44","modified_gmt":"2024-01-22T15:27:44","slug":"impressum","status":"publish","type":"page","link":"http:\/\/ex.lll.tum.de.devweb.mwn.de\/de\/impressum\/","title":{"rendered":"Impressum"},"content":{"rendered":"<div class=\"wpb-content-wrapper\"><p>[vc_row full_width=&#8221;stretch_row_content_no_spaces&#8221; dhsv_background_color=&#8221;bg_brand-primary&#8221;][vc_column][dhsv_vc_header bgimage=&#8221;15783&#8243; art=&#8221;grafik_no_overlay&#8221; height=&#8221;small&#8221; headline=&#8221;Impressum&#8221; headline_format=&#8221;h1&#8243;][\/vc_column][\/vc_row][vc_row][vc_column width=&#8221;1\/3&#8243;][vc_column_text]<\/p>\n<h4><strong>Anschrift<\/strong><\/h4>\n<p class=\"bodytext\">Technische Universit\u00e4t M\u00fcnchen<br \/>\nArcisstra\u00dfe 21<br \/>\n80333 M\u00fcnchen<br \/>\nTelefon: +49 (0) 89 289 28474<\/p>\n<p>&nbsp;<\/p>\n<h4><strong>Vertretungsberechtigt<\/strong><\/h4>\n<p class=\"bodytext\">Die Technische Universit\u00e4t M\u00fcnchen ist eine K\u00f6rperschaft des \u00d6ffentlichen Rechts. Sie wird gesetzlich vertreten durch den Pr\u00e4sidenten, Prof. Dr. Thomas F. Hofmann.<\/p>\n<p>&nbsp;<\/p>\n<p class=\"h4\"><strong>Zust\u00e4ndige Aufsichtsbeh\u00f6rde<\/strong><\/p>\n<p class=\"bodytext\">Bayerisches Staatsministerium f\u00fcr Bildung und Kultus, Wissenschaft und Kunst<\/p>\n<p>&nbsp;<\/p>\n<h4><strong>Umsatzsteueridentifikationsnummer<\/strong><\/h4>\n<p class=\"bodytext\">DE811193231<\/p>\n<p>&nbsp;<\/p>\n<h4>Inhaltlich verantwortlich<\/h4>\n<p class=\"bodytext\">Trotz sorgf\u00e4ltiger inhaltlicher Kontrolle \u00fcbernehmen wir keine Haftung f\u00fcr die Inhalte externer Links. F\u00fcr den Inhalt der verlinkten Seiten sind ausschlie\u00dflich deren Betreiber verantwortlich.<\/p>\n<p class=\"bodytext\">Namentlich gekennzeichnete Beitr\u00e4ge in den Diskussionsbereichen geben die Meinung des Autors wieder. F\u00fcr die Inhalte der Beitr\u00e4ge sind ausschlie\u00dflich die Autoren zust\u00e4ndig.<\/p>\n<p>[\/vc_column_text][\/vc_column][vc_column width=&#8221;1\/3&#8243;][vc_column_text]<\/p>\n<h4>Inhaltlich verantwortlich<\/h4>\n<p class=\"bodytext\">Claudia Peus<br \/>\nVice Dean Executive Education<br \/>\nArcisstr. 21<br \/>\n80333 M\u00fcnchen<br \/>\nE-Mail: info.epe@lll.tum.de<\/p>\n<p>[\/vc_column_text][vc_tta_accordion active_section=&#8221;99&#8243;][vc_tta_section title=&#8221;Picture Credits&#8221; tab_id=&#8221;1528270301710-7c92b56f-6f97&#8243;][vc_column_text]<\/p>\n<p class=\"big\">iStock<\/p>\n<ul>\n<li>Squaredpixels_66499315<\/li>\n<li>HRAUN_915947226<\/li>\n<li>PeopleImages_508133492<\/li>\n<li>gorodenkoff_802320836<\/li>\n<li>TommL_841574382<\/li>\n<li>gilaxia_858430316<\/li>\n<li>JohnnyGreig_496442748<\/li>\n<li>simonkr_480342200<\/li>\n<li>jotily_903921448<\/li>\n<li>mediaphotos_902807528<\/li>\n<li>kasto80_639245796<\/li>\n<li>AzmanL_638869708<\/li>\n<li>Yuri_Arcus_51501348<\/li>\n<li>choja_537349564<\/li>\n<li>Ridofranz_842865740<\/li>\n<li>alvarez_638666492<\/li>\n<li class=\"x_MsoListParagraph\">Peter Chernaev_638638182<\/li>\n<li>TommL_607470044<\/li>\n<li>alvarez_638672100<\/li>\n<li>mediaphotos_902807528<\/li>\n<li><span class=\"s1\">FangXiaNuo_<\/span><span class=\"s1\">637914602<\/span><\/li>\n<li><\/li>\n<\/ul>\n<p>[\/vc_column_text][\/vc_tta_section][\/vc_tta_accordion][\/vc_column][vc_column width=&#8221;1\/3&#8243;][vc_column_text]<\/p>\n<h4 class=\"bodytext\">Webdesign and Development<\/h4>\n<p>360VIER GmbH<\/p>\n<p>Wambolt\u2019sches Schloss<br \/>\nCurtigasse 6<br \/>\nD-64823 Gro\u00df-Umstadt<\/p>\n<p>Telefon: +49 (0) 6078 \u2013 394 99 0<br \/>\nMail:\u00a0<a href=\"mailto:info@360vier.de\">info@360vier.de<\/a><br \/>\nWeb:\u00a0<a href=\"http:\/\/www.360vier.de\/\">www.360vier.de<\/a>[\/vc_column_text][\/vc_column][\/vc_row]<\/p>\n<\/div>","protected":false},"excerpt":{"rendered":"<p>[vc_row full_width=&#8221;stretch_row_content_no_spaces&#8221; dhsv_background_color=&#8221;bg_brand-primary&#8221;][vc_column][dhsv_vc_header bgimage=&#8221;15783&#8243; art=&#8221;grafik_no_overlay&#8221; height=&#8221;small&#8221; headline=&#8221;Impressum&#8221; headline_format=&#8221;h1&#8243;][\/vc_column][\/vc_row][vc_row][vc_column width=&#8221;1\/3&#8243;][vc_column_text] Anschrift Technische Universit\u00e4t M\u00fcnchen Arcisstra\u00dfe 21 80333 M\u00fcnchen Telefon: +49 (0) 89 289 28474 &nbsp; Vertretungsberechtigt Die Technische Universit\u00e4t M\u00fcnchen ist eine K\u00f6rperschaft des \u00d6ffentlichen Rechts. Sie wird gesetzlich vertreten durch den Pr\u00e4sidenten, Prof. Dr. Thomas F. Hofmann. &nbsp; Zust\u00e4ndige Aufsichtsbeh\u00f6rde Bayerisches Staatsministerium f\u00fcr Bildung und Kultus, Wissenschaft und Kunst &nbsp; Umsatzsteueridentifikationsnummer DE811193231 &nbsp; Inhaltlich verantwortlich Trotz sorgf\u00e4ltiger inhaltlicher Kontrolle \u00fcbernehmen wir keine Haftung f\u00fcr die Inhalte externer Links. F\u00fcr den <a target=\"_blank\" class=\"moretag\" href=\"http:\/\/ex.lll.tum.de.devweb.mwn.de\/de\/impressum\/\">Read More here<\/a><\/p>\n","protected":false},"author":26,"featured_media":0,"parent":0,"menu_order":196,"comment_status":"closed","ping_status":"closed","template":"","meta":[],"acf":[],"yoast_head":"<!-- This site is optimized with the Yoast SEO Premium plugin v19.5 (Yoast SEO v19.10) - https:\/\/yoast.com\/wordpress\/plugins\/seo\/ -->\n<title>Impressum - TUM Executive &amp; Professional Education<\/title>\n<meta name=\"robots\" content=\"noindex, follow\" \/>\n<meta property=\"og:locale\" content=\"de_DE\" \/>\n<meta property=\"og:type\" content=\"article\" \/>\n<meta property=\"og:title\" content=\"Impressum\" \/>\n<meta property=\"og:description\" content=\"[vc_row full_width=&#8221;stretch_row_content_no_spaces&#8221; dhsv_background_color=&#8221;bg_brand-primary&#8221;][vc_column][dhsv_vc_header bgimage=&#8221;15783&#8243; art=&#8221;grafik_no_overlay&#8221; height=&#8221;small&#8221; headline=&#8221;Impressum&#8221; headline_format=&#8221;h1&#8243;][\/vc_column][\/vc_row][vc_row][vc_column width=&#8221;1\/3&#8243;][vc_column_text] Anschrift Technische Universit\u00e4t M\u00fcnchen Arcisstra\u00dfe 21 80333 M\u00fcnchen Telefon: +49 (0) 89 289 28474 &nbsp; Vertretungsberechtigt Die Technische Universit\u00e4t M\u00fcnchen ist eine K\u00f6rperschaft des \u00d6ffentlichen Rechts. Sie wird gesetzlich vertreten durch den Pr\u00e4sidenten, Prof. Dr. Thomas F. Hofmann. &nbsp; Zust\u00e4ndige Aufsichtsbeh\u00f6rde Bayerisches Staatsministerium f\u00fcr Bildung und Kultus, Wissenschaft und Kunst &nbsp; Umsatzsteueridentifikationsnummer DE811193231 &nbsp; Inhaltlich verantwortlich Trotz sorgf\u00e4ltiger inhaltlicher Kontrolle \u00fcbernehmen wir keine Haftung f\u00fcr die Inhalte externer Links. F\u00fcr den Read More here\" \/>\n<meta property=\"og:url\" content=\"http:\/\/ex.lll.tum.de.devweb.mwn.de\/de\/impressum\/\" \/>\n<meta property=\"og:site_name\" content=\"TUM Executive &amp; Professional Education\" \/>\n<meta property=\"article:modified_time\" content=\"2024-01-22T15:27:44+00:00\" \/>\n<meta name=\"twitter:card\" content=\"summary_large_image\" \/>\n<meta name=\"twitter:label1\" content=\"Gesch\u00e4tzte Lesezeit\" \/>\n\t<meta name=\"twitter:data1\" content=\"1\u00a0Minute\" \/>\n<script type=\"application\/ld+json\" class=\"yoast-schema-graph\">{\"@context\":\"https:\/\/schema.org\",\"@graph\":[{\"@type\":\"WebPage\",\"@id\":\"http:\/\/ex.lll.tum.de.devweb.mwn.de\/de\/impressum\/\",\"url\":\"http:\/\/ex.lll.tum.de.devweb.mwn.de\/de\/impressum\/\",\"name\":\"Impressum - TUM Executive &amp; Professional Education\",\"isPartOf\":{\"@id\":\"http:\/\/ex.lll.tum.de.devweb.mwn.de\/de\/#website\"},\"datePublished\":\"2018-06-06T07:42:19+00:00\",\"dateModified\":\"2024-01-22T15:27:44+00:00\",\"breadcrumb\":{\"@id\":\"http:\/\/ex.lll.tum.de.devweb.mwn.de\/de\/impressum\/#breadcrumb\"},\"inLanguage\":\"de\",\"potentialAction\":[{\"@type\":\"ReadAction\",\"target\":[\"http:\/\/ex.lll.tum.de.devweb.mwn.de\/de\/impressum\/\"]}]},{\"@type\":\"BreadcrumbList\",\"@id\":\"http:\/\/ex.lll.tum.de.devweb.mwn.de\/de\/impressum\/#breadcrumb\",\"itemListElement\":[{\"@type\":\"ListItem\",\"position\":1,\"name\":\"Home\",\"item\":\"http:\/\/ex.lll.tum.de.devweb.mwn.de\/de\/\"},{\"@type\":\"ListItem\",\"position\":2,\"name\":\"Impressum\"}]},{\"@type\":\"WebSite\",\"@id\":\"http:\/\/ex.lll.tum.de.devweb.mwn.de\/de\/#website\",\"url\":\"http:\/\/ex.lll.tum.de.devweb.mwn.de\/de\/\",\"name\":\"TUM Executive &amp; Professional Education\",\"description\":\"\",\"potentialAction\":[{\"@type\":\"SearchAction\",\"target\":{\"@type\":\"EntryPoint\",\"urlTemplate\":\"http:\/\/ex.lll.tum.de.devweb.mwn.de\/de\/?s={search_term_string}\"},\"query-input\":\"required name=search_term_string\"}],\"inLanguage\":\"de\"}]}<\/script>\n<!-- \/ Yoast SEO Premium plugin. -->","yoast_head_json":{"title":"Impressum - TUM Executive &amp; Professional Education","robots":{"index":"noindex","follow":"follow"},"og_locale":"de_DE","og_type":"article","og_title":"Impressum","og_description":"[vc_row full_width=&#8221;stretch_row_content_no_spaces&#8221; dhsv_background_color=&#8221;bg_brand-primary&#8221;][vc_column][dhsv_vc_header bgimage=&#8221;15783&#8243; art=&#8221;grafik_no_overlay&#8221; height=&#8221;small&#8221; headline=&#8221;Impressum&#8221; headline_format=&#8221;h1&#8243;][\/vc_column][\/vc_row][vc_row][vc_column width=&#8221;1\/3&#8243;][vc_column_text] Anschrift Technische Universit\u00e4t M\u00fcnchen Arcisstra\u00dfe 21 80333 M\u00fcnchen Telefon: +49 (0) 89 289 28474 &nbsp; Vertretungsberechtigt Die Technische Universit\u00e4t M\u00fcnchen ist eine K\u00f6rperschaft des \u00d6ffentlichen Rechts. Sie wird gesetzlich vertreten durch den Pr\u00e4sidenten, Prof. Dr. Thomas F. Hofmann. &nbsp; Zust\u00e4ndige Aufsichtsbeh\u00f6rde Bayerisches Staatsministerium f\u00fcr Bildung und Kultus, Wissenschaft und Kunst &nbsp; Umsatzsteueridentifikationsnummer DE811193231 &nbsp; Inhaltlich verantwortlich Trotz sorgf\u00e4ltiger inhaltlicher Kontrolle \u00fcbernehmen wir keine Haftung f\u00fcr die Inhalte externer Links. F\u00fcr den Read More here","og_url":"http:\/\/ex.lll.tum.de.devweb.mwn.de\/de\/impressum\/","og_site_name":"TUM Executive &amp; Professional Education","article_modified_time":"2024-01-22T15:27:44+00:00","twitter_card":"summary_large_image","twitter_misc":{"Gesch\u00e4tzte Lesezeit":"1\u00a0Minute"},"schema":{"@context":"https:\/\/schema.org","@graph":[{"@type":"WebPage","@id":"http:\/\/ex.lll.tum.de.devweb.mwn.de\/de\/impressum\/","url":"http:\/\/ex.lll.tum.de.devweb.mwn.de\/de\/impressum\/","name":"Impressum - TUM Executive &amp; Professional Education","isPartOf":{"@id":"http:\/\/ex.lll.tum.de.devweb.mwn.de\/de\/#website"},"datePublished":"2018-06-06T07:42:19+00:00","dateModified":"2024-01-22T15:27:44+00:00","breadcrumb":{"@id":"http:\/\/ex.lll.tum.de.devweb.mwn.de\/de\/impressum\/#breadcrumb"},"inLanguage":"de","potentialAction":[{"@type":"ReadAction","target":["http:\/\/ex.lll.tum.de.devweb.mwn.de\/de\/impressum\/"]}]},{"@type":"BreadcrumbList","@id":"http:\/\/ex.lll.tum.de.devweb.mwn.de\/de\/impressum\/#breadcrumb","itemListElement":[{"@type":"ListItem","position":1,"name":"Home","item":"http:\/\/ex.lll.tum.de.devweb.mwn.de\/de\/"},{"@type":"ListItem","position":2,"name":"Impressum"}]},{"@type":"WebSite","@id":"http:\/\/ex.lll.tum.de.devweb.mwn.de\/de\/#website","url":"http:\/\/ex.lll.tum.de.devweb.mwn.de\/de\/","name":"TUM Executive &amp; Professional Education","description":"","potentialAction":[{"@type":"SearchAction","target":{"@type":"EntryPoint","urlTemplate":"http:\/\/ex.lll.tum.de.devweb.mwn.de\/de\/?s={search_term_string}"},"query-input":"required name=search_term_string"}],"inLanguage":"de"}]}},"_links":{"self":[{"href":"http:\/\/ex.lll.tum.de.devweb.mwn.de\/de\/wp-json\/wp\/v2\/pages\/24381"}],"collection":[{"href":"http:\/\/ex.lll.tum.de.devweb.mwn.de\/de\/wp-json\/wp\/v2\/pages"}],"about":[{"href":"http:\/\/ex.lll.tum.de.devweb.mwn.de\/de\/wp-json\/wp\/v2\/types\/page"}],"author":[{"embeddable":true,"href":"http:\/\/ex.lll.tum.de.devweb.mwn.de\/de\/wp-json\/wp\/v2\/users\/26"}],"replies":[{"embeddable":true,"href":"http:\/\/ex.lll.tum.de.devweb.mwn.de\/de\/wp-json\/wp\/v2\/comments?post=24381"}],"version-history":[{"count":5,"href":"http:\/\/ex.lll.tum.de.devweb.mwn.de\/de\/wp-json\/wp\/v2\/pages\/24381\/revisions"}],"predecessor-version":[{"id":180745,"href":"http:\/\/ex.lll.tum.de.devweb.mwn.de\/de\/wp-json\/wp\/v2\/pages\/24381\/revisions\/180745"}],"wp:attachment":[{"href":"http:\/\/ex.lll.tum.de.devweb.mwn.de\/de\/wp-json\/wp\/v2\/media?parent=24381"}],"curies":[{"name":"wp","href":"https:\/\/api.w.org\/{rel}","templated":true}]}}