{"id":178100,"date":"2022-12-20T09:46:58","date_gmt":"2022-12-20T08:46:58","guid":{"rendered":"https:\/\/www.lll.tum.de\/customized-programs-2\/"},"modified":"2023-11-03T10:24:50","modified_gmt":"2023-11-03T09:24:50","slug":"customized-programs","status":"publish","type":"page","link":"http:\/\/ex.lll.tum.de.devweb.mwn.de\/de\/customized-programs\/","title":{"rendered":"Customized Programs"},"content":{"rendered":"<div class=\"wpb-content-wrapper\"><p>[vc_row full_width=&#8221;stretch_row_content_no_spaces&#8221; content_placement=&#8221;top&#8221; dhsv_background_color=&#8221;bg_brand-primary&#8221;][vc_column][dhsv_vc_header bgimage=&#8221;178191&#8243; bgimage_mobile=&#8221;178193&#8243; art=&#8221;grafik_no_overlay&#8221; height=&#8221;small&#8221; headline=&#8221;Customized<br \/>\nPrograms&#8221; headline_format=&#8221;h2&#8243;][\/vc_column][\/vc_row][vc_row][vc_column][dhsv_vc_anker type=&#8221;nav&#8221;][\/vc_column][\/vc_row][vc_row equal_height=&#8221;yes&#8221;][vc_column][vc_empty_space][vc_column_text]Am TUM Institute for LifeLong Learning bieten wir ma\u00dfgeschneiderte Weiterbildungsl\u00f6sungen f\u00fcr Unternehmen und Institutionen. Unser vielseitiges Portfolio basiert auf dem neuesten Stand der Forschung und richtet sich an Organisationen, die bereit sind, den Herausforderungen unserer Zeit mit Neugierde und innovativem Geist zu begegnen.[\/vc_column_text][vc_column_text]Durch unsere langj\u00e4hrige Erfahrung in der Weiterbildung von Fach- und F\u00fchrungskr\u00e4ften haben wir die Expertise, auch Ihre Organisation auf dem Weg des lebenslangen Lernens zu begleiten und zu unterst\u00fctzen. Schauen Sie sich gerne auf unserer Website um und sprechen Sie uns an.[\/vc_column_text][vc_row_inner][vc_column_inner][vc_column_text]<strong>Warum Sie sich f\u00fcr uns entscheiden sollten?<\/strong><\/p>\n<p>Ob Shanghai-Ranking, QS World University Ranking, Times Higher Education oder das Global Employability Ranking: Wir belegen national und international regelm\u00e4\u00dfig Spitzenpl\u00e4tze unter den deutschen und europ\u00e4ischen Universit\u00e4ten[\/vc_column_text][\/vc_column_inner][\/vc_row_inner][\/vc_column][\/vc_row][vc_row full_width=&#8221;stretch_row_content_no_spaces&#8221; content_placement=&#8221;middle&#8221; css_animation=&#8221;none&#8221; dhsv_background_color=&#8221;bg_light-gray&#8221;][vc_column width=&#8221;1\/6&#8243;][\/vc_column][vc_column width=&#8221;2\/3&#8243;][dhsv_vc_anker type=&#8221;point&#8221; title=&#8221;Angebotsauswahl&#8221; id=&#8221;angebotsauswahl&#8221;][vc_empty_space][vc_column_text]<\/p>\n<h2>W\u00e4hlen Sie ein Angebot<\/h2>\n<p>[\/vc_column_text][vc_row_inner gap=&#8221;10&#8243;][vc_column_inner width=&#8221;1\/3&#8243;][dhsv_vc_teaserbox title=&#8221;Ma\u00dfgeschneiderte Programme f\u00fcr Unternehmen&#8221; image=&#8221;170284&#8243; link=&#8221;url:https%3A%2F%2Fwww.lll.tum.de%2Fde%2Fcustomized-programs-corporates%2F|target:_blank&#8221;][\/vc_column_inner][vc_column_inner width=&#8221;1\/3&#8243;][dhsv_vc_teaserbox title=&#8221;Ma\u00dfgeschneiderte Programme f\u00fcr Internationale Universit\u00e4ten&#8221; image=&#8221;177441&#8243; link=&#8221;url:https%3A%2F%2Fwww.lll.tum.de%2Fde%2Fcustomized-programs-universities%2F|target:_blank&#8221; checktext=&#8221;true&#8221;][\/vc_column_inner][vc_column_inner width=&#8221;1\/3&#8243;][dhsv_vc_teaserbox title=&#8221;Online-Programme (MOOCs) f\u00fcr Unternehmen und Universit\u00e4ten&#8221; image=&#8221;168429&#8243; link=&#8221;url:https%3A%2F%2Fwww.tum.de%2Flebenslanges-lernen%2Finnovation-in-lehre-und-weiterbildung%2Fmoocs-der-tum|target:_blank&#8221;][\/vc_column_inner][\/vc_row_inner][vc_empty_space][\/vc_column][vc_column width=&#8221;1\/6&#8243;][\/vc_column][\/vc_row][vc_row disable_element=&#8221;yes&#8221;][vc_column][vc_row_inner][vc_column_inner width=&#8221;1\/4&#8243;][dhsv_vc_box art=&#8221;factbox&#8221; icon=&#8221;143031&#8243; factsize=&#8221;size000&#8243;]Langj\u00e4hrige Erfahrung in der Fortbildung von Fach- und F\u00fchrungskr\u00e4ften[\/dhsv_vc_box][\/vc_column_inner][vc_column_inner width=&#8221;1\/4&#8243;][dhsv_vc_box art=&#8221;factbox&#8221; icon=&#8221;143021&#8243; factsize=&#8221;size000&#8243;]Flexibilit\u00e4t bei Ort und Zeit[\/dhsv_vc_box][\/vc_column_inner][vc_column_inner width=&#8221;1\/4&#8243;][dhsv_vc_box art=&#8221;factbox&#8221; icon=&#8221;142993&#8243; factsize=&#8221;size000&#8243;]Etablierte &amp; individuelle Programme[\/dhsv_vc_box][\/vc_column_inner][vc_column_inner width=&#8221;1\/4&#8243;][dhsv_vc_box art=&#8221;factbox&#8221; icon=&#8221;143025&#8243; factsize=&#8221;size000&#8243;]Hohe Anzahl von Dozenten und Kooperationspartnern[\/dhsv_vc_box][\/vc_column_inner][\/vc_row_inner][\/vc_column][\/vc_row][vc_row full_width=&#8221;stretch_row&#8221; content_placement=&#8221;middle&#8221; css_animation=&#8221;none&#8221; dhsv_background_color=&#8221;bg_tum-gray&#8221;][vc_column][dhsv_vc_anker type=&#8221;point&#8221; title=&#8221;Wie wir arbeiten&#8221; id=&#8221;arbeiten&#8221;][vc_empty_space][vc_row_inner equal_height=&#8221;yes&#8221; content_placement=&#8221;middle&#8221;][vc_column_inner width=&#8221;2\/3&#8243;][vc_column_text]<\/p>\n<h2>Wie wir arbeiten<\/h2>\n<p>[\/vc_column_text][vc_column_text]Bei der Entwicklung Ihres individuellen Weiterbildungsprogramms bauen wir auf Expertise, Erfahrung und Synergien. Zusammen mit unseren fachspezifischen Professor*innen sowie Ihren internen Expert*innen konzipieren wir ein individuelles Curriculum, das auf neuesten Forschungsergebnissen basiert und bestens auf die Bed\u00fcrfnisse Ihrer Zielgruppe zugeschnitten ist.[\/vc_column_text][\/vc_column_inner][vc_column_inner width=&#8221;1\/3&#8243;][dhsv_vc_single_image image=&#8221;177418&#8243;][\/vc_column_inner][\/vc_row_inner][vc_empty_space][\/vc_column][\/vc_row][vc_row full_width=&#8221;stretch_row&#8221; content_placement=&#8221;middle&#8221; css_animation=&#8221;none&#8221; dhsv_background_color=&#8221;bg_white&#8221;][vc_column][vc_empty_space][vc_row_inner equal_height=&#8221;yes&#8221; content_placement=&#8221;top&#8221;][vc_column_inner width=&#8221;1\/4&#8243;][vc_column_text]<span style=\"color: #214577;\"><strong>BEDARFSANALYSE &amp; IDEENSAMMLUNG<\/strong><\/span>[\/vc_column_text][dhsv_vc_single_image image=&#8221;170427&#8243; ratio=&#8221;normal&#8221; img_size=&#8221;small&#8221;][vc_column_text]Sie haben einen Weiterbildungsbedarf in Ihrer Organisation entdeckt oder bereits eine erste Programm-Idee im Kopf. Sie kontaktieren unser Team und wir analysieren gemeinsam Ihren Bedarf und sprechen \u00fcber Ihre Idee.[\/vc_column_text][\/vc_column_inner][vc_column_inner width=&#8221;1\/4&#8243;][vc_column_text]<span style=\"color: #214577;\"><strong>KONZEPTIONS-<br \/>\n<\/strong><\/span><span style=\"color: #214577;\"><strong>PHASE<\/strong><\/span>[\/vc_column_text][dhsv_vc_single_image image=&#8221;170420&#8243; ratio=&#8221;normal&#8221; img_size=&#8221;small&#8221;][vc_column_text]Unser Team entwickelt einen ersten Programmentwurf. Dabei integrieren wir die Expertise der diversen TUM Fakult\u00e4ten sowie unternehmensspezifisches Wissen von Ihnen.[\/vc_column_text][\/vc_column_inner][vc_column_inner width=&#8221;1\/4&#8243;][vc_column_text]<span style=\"color: #214577;\"><strong>ITERATIVE<br \/>\nOPTIMIERUNG<br \/>\n<\/strong><\/span>[\/vc_column_text][dhsv_vc_single_image image=&#8221;170422&#8243; ratio=&#8221;normal&#8221; img_size=&#8221;small&#8221;][vc_column_text]Wir drehen je nach Bedarf eine oder mehrere Feedbackschleifen, um sicherzustellen, dass Programminhalte und -format die spezifischen Bed\u00fcrfnisse Ihrer Organisation optimal abdecken.[\/vc_column_text][\/vc_column_inner][vc_column_inner width=&#8221;1\/4&#8243;][vc_column_text]<span style=\"color: #214577;\"><b>INSPIRIERENDES<br \/>\nLERNERLEBNIS<br \/>\n<\/b><\/span>[\/vc_column_text][dhsv_vc_single_image image=&#8221;170424&#8243; ratio=&#8221;normal&#8221; img_size=&#8221;small&#8221;][vc_column_text]Es kann losgehen! Ihre Teilnehmergruppe kann sich auf ein inspirierendes Lernerlebnis freuen \u2013 entweder bei Ihnen vor Ort, in unseren Trainingsr\u00e4umlichkeiten in M\u00fcnchen oder online.[\/vc_column_text][\/vc_column_inner][\/vc_row_inner][\/vc_column][\/vc_row][vc_row full_width=&#8221;stretch_row&#8221; dhsv_background_color=&#8221;bg_white&#8221;][vc_column width=&#8221;1\/6&#8243;][\/vc_column][vc_column width=&#8221;2\/3&#8243;][vc_empty_space][\/vc_column][vc_column width=&#8221;1\/6&#8243;][\/vc_column][\/vc_row][vc_row][vc_column][dhsv_vc_anker type=&#8221;point&#8221; title=&#8221;Referenzen&#8221; id=&#8221;referenzen&#8221;][vc_column_text]<\/p>\n<h2>Referenzen<\/h2>\n<p>[\/vc_column_text][\/vc_column][\/vc_row][vc_row][vc_column width=&#8221;1\/6&#8243;][\/vc_column][vc_column width=&#8221;1\/6&#8243;][dhsv_vc_single_image image=&#8221;24409&#8243; imagedesc=&#8221;Manager Development Program&#8221; img_size=&#8221;small&#8221;][\/vc_column][vc_column width=&#8221;1\/6&#8243;][dhsv_vc_single_image image=&#8221;57819&#8243; imagedesc=&#8221;Leadership Journey\/ iDare&#8221; ratio=&#8221;normal&#8221;][\/vc_column][vc_column width=&#8221;1\/6&#8243;][dhsv_vc_single_image image=&#8221;57804&#8243; imagedesc=&#8221;Messe M\u00fcnchen Senior Manager Program&#8221;][\/vc_column][vc_column width=&#8221;1\/6&#8243;][dhsv_vc_single_image image=&#8221;15662&#8243; imagedesc=&#8221;TUM Santander Management Keys&#8221; img_size=&#8221;small&#8221;][\/vc_column][vc_column width=&#8221;1\/6&#8243;][\/vc_column][\/vc_row][vc_row][vc_column width=&#8221;1\/6&#8243;][\/vc_column][vc_column width=&#8221;1\/6&#8243;][dhsv_vc_single_image image=&#8221;57816&#8243; imagedesc=&#8221;\u201cHeilsam f\u00fchren\u201d &#8211; Leadership Development Program&#8221; ratio=&#8221;normal&#8221;][\/vc_column][vc_column width=&#8221;1\/6&#8243;][dhsv_vc_single_image image=&#8221;15666&#8243; imagedesc=&#8221;Leadership Excellence Programm&#8221; img_size=&#8221;small&#8221;][\/vc_column][vc_column width=&#8221;1\/6&#8243;][dhsv_vc_single_image image=&#8221;15665&#8243; imagedesc=&#8221;Global Expert Development Program&#8221; ratio=&#8221;normal&#8221;][\/vc_column][vc_column width=&#8221;1\/6&#8243;][\/vc_column][vc_column width=&#8221;1\/6&#8243;][\/vc_column][\/vc_row][vc_row full_width=&#8221;stretch_row_content_no_spaces&#8221; css=&#8221;.vc_custom_1528285138315{padding-bottom: 0px !important;}&#8221; el_id=&#8221;kontakt&#8221;][vc_column][dhsv_vc_contacts contact_modal=&#8221;modal&#8221; post_id=&#8221;173359&#8243;][\/dhsv_vc_contacts][\/vc_column][\/vc_row]<\/p>\n<\/div>","protected":false},"excerpt":{"rendered":"<p>[vc_row full_width=&#8221;stretch_row_content_no_spaces&#8221; content_placement=&#8221;top&#8221; dhsv_background_color=&#8221;bg_brand-primary&#8221;][vc_column][dhsv_vc_header bgimage=&#8221;178191&#8243; bgimage_mobile=&#8221;178193&#8243; art=&#8221;grafik_no_overlay&#8221; height=&#8221;small&#8221; headline=&#8221;Customized Programs&#8221; headline_format=&#8221;h2&#8243;][\/vc_column][\/vc_row][vc_row][vc_column][dhsv_vc_anker type=&#8221;nav&#8221;][\/vc_column][\/vc_row][vc_row equal_height=&#8221;yes&#8221;][vc_column][vc_empty_space][vc_column_text]Am TUM Institute for LifeLong Learning bieten wir ma\u00dfgeschneiderte Weiterbildungsl\u00f6sungen f\u00fcr Unternehmen und Institutionen. Unser vielseitiges Portfolio basiert auf dem neuesten Stand der Forschung und richtet sich an Organisationen, die bereit sind, den Herausforderungen unserer Zeit mit Neugierde und innovativem Geist zu begegnen.[\/vc_column_text][vc_column_text]Durch unsere langj\u00e4hrige Erfahrung in der Weiterbildung von Fach- und F\u00fchrungskr\u00e4ften haben wir die Expertise, auch Ihre Organisation auf dem Weg des lebenslangen Lernens zu begleiten <a target=\"_blank\" class=\"moretag\" href=\"http:\/\/ex.lll.tum.de.devweb.mwn.de\/de\/customized-programs\/\">Read More here<\/a><\/p>\n","protected":false},"author":23,"featured_media":0,"parent":0,"menu_order":33,"comment_status":"closed","ping_status":"closed","template":"","meta":[],"acf":[],"yoast_head":"<!-- This site is optimized with the Yoast SEO Premium plugin v19.5 (Yoast SEO v19.10) - https:\/\/yoast.com\/wordpress\/plugins\/seo\/ -->\n<title>Customized Programs - TUM Executive &amp; Professional Education<\/title>\n<meta name=\"description\" content=\"Ma\u00dfgeschneiderte Weiterbildungsl\u00f6sungen auf dem neuesten Stand der Forschung f\u00fcr Unternehmen und internationale Universit\u00e4ten.\" \/>\n<meta name=\"robots\" content=\"noindex, follow, max-snippet:-1, max-image-preview:large, max-video-preview:-1\" \/>\n<meta property=\"og:locale\" content=\"de_DE\" \/>\n<meta property=\"og:type\" content=\"article\" \/>\n<meta property=\"og:title\" content=\"Customized Programs\" \/>\n<meta property=\"og:description\" content=\"Ma\u00dfgeschneiderte Weiterbildungsl\u00f6sungen auf dem neuesten Stand der Forschung f\u00fcr Unternehmen und internationale Universit\u00e4ten.\" \/>\n<meta property=\"og:url\" content=\"https:\/\/ex.lll.tum.de.devweb.mwn.de\/de\/customized-programs\/\" \/>\n<meta property=\"og:site_name\" content=\"TUM Executive &amp; Professional Education\" \/>\n<meta property=\"article:modified_time\" content=\"2023-11-03T09:24:50+00:00\" \/>\n<meta name=\"twitter:card\" content=\"summary_large_image\" \/>\n<meta name=\"twitter:label1\" content=\"Gesch\u00e4tzte Lesezeit\" \/>\n\t<meta name=\"twitter:data1\" content=\"3\u00a0Minuten\" \/>\n<script type=\"application\/ld+json\" class=\"yoast-schema-graph\">{\"@context\":\"https:\/\/schema.org\",\"@graph\":[{\"@type\":\"WebPage\",\"@id\":\"https:\/\/ex.lll.tum.de.devweb.mwn.de\/de\/customized-programs\/\",\"url\":\"https:\/\/ex.lll.tum.de.devweb.mwn.de\/de\/customized-programs\/\",\"name\":\"Customized Programs - TUM Executive &amp; Professional Education\",\"isPartOf\":{\"@id\":\"http:\/\/ex.lll.tum.de.devweb.mwn.de\/de\/#website\"},\"datePublished\":\"2022-12-20T08:46:58+00:00\",\"dateModified\":\"2023-11-03T09:24:50+00:00\",\"description\":\"Ma\u00dfgeschneiderte Weiterbildungsl\u00f6sungen auf dem neuesten Stand der Forschung f\u00fcr Unternehmen und internationale Universit\u00e4ten.\",\"breadcrumb\":{\"@id\":\"https:\/\/ex.lll.tum.de.devweb.mwn.de\/de\/customized-programs\/#breadcrumb\"},\"inLanguage\":\"de\",\"potentialAction\":[{\"@type\":\"ReadAction\",\"target\":[\"https:\/\/ex.lll.tum.de.devweb.mwn.de\/de\/customized-programs\/\"]}]},{\"@type\":\"BreadcrumbList\",\"@id\":\"https:\/\/ex.lll.tum.de.devweb.mwn.de\/de\/customized-programs\/#breadcrumb\",\"itemListElement\":[{\"@type\":\"ListItem\",\"position\":1,\"name\":\"Home\",\"item\":\"http:\/\/ex.lll.tum.de.devweb.mwn.de\/de\/\"},{\"@type\":\"ListItem\",\"position\":2,\"name\":\"Customized Programs\"}]},{\"@type\":\"WebSite\",\"@id\":\"http:\/\/ex.lll.tum.de.devweb.mwn.de\/de\/#website\",\"url\":\"http:\/\/ex.lll.tum.de.devweb.mwn.de\/de\/\",\"name\":\"TUM Executive &amp; Professional Education\",\"description\":\"\",\"potentialAction\":[{\"@type\":\"SearchAction\",\"target\":{\"@type\":\"EntryPoint\",\"urlTemplate\":\"http:\/\/ex.lll.tum.de.devweb.mwn.de\/de\/?s={search_term_string}\"},\"query-input\":\"required name=search_term_string\"}],\"inLanguage\":\"de\"}]}<\/script>\n<!-- \/ Yoast SEO Premium plugin. -->","yoast_head_json":{"title":"Customized Programs - TUM Executive &amp; Professional Education","description":"Ma\u00dfgeschneiderte Weiterbildungsl\u00f6sungen auf dem neuesten Stand der Forschung f\u00fcr Unternehmen und internationale Universit\u00e4ten.","robots":{"index":"noindex","follow":"follow","max-snippet":"max-snippet:-1","max-image-preview":"max-image-preview:large","max-video-preview":"max-video-preview:-1"},"og_locale":"de_DE","og_type":"article","og_title":"Customized Programs","og_description":"Ma\u00dfgeschneiderte Weiterbildungsl\u00f6sungen auf dem neuesten Stand der Forschung f\u00fcr Unternehmen und internationale Universit\u00e4ten.","og_url":"https:\/\/ex.lll.tum.de.devweb.mwn.de\/de\/customized-programs\/","og_site_name":"TUM Executive &amp; Professional Education","article_modified_time":"2023-11-03T09:24:50+00:00","twitter_card":"summary_large_image","twitter_misc":{"Gesch\u00e4tzte Lesezeit":"3\u00a0Minuten"},"schema":{"@context":"https:\/\/schema.org","@graph":[{"@type":"WebPage","@id":"https:\/\/ex.lll.tum.de.devweb.mwn.de\/de\/customized-programs\/","url":"https:\/\/ex.lll.tum.de.devweb.mwn.de\/de\/customized-programs\/","name":"Customized Programs - TUM Executive &amp; Professional Education","isPartOf":{"@id":"http:\/\/ex.lll.tum.de.devweb.mwn.de\/de\/#website"},"datePublished":"2022-12-20T08:46:58+00:00","dateModified":"2023-11-03T09:24:50+00:00","description":"Ma\u00dfgeschneiderte Weiterbildungsl\u00f6sungen auf dem neuesten Stand der Forschung f\u00fcr Unternehmen und internationale Universit\u00e4ten.","breadcrumb":{"@id":"https:\/\/ex.lll.tum.de.devweb.mwn.de\/de\/customized-programs\/#breadcrumb"},"inLanguage":"de","potentialAction":[{"@type":"ReadAction","target":["https:\/\/ex.lll.tum.de.devweb.mwn.de\/de\/customized-programs\/"]}]},{"@type":"BreadcrumbList","@id":"https:\/\/ex.lll.tum.de.devweb.mwn.de\/de\/customized-programs\/#breadcrumb","itemListElement":[{"@type":"ListItem","position":1,"name":"Home","item":"http:\/\/ex.lll.tum.de.devweb.mwn.de\/de\/"},{"@type":"ListItem","position":2,"name":"Customized Programs"}]},{"@type":"WebSite","@id":"http:\/\/ex.lll.tum.de.devweb.mwn.de\/de\/#website","url":"http:\/\/ex.lll.tum.de.devweb.mwn.de\/de\/","name":"TUM Executive &amp; Professional Education","description":"","potentialAction":[{"@type":"SearchAction","target":{"@type":"EntryPoint","urlTemplate":"http:\/\/ex.lll.tum.de.devweb.mwn.de\/de\/?s={search_term_string}"},"query-input":"required name=search_term_string"}],"inLanguage":"de"}]}},"_links":{"self":[{"href":"http:\/\/ex.lll.tum.de.devweb.mwn.de\/de\/wp-json\/wp\/v2\/pages\/178100"}],"collection":[{"href":"http:\/\/ex.lll.tum.de.devweb.mwn.de\/de\/wp-json\/wp\/v2\/pages"}],"about":[{"href":"http:\/\/ex.lll.tum.de.devweb.mwn.de\/de\/wp-json\/wp\/v2\/types\/page"}],"author":[{"embeddable":true,"href":"http:\/\/ex.lll.tum.de.devweb.mwn.de\/de\/wp-json\/wp\/v2\/users\/23"}],"replies":[{"embeddable":true,"href":"http:\/\/ex.lll.tum.de.devweb.mwn.de\/de\/wp-json\/wp\/v2\/comments?post=178100"}],"version-history":[{"count":10,"href":"http:\/\/ex.lll.tum.de.devweb.mwn.de\/de\/wp-json\/wp\/v2\/pages\/178100\/revisions"}],"predecessor-version":[{"id":179580,"href":"http:\/\/ex.lll.tum.de.devweb.mwn.de\/de\/wp-json\/wp\/v2\/pages\/178100\/revisions\/179580"}],"wp:attachment":[{"href":"http:\/\/ex.lll.tum.de.devweb.mwn.de\/de\/wp-json\/wp\/v2\/media?parent=178100"}],"curies":[{"name":"wp","href":"https:\/\/api.w.org\/{rel}","templated":true}]}}