{"id":168942,"date":"2022-10-13T09:54:41","date_gmt":"2022-10-13T07:54:41","guid":{"rendered":"https:\/\/www.lll.tum.de\/?page_id=168942"},"modified":"2022-10-13T09:57:58","modified_gmt":"2022-10-13T07:57:58","slug":"newsletter","status":"publish","type":"page","link":"http:\/\/ex.lll.tum.de.devweb.mwn.de\/de\/newsletter\/","title":{"rendered":"Newsletter"},"content":{"rendered":"<div class=\"wpb-content-wrapper\"><p>[vc_row full_width=&#8221;stretch_row_content_no_spaces&#8221; dhsv_background_color=&#8221;bg_brand-primary&#8221;][vc_column][dhsv_vc_header bgimage=&#8221;168399&#8243; art=&#8221;grafik_no_overlay&#8221; height=&#8221;small&#8221; headline=&#8221;Newsletter&#8221; headline_format=&#8221;h1&#8243; subline=&#8221;news.,insights.,highlights.&#8221; extra_css_classes=&#8221;headernew&#8221;][\/vc_column][\/vc_row][vc_row][vc_column width=&#8221;2\/3&#8243;][vc_empty_space height=&#8221;5px&#8221;][vc_column_text]<\/p>\n<h2><strong>M\u00f6chten Sie \u00fcber Aktuelles aus dem TUM Institute for LifeLong Learning informiert werden?<\/strong><\/h2>\n<h5><strong>Abonnieren Sie unseren Newsletter und erhalten Sie unsere aktuellsten News, Insights und Programmhighlights.<\/strong><\/h5>\n<p>In unserem Newsletter informieren wir Sie regelm\u00e4\u00dfig \u00fcber Neuigkeiten und Veranstaltungen rund um das TUM Institute for LifeLong Learning, spannende Einblicke, unseren Podcast und gelegentlich auch \u00fcber neue Weiterbildungsprogramme. Der Newsletter wird alle sechs bis acht Wochen in englischer Sprache verschickt. Selbstverst\u00e4ndlich ist es jederzeit m\u00f6glich, sich wieder abzumelden.[\/vc_column_text][dhsv_vc_button modal_act=&#8221;btnlink&#8221; link=&#8221;url:https%3A%2F%2Fnews.lll.tum.de%2Fsubscription.jsp|title:Hier%20anmelden|target:_blank&#8221; icon=&#8221;register&#8221;][\/vc_column][vc_column width=&#8221;1\/3&#8243;][\/vc_column][\/vc_row]<\/p>\n<\/div>","protected":false},"excerpt":{"rendered":"<p>[vc_row full_width=&#8221;stretch_row_content_no_spaces&#8221; dhsv_background_color=&#8221;bg_brand-primary&#8221;][vc_column][dhsv_vc_header bgimage=&#8221;168399&#8243; art=&#8221;grafik_no_overlay&#8221; height=&#8221;small&#8221; headline=&#8221;Newsletter&#8221; headline_format=&#8221;h1&#8243; subline=&#8221;news.,insights.,highlights.&#8221; extra_css_classes=&#8221;headernew&#8221;][\/vc_column][\/vc_row][vc_row][vc_column width=&#8221;2\/3&#8243;][vc_empty_space height=&#8221;5px&#8221;][vc_column_text] M\u00f6chten Sie \u00fcber Aktuelles aus dem TUM Institute for LifeLong Learning informiert werden? Abonnieren Sie unseren Newsletter und erhalten Sie unsere aktuellsten News, Insights und Programmhighlights. In unserem Newsletter informieren wir Sie regelm\u00e4\u00dfig \u00fcber Neuigkeiten und Veranstaltungen rund um das TUM Institute for LifeLong Learning, spannende Einblicke, unseren Podcast und gelegentlich auch \u00fcber neue Weiterbildungsprogramme. Der Newsletter wird alle sechs bis acht Wochen in englischer Sprache verschickt. Selbstverst\u00e4ndlich <a target=\"_blank\" class=\"moretag\" href=\"http:\/\/ex.lll.tum.de.devweb.mwn.de\/de\/newsletter\/\">Read More here<\/a><\/p>\n","protected":false},"author":67,"featured_media":168396,"parent":0,"menu_order":38,"comment_status":"closed","ping_status":"closed","template":"","meta":[],"acf":[],"yoast_head":"<!-- This site is optimized with the Yoast SEO Premium plugin v19.5 (Yoast SEO v19.10) - https:\/\/yoast.com\/wordpress\/plugins\/seo\/ -->\n<title>Newsletter - TUM Executive &amp; Professional Education<\/title>\n<meta name=\"description\" content=\"Abonnieren Sie unseren Newsletter und erhalten Sie unsere aktuellsten News, Insights und Programmhighlights.\" \/>\n<meta name=\"robots\" content=\"noindex, follow, max-snippet:-1, max-image-preview:large, max-video-preview:-1\" \/>\n<meta property=\"og:locale\" content=\"de_DE\" \/>\n<meta property=\"og:type\" content=\"article\" \/>\n<meta property=\"og:title\" content=\"Newsletter\" \/>\n<meta property=\"og:description\" content=\"Abonnieren Sie unseren Newsletter und erhalten Sie unsere aktuellsten News, Insights und Programmhighlights.\" \/>\n<meta property=\"og:url\" content=\"https:\/\/ex.lll.tum.de.devweb.mwn.de\/de\/newsletter\/\" \/>\n<meta property=\"og:site_name\" content=\"TUM Executive &amp; Professional Education\" \/>\n<meta property=\"article:modified_time\" content=\"2022-10-13T07:57:58+00:00\" \/>\n<meta property=\"og:image\" content=\"https:\/\/ex.lll.tum.de.devweb.mwn.de\/wp-content\/uploads\/2022\/09\/Newsletter_header.jpg\" \/>\n\t<meta property=\"og:image:width\" content=\"1920\" \/>\n\t<meta property=\"og:image:height\" content=\"750\" \/>\n\t<meta property=\"og:image:type\" content=\"image\/jpeg\" \/>\n<meta name=\"twitter:card\" content=\"summary_large_image\" \/>\n<meta name=\"twitter:label1\" content=\"Gesch\u00e4tzte Lesezeit\" \/>\n\t<meta name=\"twitter:data1\" content=\"1\u00a0Minute\" \/>\n<script type=\"application\/ld+json\" class=\"yoast-schema-graph\">{\"@context\":\"https:\/\/schema.org\",\"@graph\":[{\"@type\":\"WebPage\",\"@id\":\"https:\/\/ex.lll.tum.de.devweb.mwn.de\/de\/newsletter\/\",\"url\":\"https:\/\/ex.lll.tum.de.devweb.mwn.de\/de\/newsletter\/\",\"name\":\"Newsletter - TUM Executive &amp; Professional Education\",\"isPartOf\":{\"@id\":\"http:\/\/ex.lll.tum.de.devweb.mwn.de\/de\/#website\"},\"datePublished\":\"2022-10-13T07:54:41+00:00\",\"dateModified\":\"2022-10-13T07:57:58+00:00\",\"description\":\"Abonnieren Sie unseren Newsletter und erhalten Sie unsere aktuellsten News, Insights und Programmhighlights.\",\"breadcrumb\":{\"@id\":\"https:\/\/ex.lll.tum.de.devweb.mwn.de\/de\/newsletter\/#breadcrumb\"},\"inLanguage\":\"de\",\"potentialAction\":[{\"@type\":\"ReadAction\",\"target\":[\"https:\/\/ex.lll.tum.de.devweb.mwn.de\/de\/newsletter\/\"]}]},{\"@type\":\"BreadcrumbList\",\"@id\":\"https:\/\/ex.lll.tum.de.devweb.mwn.de\/de\/newsletter\/#breadcrumb\",\"itemListElement\":[{\"@type\":\"ListItem\",\"position\":1,\"name\":\"Home\",\"item\":\"http:\/\/ex.lll.tum.de.devweb.mwn.de\/de\/\"},{\"@type\":\"ListItem\",\"position\":2,\"name\":\"Newsletter\"}]},{\"@type\":\"WebSite\",\"@id\":\"http:\/\/ex.lll.tum.de.devweb.mwn.de\/de\/#website\",\"url\":\"http:\/\/ex.lll.tum.de.devweb.mwn.de\/de\/\",\"name\":\"TUM Executive &amp; Professional Education\",\"description\":\"\",\"potentialAction\":[{\"@type\":\"SearchAction\",\"target\":{\"@type\":\"EntryPoint\",\"urlTemplate\":\"http:\/\/ex.lll.tum.de.devweb.mwn.de\/de\/?s={search_term_string}\"},\"query-input\":\"required name=search_term_string\"}],\"inLanguage\":\"de\"}]}<\/script>\n<!-- \/ Yoast SEO Premium plugin. -->","yoast_head_json":{"title":"Newsletter - TUM Executive &amp; Professional Education","description":"Abonnieren Sie unseren Newsletter und erhalten Sie unsere aktuellsten News, Insights und Programmhighlights.","robots":{"index":"noindex","follow":"follow","max-snippet":"max-snippet:-1","max-image-preview":"max-image-preview:large","max-video-preview":"max-video-preview:-1"},"og_locale":"de_DE","og_type":"article","og_title":"Newsletter","og_description":"Abonnieren Sie unseren Newsletter und erhalten Sie unsere aktuellsten News, Insights und Programmhighlights.","og_url":"https:\/\/ex.lll.tum.de.devweb.mwn.de\/de\/newsletter\/","og_site_name":"TUM Executive &amp; Professional Education","article_modified_time":"2022-10-13T07:57:58+00:00","og_image":[{"width":1920,"height":750,"url":"https:\/\/ex.lll.tum.de.devweb.mwn.de\/wp-content\/uploads\/2022\/09\/Newsletter_header.jpg","type":"image\/jpeg"}],"twitter_card":"summary_large_image","twitter_misc":{"Gesch\u00e4tzte Lesezeit":"1\u00a0Minute"},"schema":{"@context":"https:\/\/schema.org","@graph":[{"@type":"WebPage","@id":"https:\/\/ex.lll.tum.de.devweb.mwn.de\/de\/newsletter\/","url":"https:\/\/ex.lll.tum.de.devweb.mwn.de\/de\/newsletter\/","name":"Newsletter - TUM Executive &amp; Professional Education","isPartOf":{"@id":"http:\/\/ex.lll.tum.de.devweb.mwn.de\/de\/#website"},"datePublished":"2022-10-13T07:54:41+00:00","dateModified":"2022-10-13T07:57:58+00:00","description":"Abonnieren Sie unseren Newsletter und erhalten Sie unsere aktuellsten News, Insights und Programmhighlights.","breadcrumb":{"@id":"https:\/\/ex.lll.tum.de.devweb.mwn.de\/de\/newsletter\/#breadcrumb"},"inLanguage":"de","potentialAction":[{"@type":"ReadAction","target":["https:\/\/ex.lll.tum.de.devweb.mwn.de\/de\/newsletter\/"]}]},{"@type":"BreadcrumbList","@id":"https:\/\/ex.lll.tum.de.devweb.mwn.de\/de\/newsletter\/#breadcrumb","itemListElement":[{"@type":"ListItem","position":1,"name":"Home","item":"http:\/\/ex.lll.tum.de.devweb.mwn.de\/de\/"},{"@type":"ListItem","position":2,"name":"Newsletter"}]},{"@type":"WebSite","@id":"http:\/\/ex.lll.tum.de.devweb.mwn.de\/de\/#website","url":"http:\/\/ex.lll.tum.de.devweb.mwn.de\/de\/","name":"TUM Executive &amp; Professional Education","description":"","potentialAction":[{"@type":"SearchAction","target":{"@type":"EntryPoint","urlTemplate":"http:\/\/ex.lll.tum.de.devweb.mwn.de\/de\/?s={search_term_string}"},"query-input":"required name=search_term_string"}],"inLanguage":"de"}]}},"_links":{"self":[{"href":"http:\/\/ex.lll.tum.de.devweb.mwn.de\/de\/wp-json\/wp\/v2\/pages\/168942"}],"collection":[{"href":"http:\/\/ex.lll.tum.de.devweb.mwn.de\/de\/wp-json\/wp\/v2\/pages"}],"about":[{"href":"http:\/\/ex.lll.tum.de.devweb.mwn.de\/de\/wp-json\/wp\/v2\/types\/page"}],"author":[{"embeddable":true,"href":"http:\/\/ex.lll.tum.de.devweb.mwn.de\/de\/wp-json\/wp\/v2\/users\/67"}],"replies":[{"embeddable":true,"href":"http:\/\/ex.lll.tum.de.devweb.mwn.de\/de\/wp-json\/wp\/v2\/comments?post=168942"}],"version-history":[{"count":9,"href":"http:\/\/ex.lll.tum.de.devweb.mwn.de\/de\/wp-json\/wp\/v2\/pages\/168942\/revisions"}],"predecessor-version":[{"id":168953,"href":"http:\/\/ex.lll.tum.de.devweb.mwn.de\/de\/wp-json\/wp\/v2\/pages\/168942\/revisions\/168953"}],"wp:featuredmedia":[{"embeddable":true,"href":"http:\/\/ex.lll.tum.de.devweb.mwn.de\/de\/wp-json\/wp\/v2\/media\/168396"}],"wp:attachment":[{"href":"http:\/\/ex.lll.tum.de.devweb.mwn.de\/de\/wp-json\/wp\/v2\/media?parent=168942"}],"curies":[{"name":"wp","href":"https:\/\/api.w.org\/{rel}","templated":true}]}}