{"id":165100,"date":"2022-06-17T13:58:03","date_gmt":"2022-06-17T11:58:03","guid":{"rendered":"https:\/\/www.lll.tum.de\/?page_id=165100"},"modified":"2023-02-14T17:58:18","modified_gmt":"2023-02-14T16:58:18","slug":"tum-leadership-profil","status":"publish","type":"page","link":"http:\/\/ex.lll.tum.de.devweb.mwn.de\/de\/tum-leadership-profil\/","title":{"rendered":"TUM Leadership Profil"},"content":{"rendered":"<div class=\"wpb-content-wrapper\"><p>[vc_row full_width=&#8221;stretch_row_content_no_spaces&#8221; dhsv_background_color=&#8221;bg_brand-primary&#8221;][vc_column][dhsv_vc_header bgimage=&#8221;162219&#8243; art=&#8221;grafik_no_overlay&#8221; height=&#8221;small&#8221; headline=&#8221;TUM Leadership Profil&#8221; headline_format=&#8221;h1&#8243;][\/vc_column][\/vc_row][vc_row full_width=&#8221;stretch_row_content_no_spaces&#8221;][vc_column][dhsv_vc_anker type=&#8221;nav&#8221;][\/vc_column][\/vc_row][vc_row][vc_column][dhsv_vc_anker type=&#8221;point&#8221; title=&#8221;\u00dcberblick&#8221; id=&#8221;ueberblick&#8221;][vc_row_inner][vc_column_inner width=&#8221;2\/3&#8243;][vc_column_text]Unser Ansatz zur F\u00fchrungskr\u00e4fteentwicklung verbindet Theorie, strukturierte Reflexion, systematisches Feedback und wissenschaftlich fundierte F\u00fchrungsinstrumente. Im Zentrum unserer F\u00fchrungskr\u00e4fteentwicklung steht das TUM Leadership Profil &#8211; ein wirksames Instrument f\u00fcr F\u00fchrungskr\u00e4fte, die das Beste aus sich herausholen wollen.<\/p>\n<p>Das TUM Leadership Profil ist ein theoriebasiertes Feedbackinstrument, das F\u00fchrungskr\u00e4ften einen detaillierten Bericht \u00fcber ihre St\u00e4rken und Entwicklungspotentiale liefert. Es vergleicht und kontrastiert ihre eigene Selbsteinsch\u00e4tzung ihres F\u00fchrungsverhaltens mit den Einsch\u00e4tzungen ihrer Mitarbeiter*innen. Dar\u00fcber hinaus enth\u00e4lt das TUM Leadership Profil eine Toolbox mit konkreten Vorschl\u00e4gen zur Verbesserung der F\u00fchrungskompetenzen und ermutigt F\u00fchrungskr\u00e4fte, einen pers\u00f6nlichen Aktionsplan zu entwickeln.<\/p>\n<p>Das TUM Leadership Profil wird im Rahmen der Executive Education an der TUM seit mehreren Jahren eingesetzt. Die Nutzer*innen sch\u00e4tzen seine theoretische Fundierung und praktische Anwendbarkeit.[\/vc_column_text][vc_empty_space][vc_column_text]<strong>Warum das TUM Leadership Profil?<\/strong><\/p>\n<p><strong>1. Theorie<\/strong><\/p>\n<p>Das TUM Leadership Profil basiert auf dem Full Range of Leadership Model, das zu den am besten erforschten F\u00fchrungsmodellen geh\u00f6rt. So k\u00f6nnen Sie sicher sein, dass Ihr Feedback auf einer fundierten theoretischen Grundlage beruht.<\/p>\n<p><strong>2. Reflexion<\/strong><\/p>\n<p>Reflexion ist ein wesentlicher Bestandteil der pers\u00f6nlichen Entwicklung und kann die F\u00fchrungswirksamkeit erh\u00f6hen. Das TUM Leadership Profile erm\u00f6glicht Ihnen eine strukturierte Reflexion \u00fcber Ihre individuellen St\u00e4rken und Verbesserungspotenziale.<\/p>\n<p><strong>3. Feedback<\/strong><\/p>\n<p>Feedback erweitert Ihre Perspektive und hilft Ihnen, Ihre pers\u00f6nlichen St\u00e4rken zu erkennen und Verbesserungsm\u00f6glichkeiten zu identifizieren. Das TUM Leadership Profile bietet ein systematisches Feedback, das in einer nachweislich wirksamen Art und Weise formuliert ist.<\/p>\n<p><strong>4. Tools<\/strong><\/p>\n<p>Im TUM Leadership Profile werden Ihnen anhand von Schritt-f\u00fcr-Schritt-Anleitungen evidenzbasierte Tools zur Verbesserung Ihrer F\u00fchrungseffektivit\u00e4t vorgestellt.[\/vc_column_text][vc_empty_space][\/vc_column_inner][vc_column_inner width=&#8221;1\/3&#8243; css=&#8221;.vc_custom_1599727904206{padding-right: 10% !important;}&#8221;][vc_empty_space][dhsv_vc_single_image image=&#8221;162226&#8243; link_href=&#8221;https:\/\/www.lll.tum.de\/wp-content\/uploads\/2022\/05\/TUM-Quick-Fact-Sheet-210&#215;297-v96-Leadership-Profile.pdf&#8221; ratio=&#8221;normal&#8221; img_size=&#8221;medium&#8221;][dhsv_vc_button link=&#8221;url:https%3A%2F%2Fwww.lll.tum.de%2Fwp-content%2Fuploads%2F2022%2F05%2FTUM-Quick-Fact-Sheet-210&#215;297-v96-Leadership-Profile.pdf|title:Download%20Factsheet&#8221;][\/vc_column_inner][\/vc_row_inner][\/vc_column][\/vc_row][vc_row full_width=&#8221;stretch_row&#8221; disable_element=&#8221;yes&#8221; dhsv_background_color=&#8221;bg_light-gray&#8221;][vc_column][dhsv_vc_timeline_neu element=&#8221;%5B%7B%22year%22%3A%221.%20Step%22%2C%22image%22%3A%22164033%22%2C%22text%22%3A%22Receive%20our%20welcome%20email%20and%20set%20your%20password%22%7D%2C%7B%22year%22%3A%222.%20Step%22%2C%22image%22%3A%22142993%22%2C%22text%22%3A%22Fill%20out%20the%20survey%20in%20English%20or%20German%20(self-assessment)%22%7D%2C%7B%22year%22%3A%223.%20Step%22%2C%22image%22%3A%22143023%22%2C%22text%22%3A%22Ask%20your%20team%20for%20feedback%22%7D%2C%7B%22year%22%3A%224.%20Step%22%2C%22image%22%3A%22142966%22%2C%22text%22%3A%22Download%20your%20Leadership%20Profile%22%7D%2C%7B%22year%22%3A%225.%20Step%22%2C%22image%22%3A%22142986%22%2C%22text%22%3A%22Make%20a%20pesoonal%20development%20plan%20using%20the%20TUM%20Leadership%20Toolbox%20provided%20within%20your%20Leadership%20Profile%22%7D%5D&#8221;][\/vc_column][\/vc_row][vc_row full_width=&#8221;stretch_row&#8221; disable_element=&#8221;yes&#8221;][vc_column][dhsv_vc_anker type=&#8221;point&#8221; title=&#8221;Process&#8221; id=&#8221;Process&#8221;][vc_column_text]<\/p>\n<h3>Process<\/h3>\n<p>[\/vc_column_text][vc_empty_space height=&#8221;50px&#8221;][dhsv_vc_box title=&#8221;Receive our welcome email and set your password&#8221; art=&#8221;iconbox&#8221;][\/dhsv_vc_box][dhsv_vc_box title=&#8221;Fill out the survey in English or German (self-assessment)&#8221; art=&#8221;iconbox&#8221;][\/dhsv_vc_box][dhsv_vc_box title=&#8221;Ask your team for feedback&#8221; art=&#8221;iconbox&#8221;][\/dhsv_vc_box][dhsv_vc_box title=&#8221;Download your Leadership Profile&#8221; art=&#8221;iconbox&#8221;][\/dhsv_vc_box][dhsv_vc_box title=&#8221;Make a personal development plan using the TUM Leadership Toolbox provided within your Leadership Profile&#8221; art=&#8221;iconbox&#8221;][\/dhsv_vc_box][\/vc_column][\/vc_row][vc_row full_width=&#8221;stretch_row&#8221;][vc_column][dhsv_vc_anker type=&#8221;point&#8221; title=&#8221;Prozess&#8221; id=&#8221;Process&#8221;][vc_column_text]<\/p>\n<h3>Prozess<\/h3>\n<p>[\/vc_column_text][\/vc_column][\/vc_row][vc_row full_width=&#8221;stretch_row&#8221;][vc_column width=&#8221;1\/6&#8243;][dhsv_vc_single_image image=&#8221;143031&#8243; icon=&#8221;icon&#8221;][\/vc_column][vc_column width=&#8221;5\/6&#8243;][vc_empty_space][vc_column_text]<\/p>\n<h4>Sie erhalten unsere Willkommens-E-Mail und legen Ihr Passwort fest.<\/h4>\n<p>[\/vc_column_text][\/vc_column][\/vc_row][vc_row full_width=&#8221;stretch_row&#8221;][vc_column width=&#8221;1\/6&#8243;][dhsv_vc_single_image image=&#8221;142993&#8243; icon=&#8221;icon&#8221;][\/vc_column][vc_column width=&#8221;5\/6&#8243;][vc_empty_space][vc_column_text]<\/p>\n<h4>Sie f\u00fcllen den Fragebogen in Englisch oder Deutsch aus (Selbsteinsch\u00e4tzung).<\/h4>\n<p>[\/vc_column_text][\/vc_column][\/vc_row][vc_row full_width=&#8221;stretch_row&#8221;][vc_column width=&#8221;1\/6&#8243;][dhsv_vc_single_image image=&#8221;143023&#8243; icon=&#8221;icon&#8221;][\/vc_column][vc_column width=&#8221;5\/6&#8243;][vc_empty_space][vc_column_text]<\/p>\n<h4>Sie bitten Ihr Team um Feedback.<\/h4>\n<p>[\/vc_column_text][\/vc_column][\/vc_row][vc_row full_width=&#8221;stretch_row&#8221;][vc_column width=&#8221;1\/6&#8243;][dhsv_vc_single_image image=&#8221;142966&#8243; icon=&#8221;icon&#8221;][\/vc_column][vc_column width=&#8221;5\/6&#8243;][vc_empty_space][vc_column_text]<\/p>\n<h4>Laden Sie Ihr Leadership-Profil herunter.<\/h4>\n<p>[\/vc_column_text][\/vc_column][\/vc_row][vc_row full_width=&#8221;stretch_row&#8221;][vc_column width=&#8221;1\/6&#8243;][dhsv_vc_single_image image=&#8221;142986&#8243; icon=&#8221;icon&#8221;][\/vc_column][vc_column width=&#8221;5\/6&#8243;][vc_empty_space][vc_column_text]<\/p>\n<h4>Sie erstellen einen pers\u00f6nlichen Entwicklungsplan mit der in Ihrem Leadership Profil enthaltenen TUM Leadership Toolbox.<\/h4>\n<p>[\/vc_column_text][\/vc_column][\/vc_row][vc_row disable_element=&#8221;yes&#8221;][vc_column][dhsv_vc_anker type=&#8221;point&#8221; title=&#8221;Details&#8221; id=&#8221;details&#8221;][vc_empty_space][vc_column_text]<\/p>\n<h3>Details<\/h3>\n<p>[\/vc_column_text][vc_empty_space height=&#8221;50px&#8221;][vc_row_inner css=&#8221;.vc_custom_1598516213621{margin-right: 25px !important;margin-left: 25px !important;}&#8221;][vc_column_inner][dhsv_vc_details_course_of_studies contentlines=&#8221;%5B%7B%22headline%22%3A%22Provider%3A%22%2C%22description%22%3A%22TUM%20Institute%20for%20LifeLong%20Learning%22%7D%2C%7B%22headline%22%3A%22Format%3A%22%2C%22description%22%3A%22blended-learning%3A%20Online%20%26%20on%20campus%3A%20Munich%20(Garching%20near%20Munich)%22%7D%2C%7B%22headline%22%3A%22Data%20privacy%3A%22%2C%22description%22%3A%22Your%20data%20is%20safe%20with%20us.%20The%20leadership%20profile%20is%20GDPR%20compliant.%20The%20data%20is%20hosted%20in%20Bavaria%2C%20Germany.%22%7D%2C%7B%22headline%22%3A%22Academic%20Responsibility%3A%22%2C%22description%22%3A%22Prof.%20Dr.%20Claudia%20Peus%20%3Cbr%3E%5CnSenior%20Vice%20President%20Talent%20Management%20and%20Diversity%2C%20TUM%20%3Cbr%3E%5CnFounding%20Director%20of%20the%20TUM%20Institute%20for%20LifeLong%20Learning%20%3Cbr%3E%5Cn%3Cbr%3E%3Cbr%3E%5CnPD%20Dr.%20habil.%20Kristin%20Knipfer%3Cbr%3E%5CnExecutive%20Director%20TUM%20Institute%20for%20LifeLong%20Learning%5Cn%5Cn%22%7D%5D&#8221;][\/vc_column_inner][\/vc_row_inner][vc_empty_space height=&#8221;50px&#8221;][\/vc_column][\/vc_row][vc_row][vc_column][dhsv_vc_anker type=&#8221;point&#8221; title=&#8221;Details&#8221; id=&#8221;details&#8221;][vc_empty_space][vc_column_text]<\/p>\n<h3>Details<\/h3>\n<p>[\/vc_column_text][vc_empty_space height=&#8221;50px&#8221;][vc_row_inner css=&#8221;.vc_custom_1598516213621{margin-right: 25px !important;margin-left: 25px !important;}&#8221;][vc_column_inner width=&#8221;1\/4&#8243;][vc_column_text]<strong>Anbieter:<\/strong>[\/vc_column_text][dhsv_vc_line][\/vc_column_inner][vc_column_inner width=&#8221;3\/4&#8243;][vc_column_text]TUM Institute for LifeLong Learning[\/vc_column_text][dhsv_vc_line][\/vc_column_inner][\/vc_row_inner][vc_row_inner css=&#8221;.vc_custom_1598516213621{margin-right: 25px !important;margin-left: 25px !important;}&#8221;][vc_column_inner width=&#8221;1\/4&#8243;][vc_column_text]<strong>Akademische Verantwortung:<\/strong>[\/vc_column_text][\/vc_column_inner][vc_column_inner width=&#8221;1\/3&#8243;][dhsv_vc_single_image image=&#8221;34076&#8243;][vc_column_text]<strong>Prof. Dr. Claudia Peus<\/strong><\/p>\n<p>Vizepr\u00e4sidentin f\u00fcr Talentmanagement und Diversity, TUM<\/p>\n<p>Gr\u00fcndungsdirektorin des TUM Institute for LifeLong Learning[\/vc_column_text][\/vc_column_inner][vc_column_inner width=&#8221;1\/3&#8243;][\/vc_column_inner][\/vc_row_inner][vc_row_inner css=&#8221;.vc_custom_1598516213621{margin-right: 25px !important;margin-left: 25px !important;}&#8221;][vc_column_inner width=&#8221;1\/4&#8243;][vc_column_text][\/vc_column_text][\/vc_column_inner][vc_column_inner width=&#8221;1\/3&#8243;][dhsv_vc_single_image image=&#8221;25989&#8243;][vc_column_text]<strong>PD Dr. habil. Kristin Knipfer<\/strong><\/p>\n<p>Gesch\u00e4ftsf\u00fchrerin TUM Institute for LifeLong Learning[\/vc_column_text][\/vc_column_inner][vc_column_inner width=&#8221;1\/3&#8243;][\/vc_column_inner][\/vc_row_inner][dhsv_vc_line][vc_row_inner css=&#8221;.vc_custom_1598516213621{margin-right: 25px !important;margin-left: 25px !important;}&#8221;][vc_column_inner width=&#8221;1\/4&#8243;][vc_column_text]<strong>Format:<\/strong>[\/vc_column_text][dhsv_vc_line][\/vc_column_inner][vc_column_inner width=&#8221;3\/4&#8243;][vc_column_text]Online[\/vc_column_text][dhsv_vc_line][\/vc_column_inner][\/vc_row_inner][vc_row_inner css=&#8221;.vc_custom_1598516213621{margin-right: 25px !important;margin-left: 25px !important;}&#8221;][vc_column_inner width=&#8221;1\/4&#8243;][vc_column_text]<strong>Datenschutz:<\/strong>[\/vc_column_text][dhsv_vc_line][\/vc_column_inner][vc_column_inner width=&#8221;3\/4&#8243;][vc_column_text]Ihre Daten sind bei uns sicher. Das Leadership Profil ist GDPR-konform. Die Daten werden in Bayern gehostet.[\/vc_column_text][dhsv_vc_line][\/vc_column_inner][\/vc_row_inner][vc_empty_space height=&#8221;50px&#8221;][\/vc_column][\/vc_row][vc_row full_width=&#8221;stretch_row&#8221; disable_element=&#8221;yes&#8221; dhsv_background_color=&#8221;bg_light-gray&#8221;][vc_column width=&#8221;1\/6&#8243;][vc_column_text]<strong>Receive our welcome email and set your password<\/strong>[\/vc_column_text][\/vc_column][vc_column width=&#8221;1\/6&#8243;][vc_column_text]<strong>Make a personal development plan using the TUM Leadership Toolbox provided within your Leadership Profile<\/strong>[\/vc_column_text][\/vc_column][vc_column width=&#8221;1\/6&#8243;][vc_column_text]<strong>Download your Leadership Profile<\/strong>[\/vc_column_text][\/vc_column][vc_column width=&#8221;1\/6&#8243;][vc_column_text]<strong>Ask your team for feedback<\/strong>[\/vc_column_text][\/vc_column][vc_column width=&#8221;1\/6&#8243;][vc_column_text]<strong>Fill out the survey in English or German<\/strong>[\/vc_column_text][\/vc_column][vc_column width=&#8221;1\/6&#8243;][\/vc_column][\/vc_row][vc_row disable_element=&#8221;yes&#8221;][vc_column width=&#8221;1\/2&#8243;][dhsv_vc_anker type=&#8221;point&#8221; title=&#8221;More information&#8221; id=&#8221;more&#8221;][vc_column_text]<strong>Are you interested in this certificate or similar programs? Stay up to date!<\/strong>[\/vc_column_text][dhsv_vc_button modal_act=&#8221;btnnomodal&#8221; modal_button_text=&#8221;Keep me informed&#8221; modal_slug=&#8221;datascience&#8221;][\/vc_column][vc_column width=&#8221;1\/2&#8243;][vc_column_text]<strong>Our participation and cancellation policy can be found here.<\/strong>[\/vc_column_text][dhsv_vc_button link=&#8221;url:https%3A%2F%2Fwww.lll.tum.de%2Fparticipation-and-cancellation-policy%2F|title:Learn%20more|target:_blank&#8221;][\/vc_column][\/vc_row][vc_row][vc_column][dhsv_vc_anker type=&#8221;point&#8221; title=&#8221;Wissenschaftlicher Hintergrund&#8221; id=&#8221;Scientific&#8221;][vc_empty_space][vc_column_text]<\/p>\n<h3>WISSENSCHAFTLICHER HINTERGRUND<\/h3>\n<p>[\/vc_column_text][vc_column_text]Das TUM Leadership Profile basiert auf dem Full Range of Leadership Model (Bass &amp; Avolio, 1994; Bass, 1998), der bisher am besten erforschten F\u00fchrungstheorie. Es deckt vielf\u00e4ltige Facetten von F\u00fchrungskompetenzen ab, angefangen von eher ineffektiven Verhaltensweisen wie &#8220;Mikromanagement&#8221; bis hin zu effektiveren Verhaltensweisen, wie &#8220;Wertsch\u00e4tzung zeigen&#8221;.<\/p>\n<p>Wir nutzen einen situativen Beurteilungstest, der von der F\u00fchrungsexpertin und Gr\u00fcndungsdirektorin des TUM Institute for LifeLong Learning, Prof. Dr. Claudia Peus, entwickelt wurde. Dieser bietet Ihnen eine pr\u00e4zise Einsch\u00e4tzung Ihres F\u00fchrungsverhaltens und basiert auf der Analyse alternativer Reaktionsm\u00f6glichkeiten auf prototypische F\u00fchrungsherausforderungen.<\/p>\n<p>Das TUM Leadership Profile bietet Ihnen damit ein verl\u00e4ssliches, valides und situationsspezifisches Feedback, als effektiven Ausgangspunkt f\u00fcr Ihre individuelle F\u00fchrungsentwicklung.[\/vc_column_text][\/vc_column][\/vc_row][vc_row disable_element=&#8221;yes&#8221;][vc_column][vc_empty_space][vc_empty_space][vc_column_text]<strong>On-campus courses and Covid-19<\/strong><\/p>\n<p>We look forward to resuming our on-campus Certificate Programs within the first months of 2022 and to welcoming many of our participants in person. However, we will continue to follow safety-measures and restrictions introduced to help combat the Covid-19 pandemic. This may require that we deliver some modules in a virtual or blended format. We will ensure registered participants are kept informed about any changes required and will strive to provide a safe environment and a seamless learning experience. If you have any questions about the current situation, please do not hesitate to contact one of our program managers.[\/vc_column_text][\/vc_column][\/vc_row][vc_row][vc_column][vc_empty_space][dhsv_vc_anker type=&#8221;point&#8221; title=&#8221;Contact&#8221; id=&#8221;contact&#8221;][dhsv_vc_contacts contact_modal=&#8221;modal&#8221; post_id=&#8221;162228&#8243;]Jetzt kontaktieren[\/dhsv_vc_contacts][\/vc_column][\/vc_row]<\/p>\n<\/div>","protected":false},"excerpt":{"rendered":"<p>[vc_row full_width=&#8221;stretch_row_content_no_spaces&#8221; dhsv_background_color=&#8221;bg_brand-primary&#8221;][vc_column][dhsv_vc_header bgimage=&#8221;162219&#8243; art=&#8221;grafik_no_overlay&#8221; height=&#8221;small&#8221; headline=&#8221;TUM Leadership Profil&#8221; headline_format=&#8221;h1&#8243;][\/vc_column][\/vc_row][vc_row full_width=&#8221;stretch_row_content_no_spaces&#8221;][vc_column][dhsv_vc_anker type=&#8221;nav&#8221;][\/vc_column][\/vc_row][vc_row][vc_column][dhsv_vc_anker type=&#8221;point&#8221; title=&#8221;\u00dcberblick&#8221; id=&#8221;ueberblick&#8221;][vc_row_inner][vc_column_inner width=&#8221;2\/3&#8243;][vc_column_text]Unser Ansatz zur F\u00fchrungskr\u00e4fteentwicklung verbindet Theorie, strukturierte Reflexion, systematisches Feedback und wissenschaftlich fundierte F\u00fchrungsinstrumente. Im Zentrum unserer F\u00fchrungskr\u00e4fteentwicklung steht das TUM Leadership Profil &#8211; ein wirksames Instrument f\u00fcr F\u00fchrungskr\u00e4fte, die das Beste aus sich herausholen wollen. Das TUM Leadership Profil ist ein theoriebasiertes Feedbackinstrument, das F\u00fchrungskr\u00e4ften einen detaillierten Bericht \u00fcber ihre St\u00e4rken und Entwicklungspotentiale liefert. Es vergleicht und kontrastiert ihre eigene Selbsteinsch\u00e4tzung ihres F\u00fchrungsverhaltens mit <a target=\"_blank\" class=\"moretag\" href=\"http:\/\/ex.lll.tum.de.devweb.mwn.de\/de\/tum-leadership-profil\/\">Read More here<\/a><\/p>\n","protected":false},"author":26,"featured_media":0,"parent":0,"menu_order":45,"comment_status":"closed","ping_status":"closed","template":"","meta":[],"acf":[],"yoast_head":"<!-- This site is optimized with the Yoast SEO Premium plugin v19.5 (Yoast SEO v19.10) - https:\/\/yoast.com\/wordpress\/plugins\/seo\/ -->\n<title>TUM Leadership Profil - TUM Executive &amp; Professional Education<\/title>\n<meta name=\"robots\" content=\"noindex, follow, max-snippet:-1, max-image-preview:large, max-video-preview:-1\" \/>\n<meta property=\"og:locale\" content=\"de_DE\" \/>\n<meta property=\"og:type\" content=\"article\" \/>\n<meta property=\"og:title\" content=\"TUM Leadership Profil\" \/>\n<meta property=\"og:description\" content=\"[vc_row full_width=&#8221;stretch_row_content_no_spaces&#8221; dhsv_background_color=&#8221;bg_brand-primary&#8221;][vc_column][dhsv_vc_header bgimage=&#8221;162219&#8243; art=&#8221;grafik_no_overlay&#8221; height=&#8221;small&#8221; headline=&#8221;TUM Leadership Profil&#8221; headline_format=&#8221;h1&#8243;][\/vc_column][\/vc_row][vc_row full_width=&#8221;stretch_row_content_no_spaces&#8221;][vc_column][dhsv_vc_anker type=&#8221;nav&#8221;][\/vc_column][\/vc_row][vc_row][vc_column][dhsv_vc_anker type=&#8221;point&#8221; title=&#8221;\u00dcberblick&#8221; id=&#8221;ueberblick&#8221;][vc_row_inner][vc_column_inner width=&#8221;2\/3&#8243;][vc_column_text]Unser Ansatz zur F\u00fchrungskr\u00e4fteentwicklung verbindet Theorie, strukturierte Reflexion, systematisches Feedback und wissenschaftlich fundierte F\u00fchrungsinstrumente. Im Zentrum unserer F\u00fchrungskr\u00e4fteentwicklung steht das TUM Leadership Profil &#8211; ein wirksames Instrument f\u00fcr F\u00fchrungskr\u00e4fte, die das Beste aus sich herausholen wollen. Das TUM Leadership Profil ist ein theoriebasiertes Feedbackinstrument, das F\u00fchrungskr\u00e4ften einen detaillierten Bericht \u00fcber ihre St\u00e4rken und Entwicklungspotentiale liefert. Es vergleicht und kontrastiert ihre eigene Selbsteinsch\u00e4tzung ihres F\u00fchrungsverhaltens mit Read More here\" \/>\n<meta property=\"og:url\" content=\"https:\/\/ex.lll.tum.de.devweb.mwn.de\/de\/tum-leadership-profil\/\" \/>\n<meta property=\"og:site_name\" content=\"TUM Executive &amp; Professional Education\" \/>\n<meta property=\"article:modified_time\" content=\"2023-02-14T16:58:18+00:00\" \/>\n<meta name=\"twitter:card\" content=\"summary_large_image\" \/>\n<meta name=\"twitter:label1\" content=\"Gesch\u00e4tzte Lesezeit\" \/>\n\t<meta name=\"twitter:data1\" content=\"4\u00a0Minuten\" \/>\n<script type=\"application\/ld+json\" class=\"yoast-schema-graph\">{\"@context\":\"https:\/\/schema.org\",\"@graph\":[{\"@type\":\"WebPage\",\"@id\":\"https:\/\/ex.lll.tum.de.devweb.mwn.de\/de\/tum-leadership-profil\/\",\"url\":\"https:\/\/ex.lll.tum.de.devweb.mwn.de\/de\/tum-leadership-profil\/\",\"name\":\"TUM Leadership Profil - TUM Executive &amp; Professional Education\",\"isPartOf\":{\"@id\":\"http:\/\/ex.lll.tum.de.devweb.mwn.de\/de\/#website\"},\"datePublished\":\"2022-06-17T11:58:03+00:00\",\"dateModified\":\"2023-02-14T16:58:18+00:00\",\"breadcrumb\":{\"@id\":\"https:\/\/ex.lll.tum.de.devweb.mwn.de\/de\/tum-leadership-profil\/#breadcrumb\"},\"inLanguage\":\"de\",\"potentialAction\":[{\"@type\":\"ReadAction\",\"target\":[\"https:\/\/ex.lll.tum.de.devweb.mwn.de\/de\/tum-leadership-profil\/\"]}]},{\"@type\":\"BreadcrumbList\",\"@id\":\"https:\/\/ex.lll.tum.de.devweb.mwn.de\/de\/tum-leadership-profil\/#breadcrumb\",\"itemListElement\":[{\"@type\":\"ListItem\",\"position\":1,\"name\":\"Home\",\"item\":\"http:\/\/ex.lll.tum.de.devweb.mwn.de\/de\/\"},{\"@type\":\"ListItem\",\"position\":2,\"name\":\"TUM Leadership Profil\"}]},{\"@type\":\"WebSite\",\"@id\":\"http:\/\/ex.lll.tum.de.devweb.mwn.de\/de\/#website\",\"url\":\"http:\/\/ex.lll.tum.de.devweb.mwn.de\/de\/\",\"name\":\"TUM Executive &amp; Professional Education\",\"description\":\"\",\"potentialAction\":[{\"@type\":\"SearchAction\",\"target\":{\"@type\":\"EntryPoint\",\"urlTemplate\":\"http:\/\/ex.lll.tum.de.devweb.mwn.de\/de\/?s={search_term_string}\"},\"query-input\":\"required name=search_term_string\"}],\"inLanguage\":\"de\"}]}<\/script>\n<!-- \/ Yoast SEO Premium plugin. -->","yoast_head_json":{"title":"TUM Leadership Profil - TUM Executive &amp; Professional Education","robots":{"index":"noindex","follow":"follow","max-snippet":"max-snippet:-1","max-image-preview":"max-image-preview:large","max-video-preview":"max-video-preview:-1"},"og_locale":"de_DE","og_type":"article","og_title":"TUM Leadership Profil","og_description":"[vc_row full_width=&#8221;stretch_row_content_no_spaces&#8221; dhsv_background_color=&#8221;bg_brand-primary&#8221;][vc_column][dhsv_vc_header bgimage=&#8221;162219&#8243; art=&#8221;grafik_no_overlay&#8221; height=&#8221;small&#8221; headline=&#8221;TUM Leadership Profil&#8221; headline_format=&#8221;h1&#8243;][\/vc_column][\/vc_row][vc_row full_width=&#8221;stretch_row_content_no_spaces&#8221;][vc_column][dhsv_vc_anker type=&#8221;nav&#8221;][\/vc_column][\/vc_row][vc_row][vc_column][dhsv_vc_anker type=&#8221;point&#8221; title=&#8221;\u00dcberblick&#8221; id=&#8221;ueberblick&#8221;][vc_row_inner][vc_column_inner width=&#8221;2\/3&#8243;][vc_column_text]Unser Ansatz zur F\u00fchrungskr\u00e4fteentwicklung verbindet Theorie, strukturierte Reflexion, systematisches Feedback und wissenschaftlich fundierte F\u00fchrungsinstrumente. Im Zentrum unserer F\u00fchrungskr\u00e4fteentwicklung steht das TUM Leadership Profil &#8211; ein wirksames Instrument f\u00fcr F\u00fchrungskr\u00e4fte, die das Beste aus sich herausholen wollen. Das TUM Leadership Profil ist ein theoriebasiertes Feedbackinstrument, das F\u00fchrungskr\u00e4ften einen detaillierten Bericht \u00fcber ihre St\u00e4rken und Entwicklungspotentiale liefert. Es vergleicht und kontrastiert ihre eigene Selbsteinsch\u00e4tzung ihres F\u00fchrungsverhaltens mit Read More here","og_url":"https:\/\/ex.lll.tum.de.devweb.mwn.de\/de\/tum-leadership-profil\/","og_site_name":"TUM Executive &amp; Professional Education","article_modified_time":"2023-02-14T16:58:18+00:00","twitter_card":"summary_large_image","twitter_misc":{"Gesch\u00e4tzte Lesezeit":"4\u00a0Minuten"},"schema":{"@context":"https:\/\/schema.org","@graph":[{"@type":"WebPage","@id":"https:\/\/ex.lll.tum.de.devweb.mwn.de\/de\/tum-leadership-profil\/","url":"https:\/\/ex.lll.tum.de.devweb.mwn.de\/de\/tum-leadership-profil\/","name":"TUM Leadership Profil - TUM Executive &amp; Professional Education","isPartOf":{"@id":"http:\/\/ex.lll.tum.de.devweb.mwn.de\/de\/#website"},"datePublished":"2022-06-17T11:58:03+00:00","dateModified":"2023-02-14T16:58:18+00:00","breadcrumb":{"@id":"https:\/\/ex.lll.tum.de.devweb.mwn.de\/de\/tum-leadership-profil\/#breadcrumb"},"inLanguage":"de","potentialAction":[{"@type":"ReadAction","target":["https:\/\/ex.lll.tum.de.devweb.mwn.de\/de\/tum-leadership-profil\/"]}]},{"@type":"BreadcrumbList","@id":"https:\/\/ex.lll.tum.de.devweb.mwn.de\/de\/tum-leadership-profil\/#breadcrumb","itemListElement":[{"@type":"ListItem","position":1,"name":"Home","item":"http:\/\/ex.lll.tum.de.devweb.mwn.de\/de\/"},{"@type":"ListItem","position":2,"name":"TUM Leadership Profil"}]},{"@type":"WebSite","@id":"http:\/\/ex.lll.tum.de.devweb.mwn.de\/de\/#website","url":"http:\/\/ex.lll.tum.de.devweb.mwn.de\/de\/","name":"TUM Executive &amp; Professional Education","description":"","potentialAction":[{"@type":"SearchAction","target":{"@type":"EntryPoint","urlTemplate":"http:\/\/ex.lll.tum.de.devweb.mwn.de\/de\/?s={search_term_string}"},"query-input":"required name=search_term_string"}],"inLanguage":"de"}]}},"_links":{"self":[{"href":"http:\/\/ex.lll.tum.de.devweb.mwn.de\/de\/wp-json\/wp\/v2\/pages\/165100"}],"collection":[{"href":"http:\/\/ex.lll.tum.de.devweb.mwn.de\/de\/wp-json\/wp\/v2\/pages"}],"about":[{"href":"http:\/\/ex.lll.tum.de.devweb.mwn.de\/de\/wp-json\/wp\/v2\/types\/page"}],"author":[{"embeddable":true,"href":"http:\/\/ex.lll.tum.de.devweb.mwn.de\/de\/wp-json\/wp\/v2\/users\/26"}],"replies":[{"embeddable":true,"href":"http:\/\/ex.lll.tum.de.devweb.mwn.de\/de\/wp-json\/wp\/v2\/comments?post=165100"}],"version-history":[{"count":11,"href":"http:\/\/ex.lll.tum.de.devweb.mwn.de\/de\/wp-json\/wp\/v2\/pages\/165100\/revisions"}],"predecessor-version":[{"id":172762,"href":"http:\/\/ex.lll.tum.de.devweb.mwn.de\/de\/wp-json\/wp\/v2\/pages\/165100\/revisions\/172762"}],"wp:attachment":[{"href":"http:\/\/ex.lll.tum.de.devweb.mwn.de\/de\/wp-json\/wp\/v2\/media?parent=165100"}],"curies":[{"name":"wp","href":"https:\/\/api.w.org\/{rel}","templated":true}]}}