{"id":15924,"date":"2018-05-30T15:42:03","date_gmt":"2018-05-30T15:42:03","guid":{"rendered":"http:\/\/www.eec.wi.tum.de.devweb.mwn.de\/?page_id=15924"},"modified":"2020-04-24T11:50:40","modified_gmt":"2020-04-24T11:50:40","slug":"building-information-modeling","status":"publish","type":"page","link":"http:\/\/ex.lll.tum.de.devweb.mwn.de\/de\/building-information-modeling\/","title":{"rendered":"Building Information Modeling"},"content":{"rendered":"<div class=\"wpb-content-wrapper\"><p>[vc_row full_width=&#8221;stretch_row_content_no_spaces&#8221; dhsv_background_color=&#8221;bg_brand-secondary&#8221;][vc_column][dhsv_vc_header bgimage=&#8221;16272&#8243; art=&#8221;grafik&#8221; height=&#8221;small&#8221; headline=&#8221;Building Information Modeling&#8221; headline_format=&#8221;h1&#8243;][\/vc_column][\/vc_row][vc_row][vc_column][vc_empty_space height=&#8221;50px&#8221;][dhsv_vc_headline headline=&#8221;Building Information Modeling&#8221;][\/vc_column][\/vc_row][vc_row][vc_column width=&#8221;2\/12&#8243;][\/vc_column][vc_column width=&#8221;10\/12&#8243;][vc_column_text]An der Schnittstelle zwischen baulicher Umwelt und Informationstechnologie positioniert, richtet sich unser neues deutschsprachiges Zertifikat Program Building Information Modeling (BIM) Professional an Entscheidungstr\u00e4ger aus den Bereichen Architektur und Bauingenieurwesen.<\/p>\n<p>Der Ansatz <strong>Building Information Modeling (BIM)<\/strong> besteht aus einer innovativen Methode zur Planung, Errichtung und zum Betrieb von Geb\u00e4uden. Im Mittelpunkt von BIM steht ein digitales 3D-Modell, das die Zusammenarbeit zwischen verschiedenen Interessengruppen in verschiedenen Phasen des Lebenszyklus eines Geb\u00e4udes optimiert. BIM bildet auch die Grundlage f\u00fcr eine Vielzahl neuer und innovativer Nutzungsmodelle. Die Methoden k\u00f6nnen unabh\u00e4ngig von der Gr\u00f6\u00dfe, Funktion und Komplexit\u00e4t eines Geb\u00e4udes eingesetzt werden.<\/p>\n<p>Im Zuge der digitalen Transformation m\u00fcssen Unternehmen ihre digitale Planungs- und Baukompetenz im eigenen Unternehmen aufbauen, um Wettbewerbsvorteile zu erlangen. F\u00fcr Fachleute, die ihre F\u00e4higkeiten weiterentwickeln wollen, liefert BIM die notwendigen Werkzeuge und das Know-how f\u00fcr die digitale Planung und Umsetzung eigener strategischer Geb\u00e4udekonzepte.<\/p>\n<p>Registrieren Sie sich f\u00fcr das neue Zertifikatsprogramm der TUM, um zukunftsweisende, wissenschaftlich fundierte F\u00e4higkeiten f\u00fcr die digitale Planung und Durchf\u00fchrung Ihrer n\u00e4chsten Projekte zu erwerben und als zertifizierter BIM Professional in Ihr Unternehmen zur\u00fcckzukehren.<\/p>\n<p><strong>Ziele des Zertifikatsprogramms<\/strong><\/p>\n<p>Das Zertifikatsprogramm pr\u00e4sentiert die neuesten Werkzeuge und Methoden f\u00fcr eine erfolgreiche Projektumsetzung auf Basis des BIM-Ansatzes. Planer erhalten einen 360-Grad-Blick auf Aspekte wie Technologien, Prozesse, Personal und offizielle Richtlinien, die an einem Projekt beteiligt sind.<\/p>\n<p>Der Unterricht pflegt den interaktiven Austausch zwischen Teilnehmern und Dozenten in einer kommunikativen Workshop-Atmosph\u00e4re. Erg\u00e4nzt durch Fallstudien und \u00dcbungen in kleinen Gruppen k\u00f6nnen Ihre Erkenntnisse aus dem Bereich Building Information Modeling (BIM) direkt auf Ihr n\u00e4chstes Projekt \u00fcbertragen werden.<\/p>\n<p>&nbsp;<\/p>\n<p>[\/vc_column_text][\/vc_column][\/vc_row][vc_row][vc_column][dhsv_vc_certs_by_cat post_id=&#8221;48&#8243;][\/vc_column][\/vc_row][vc_row full_width=&#8221;stretch_row_content_no_spaces&#8221; dhsv_background_color=&#8221;bg_white&#8221;][vc_column][dhsv_vc_contacts contact_modal=&#8221;modal&#8221; post_id=&#8221;39042&#8243;]Wir freuen uns auf Sie.[\/dhsv_vc_contacts][\/vc_column][\/vc_row]<\/p>\n<\/div>","protected":false},"excerpt":{"rendered":"<p>[vc_row full_width=&#8221;stretch_row_content_no_spaces&#8221; dhsv_background_color=&#8221;bg_brand-secondary&#8221;][vc_column][dhsv_vc_header bgimage=&#8221;16272&#8243; art=&#8221;grafik&#8221; height=&#8221;small&#8221; headline=&#8221;Building Information Modeling&#8221; headline_format=&#8221;h1&#8243;][\/vc_column][\/vc_row][vc_row][vc_column][vc_empty_space height=&#8221;50px&#8221;][dhsv_vc_headline headline=&#8221;Building Information Modeling&#8221;][\/vc_column][\/vc_row][vc_row][vc_column width=&#8221;2\/12&#8243;][\/vc_column][vc_column width=&#8221;10\/12&#8243;][vc_column_text]An der Schnittstelle zwischen baulicher Umwelt und Informationstechnologie positioniert, richtet sich unser neues deutschsprachiges Zertifikat Program Building Information Modeling (BIM) Professional an Entscheidungstr\u00e4ger aus den Bereichen Architektur und Bauingenieurwesen. Der Ansatz Building Information Modeling (BIM) besteht aus einer innovativen Methode zur Planung, Errichtung und zum Betrieb von Geb\u00e4uden. Im Mittelpunkt von BIM steht ein digitales 3D-Modell, das die Zusammenarbeit zwischen verschiedenen Interessengruppen in verschiedenen Phasen <a target=\"_blank\" class=\"moretag\" href=\"http:\/\/ex.lll.tum.de.devweb.mwn.de\/de\/building-information-modeling\/\">Read More here<\/a><\/p>\n","protected":false},"author":26,"featured_media":0,"parent":0,"menu_order":131,"comment_status":"closed","ping_status":"closed","template":"","meta":[],"acf":[],"yoast_head":"<!-- This site is optimized with the Yoast SEO Premium plugin v19.5 (Yoast SEO v19.10) - https:\/\/yoast.com\/wordpress\/plugins\/seo\/ -->\n<title>Building Information Modeling - TUM Executive &amp; Professional Education<\/title>\n<meta name=\"description\" content=\"Der Ansatz Building Information Modeling (BIM) besteht aus einer innovativen Methode zur Planung, Errichtung und zum Betrieb von Geb\u00e4uden.\" \/>\n<meta name=\"robots\" content=\"noindex, follow, max-snippet:-1, max-image-preview:large, max-video-preview:-1\" \/>\n<meta property=\"og:locale\" content=\"de_DE\" \/>\n<meta property=\"og:type\" content=\"article\" \/>\n<meta property=\"og:title\" content=\"Building Information Modeling\" \/>\n<meta property=\"og:description\" content=\"Der Ansatz Building Information Modeling (BIM) besteht aus einer innovativen Methode zur Planung, Errichtung und zum Betrieb von Geb\u00e4uden.\" \/>\n<meta property=\"og:url\" content=\"https:\/\/ex.lll.tum.de.devweb.mwn.de\/de\/building-information-modeling\/\" \/>\n<meta property=\"og:site_name\" content=\"TUM Executive &amp; Professional Education\" \/>\n<meta property=\"article:modified_time\" content=\"2020-04-24T11:50:40+00:00\" \/>\n<meta name=\"twitter:card\" content=\"summary_large_image\" \/>\n<meta name=\"twitter:label1\" content=\"Gesch\u00e4tzte Lesezeit\" \/>\n\t<meta name=\"twitter:data1\" content=\"2\u00a0Minuten\" \/>\n<script type=\"application\/ld+json\" class=\"yoast-schema-graph\">{\"@context\":\"https:\/\/schema.org\",\"@graph\":[{\"@type\":\"WebPage\",\"@id\":\"https:\/\/ex.lll.tum.de.devweb.mwn.de\/de\/building-information-modeling\/\",\"url\":\"https:\/\/ex.lll.tum.de.devweb.mwn.de\/de\/building-information-modeling\/\",\"name\":\"Building Information Modeling - TUM Executive &amp; Professional Education\",\"isPartOf\":{\"@id\":\"http:\/\/ex.lll.tum.de.devweb.mwn.de\/de\/#website\"},\"datePublished\":\"2018-05-30T15:42:03+00:00\",\"dateModified\":\"2020-04-24T11:50:40+00:00\",\"description\":\"Der Ansatz Building Information Modeling (BIM) besteht aus einer innovativen Methode zur Planung, Errichtung und zum Betrieb von Geb\u00e4uden.\",\"breadcrumb\":{\"@id\":\"https:\/\/ex.lll.tum.de.devweb.mwn.de\/de\/building-information-modeling\/#breadcrumb\"},\"inLanguage\":\"de\",\"potentialAction\":[{\"@type\":\"ReadAction\",\"target\":[\"https:\/\/ex.lll.tum.de.devweb.mwn.de\/de\/building-information-modeling\/\"]}]},{\"@type\":\"BreadcrumbList\",\"@id\":\"https:\/\/ex.lll.tum.de.devweb.mwn.de\/de\/building-information-modeling\/#breadcrumb\",\"itemListElement\":[{\"@type\":\"ListItem\",\"position\":1,\"name\":\"Home\",\"item\":\"http:\/\/ex.lll.tum.de.devweb.mwn.de\/de\/\"},{\"@type\":\"ListItem\",\"position\":2,\"name\":\"Building Information Modeling\"}]},{\"@type\":\"WebSite\",\"@id\":\"http:\/\/ex.lll.tum.de.devweb.mwn.de\/de\/#website\",\"url\":\"http:\/\/ex.lll.tum.de.devweb.mwn.de\/de\/\",\"name\":\"TUM Executive &amp; Professional Education\",\"description\":\"\",\"potentialAction\":[{\"@type\":\"SearchAction\",\"target\":{\"@type\":\"EntryPoint\",\"urlTemplate\":\"http:\/\/ex.lll.tum.de.devweb.mwn.de\/de\/?s={search_term_string}\"},\"query-input\":\"required name=search_term_string\"}],\"inLanguage\":\"de\"}]}<\/script>\n<!-- \/ Yoast SEO Premium plugin. -->","yoast_head_json":{"title":"Building Information Modeling - TUM Executive &amp; Professional Education","description":"Der Ansatz Building Information Modeling (BIM) besteht aus einer innovativen Methode zur Planung, Errichtung und zum Betrieb von Geb\u00e4uden.","robots":{"index":"noindex","follow":"follow","max-snippet":"max-snippet:-1","max-image-preview":"max-image-preview:large","max-video-preview":"max-video-preview:-1"},"og_locale":"de_DE","og_type":"article","og_title":"Building Information Modeling","og_description":"Der Ansatz Building Information Modeling (BIM) besteht aus einer innovativen Methode zur Planung, Errichtung und zum Betrieb von Geb\u00e4uden.","og_url":"https:\/\/ex.lll.tum.de.devweb.mwn.de\/de\/building-information-modeling\/","og_site_name":"TUM Executive &amp; Professional Education","article_modified_time":"2020-04-24T11:50:40+00:00","twitter_card":"summary_large_image","twitter_misc":{"Gesch\u00e4tzte Lesezeit":"2\u00a0Minuten"},"schema":{"@context":"https:\/\/schema.org","@graph":[{"@type":"WebPage","@id":"https:\/\/ex.lll.tum.de.devweb.mwn.de\/de\/building-information-modeling\/","url":"https:\/\/ex.lll.tum.de.devweb.mwn.de\/de\/building-information-modeling\/","name":"Building Information Modeling - TUM Executive &amp; Professional Education","isPartOf":{"@id":"http:\/\/ex.lll.tum.de.devweb.mwn.de\/de\/#website"},"datePublished":"2018-05-30T15:42:03+00:00","dateModified":"2020-04-24T11:50:40+00:00","description":"Der Ansatz Building Information Modeling (BIM) besteht aus einer innovativen Methode zur Planung, Errichtung und zum Betrieb von Geb\u00e4uden.","breadcrumb":{"@id":"https:\/\/ex.lll.tum.de.devweb.mwn.de\/de\/building-information-modeling\/#breadcrumb"},"inLanguage":"de","potentialAction":[{"@type":"ReadAction","target":["https:\/\/ex.lll.tum.de.devweb.mwn.de\/de\/building-information-modeling\/"]}]},{"@type":"BreadcrumbList","@id":"https:\/\/ex.lll.tum.de.devweb.mwn.de\/de\/building-information-modeling\/#breadcrumb","itemListElement":[{"@type":"ListItem","position":1,"name":"Home","item":"http:\/\/ex.lll.tum.de.devweb.mwn.de\/de\/"},{"@type":"ListItem","position":2,"name":"Building Information Modeling"}]},{"@type":"WebSite","@id":"http:\/\/ex.lll.tum.de.devweb.mwn.de\/de\/#website","url":"http:\/\/ex.lll.tum.de.devweb.mwn.de\/de\/","name":"TUM Executive &amp; Professional Education","description":"","potentialAction":[{"@type":"SearchAction","target":{"@type":"EntryPoint","urlTemplate":"http:\/\/ex.lll.tum.de.devweb.mwn.de\/de\/?s={search_term_string}"},"query-input":"required name=search_term_string"}],"inLanguage":"de"}]}},"_links":{"self":[{"href":"http:\/\/ex.lll.tum.de.devweb.mwn.de\/de\/wp-json\/wp\/v2\/pages\/15924"}],"collection":[{"href":"http:\/\/ex.lll.tum.de.devweb.mwn.de\/de\/wp-json\/wp\/v2\/pages"}],"about":[{"href":"http:\/\/ex.lll.tum.de.devweb.mwn.de\/de\/wp-json\/wp\/v2\/types\/page"}],"author":[{"embeddable":true,"href":"http:\/\/ex.lll.tum.de.devweb.mwn.de\/de\/wp-json\/wp\/v2\/users\/26"}],"replies":[{"embeddable":true,"href":"http:\/\/ex.lll.tum.de.devweb.mwn.de\/de\/wp-json\/wp\/v2\/comments?post=15924"}],"version-history":[{"count":1,"href":"http:\/\/ex.lll.tum.de.devweb.mwn.de\/de\/wp-json\/wp\/v2\/pages\/15924\/revisions"}],"predecessor-version":[{"id":143182,"href":"http:\/\/ex.lll.tum.de.devweb.mwn.de\/de\/wp-json\/wp\/v2\/pages\/15924\/revisions\/143182"}],"wp:attachment":[{"href":"http:\/\/ex.lll.tum.de.devweb.mwn.de\/de\/wp-json\/wp\/v2\/media?parent=15924"}],"curies":[{"name":"wp","href":"https:\/\/api.w.org\/{rel}","templated":true}]}}