{"id":15646,"date":"2018-05-30T09:04:34","date_gmt":"2018-05-30T09:04:34","guid":{"rendered":"http:\/\/www.eec.wi.tum.de.devweb.mwn.de\/?page_id=15646"},"modified":"2024-03-05T14:22:36","modified_gmt":"2024-03-05T13:22:36","slug":"executive-professional-education-board","status":"publish","type":"page","link":"http:\/\/ex.lll.tum.de.devweb.mwn.de\/de\/about\/executive-professional-education-board\/","title":{"rendered":"TUM Institute for LifeLong Learning Advisory Board"},"content":{"rendered":"<div class=\"wpb-content-wrapper\"><p>[vc_row full_width=&#8221;stretch_row_content_no_spaces&#8221; dhsv_background_color=&#8221;bg_brand-primary&#8221;][vc_column][dhsv_vc_header bgimage=&#8221;61908&#8243; art=&#8221;grafik_no_overlay&#8221; height=&#8221;small&#8221; headline=&#8221;TUM Institute for LifeLong Learning Advisory Board&#8221; headline_format=&#8221;h1&#8243;][\/vc_column][\/vc_row][vc_row][vc_column width=&#8221;2\/3&#8243;][vc_empty_space height=&#8221;50px&#8221;][vc_column_text]<\/p>\n<p class=\"h2\">Regelm\u00e4\u00dfiger Austausch und Diskussionen<\/p>\n<section class=\"av_textblock_section \">\n<div class=\"avia_textblock \">\n<ul>\n<li>Gegr\u00fcndet im Jahr 2003 f\u00fcr die Entwicklung der Executive Education Programme.<\/li>\n<li>Bestehend aus etwa 40 Entscheidungstr\u00e4gern und F\u00fchrungskr\u00e4ften verschiedener Unternehmen.<\/li>\n<li>Regelm\u00e4\u00dfiger Austausch um fortlaufend neue Entwicklungen in der Arbeitswelt zu diskutieren und in die Programme einzubinden.<\/li>\n<\/ul>\n<\/div>\n<\/section>\n<p>[\/vc_column_text][\/vc_column][vc_column width=&#8221;1\/3&#8243;][\/vc_column][\/vc_row][vc_row][vc_column width=&#8221;2\/3&#8243;][vc_column_text]<\/p>\n<p class=\"h2\">Mitglieder<\/p>\n<p>[\/vc_column_text][\/vc_column][vc_column width=&#8221;1\/3&#8243;][\/vc_column][\/vc_row][vc_row][vc_column][vc_row_inner][vc_column_inner width=&#8221;1\/4&#8243;][vc_column_text]<b>Luc Albert <\/b><br \/>\nAnthesis Consulting Group Ltd[\/vc_column_text][\/vc_column_inner][vc_column_inner width=&#8221;1\/4&#8243;][vc_column_text]<b>Dr. J\u00f6rg Allg\u00e4uer<\/b><br \/>\nKPMG Deutschland[\/vc_column_text][\/vc_column_inner][vc_column_inner width=&#8221;1\/4&#8243;][vc_column_text]<strong>Frederick Armah<\/strong><br \/>\nDr. Armah-Biomedica GmbH &amp; Co.KG[\/vc_column_text][\/vc_column_inner][vc_column_inner width=&#8221;1\/4&#8243;][vc_column_text]<strong>Claudia Briem<\/strong><br \/>\nBayernLB[\/vc_column_text][\/vc_column_inner][\/vc_row_inner][vc_empty_space height=&#8221;15px&#8221;][vc_row_inner][vc_column_inner width=&#8221;1\/4&#8243;][vc_column_text]<b>Oliver Burda <\/b><br \/>\nSantander Consumer Bank AG[\/vc_column_text][\/vc_column_inner][vc_column_inner width=&#8221;1\/4&#8243;][vc_column_text]<b>Karin Carpentier <\/b><br \/>\nCGEM[\/vc_column_text][\/vc_column_inner][vc_column_inner width=&#8221;1\/4&#8243;][vc_column_text]<b>Dr. Holger Feist <\/b><br \/>\nMesse M\u00fcnchen GmbH[\/vc_column_text][\/vc_column_inner][vc_column_inner width=&#8221;1\/4&#8243;][vc_column_text]<strong>Sandra Freimuth<\/strong><br \/>\nHauck Aufh\u00e4user Lampe Privatbank AG[\/vc_column_text][\/vc_column_inner][\/vc_row_inner][vc_empty_space height=&#8221;15px&#8221;][vc_row_inner][vc_column_inner width=&#8221;1\/4&#8243;][vc_column_text]<b>Dr. Felix Gress <\/b><br \/>\nKommunikation mit Wirkung[\/vc_column_text][\/vc_column_inner][vc_column_inner width=&#8221;1\/4&#8243;][vc_column_text]<b>Veit M. Hirche <\/b><br \/>\nCareer Transition GmbH[\/vc_column_text][\/vc_column_inner][vc_column_inner width=&#8221;1\/4&#8243;][vc_column_text]<b>Dr. habil. Carlos J. H\u00e4rtel\u00a0<\/b><br \/>\nClimeworks[\/vc_column_text][\/vc_column_inner][vc_column_inner width=&#8221;1\/4&#8243;][vc_column_text]<b>Anabel Houben<br \/>\n<\/b>Houben &amp; Associates[\/vc_column_text][\/vc_column_inner][\/vc_row_inner][vc_empty_space height=&#8221;15px&#8221;][vc_row_inner][vc_column_inner width=&#8221;1\/4&#8243;][vc_column_text]<b>Dr. Joachim J\u00e4ckle<br \/>\n<\/b>BCG[\/vc_column_text][\/vc_column_inner][vc_column_inner width=&#8221;1\/4&#8243;][vc_column_text]<b>Anja Kiehne <\/b><br \/>\n<span class=\"org\">TASCHEN Holding GmbH &amp; Co. KG<\/span>[\/vc_column_text][\/vc_column_inner][vc_column_inner width=&#8221;1\/4&#8243;][vc_column_text]<strong>Jessica Kirch<\/strong><br \/>\nVaillant GmbH[\/vc_column_text][\/vc_column_inner][vc_column_inner width=&#8221;1\/4&#8243;][vc_column_text]<b>Frank Kohl-Boas<\/b><br \/>\nDIE ZEIT Verlagsgruppe[\/vc_column_text][\/vc_column_inner][\/vc_row_inner][vc_empty_space height=&#8221;15px&#8221;][vc_row_inner][vc_column_inner width=&#8221;1\/4&#8243;][vc_column_text]<strong>Sven Korndoerffer<br \/>\n<\/strong>Commerzbank AG[\/vc_column_text][\/vc_column_inner][vc_column_inner width=&#8221;1\/4&#8243;][vc_column_text]<b>Bernhard Kraus <\/b><br \/>\nTUM Institute for LifeLong Learning[\/vc_column_text][\/vc_column_inner][vc_column_inner width=&#8221;1\/4&#8243;][vc_column_text]<b>Prof. Dr. Helmut Krcmar <\/b><br \/>\nTUM &#8211; Chair for Information Systems[\/vc_column_text][\/vc_column_inner][vc_column_inner width=&#8221;1\/4&#8243;][vc_column_text]<b>Andreas Kuhndoerfer <\/b><br \/>\nSustainUP[\/vc_column_text][\/vc_column_inner][\/vc_row_inner][vc_empty_space height=&#8221;15px&#8221;][vc_row_inner][vc_column_inner width=&#8221;1\/4&#8243;][vc_column_text]<b>Dr. Christian Lawrence <\/b><br \/>\nBrunswick Group GmbH[\/vc_column_text][\/vc_column_inner][vc_column_inner width=&#8221;1\/4&#8243;][vc_column_text]<b>Wolfgang Mildner <\/b><br \/>\nHidronik[\/vc_column_text][\/vc_column_inner][vc_column_inner width=&#8221;1\/4&#8243;][vc_column_text]<b>Dr. Horst Nasko <\/b><br \/>\nHeinz Nixdorf Stiftung[\/vc_column_text][\/vc_column_inner][vc_column_inner width=&#8221;1\/4&#8243;][vc_column_text]<strong>Michael Nilles<\/strong><br \/>\nHenkel[\/vc_column_text][\/vc_column_inner][\/vc_row_inner][vc_empty_space height=&#8221;15px&#8221;][vc_row_inner][vc_column_inner width=&#8221;1\/4&#8243;][vc_column_text]<b>Birgit O\u00dfendorf-Will <\/b><br \/>\nStr\u00f6er Group[\/vc_column_text][\/vc_column_inner][vc_column_inner width=&#8221;1\/4&#8243;][vc_column_text]<b>Claudia Paul-Helten<br \/>\n<\/b>TUM Campus Heilbronn[\/vc_column_text][\/vc_column_inner][vc_column_inner width=&#8221;1\/4&#8243;][vc_column_text]<b>Prof. Dr. Claudia Peus<\/b><br \/>\nTUM Institute for LifeLong Learning[\/vc_column_text][\/vc_column_inner][vc_column_inner width=&#8221;1\/4&#8243;][vc_column_text]<b>Dr. Josef Pichlbauer <\/b><br \/>\nGreenfield Consulting[\/vc_column_text][\/vc_column_inner][\/vc_row_inner][vc_empty_space height=&#8221;15px&#8221;][vc_row_inner][vc_column_inner width=&#8221;1\/4&#8243;][vc_column_text]<strong><b>Andreas Posselt<\/b><\/strong><br \/>\nBayWa AG[\/vc_column_text][\/vc_column_inner][vc_column_inner width=&#8221;1\/4&#8243;][vc_column_text]<b>Horst P\u00fctz <\/b><br \/>\nSichtweise[\/vc_column_text][\/vc_column_inner][vc_column_inner width=&#8221;1\/4&#8243;][vc_column_text]<b>Esther Roman<\/b><br \/>\nMibelle Group[\/vc_column_text][\/vc_column_inner][vc_column_inner width=&#8221;1\/4&#8243;][vc_column_text]<b>Matteo Scaravelli <\/b><br \/>\nSchaeffler[\/vc_column_text][\/vc_column_inner][\/vc_row_inner][vc_empty_space height=&#8221;15px&#8221;][vc_row_inner][vc_column_inner width=&#8221;1\/4&#8243;][vc_column_text]<b>Hartmut Schick <\/b><br \/>\nDaimler AG[\/vc_column_text][\/vc_column_inner][vc_column_inner width=&#8221;1\/4&#8243;][vc_column_text]<b>Jan-Peter Schwartz <\/b><br \/>\nBrunswick Group GmbH[\/vc_column_text][\/vc_column_inner][vc_column_inner width=&#8221;1\/4&#8243;][vc_column_text]<b>Prof. Dr. Holger Sievert <\/b><br \/>\nMacromedia University of Applied Sciences[\/vc_column_text][\/vc_column_inner][vc_column_inner width=&#8221;1\/4&#8243;][vc_column_text]<strong>Gabriele Sommer<\/strong><br \/>\nT\u00dcV S\u00dcD AG[\/vc_column_text][\/vc_column_inner][\/vc_row_inner][vc_empty_space height=&#8221;15px&#8221;][vc_row_inner][vc_column_inner width=&#8221;1\/4&#8243;][vc_column_text]<b>Dr. Markus Sulzberger <\/b><br \/>\nSGO Stiftung[\/vc_column_text][\/vc_column_inner][vc_column_inner width=&#8221;1\/4&#8243;][vc_column_text]<b>Thomas Voigt <\/b><br \/>\nOtto Group[\/vc_column_text][\/vc_column_inner][vc_column_inner width=&#8221;1\/4&#8243;][vc_column_text]<strong>Marcel de Vries<\/strong><br \/>\nlimango GmbH[\/vc_column_text][\/vc_column_inner][vc_column_inner width=&#8221;1\/4&#8243;][vc_column_text]<b>Rainer Westermann <\/b><br \/>\nWestermann Advisors GmbH[\/vc_column_text][\/vc_column_inner][\/vc_row_inner][vc_empty_space height=&#8221;15px&#8221;][vc_row_inner][vc_column_inner width=&#8221;1\/4&#8243;][vc_column_text]<strong>Carolin Winkel<\/strong><br \/>\nZeppelin Group[\/vc_column_text][\/vc_column_inner][vc_column_inner width=&#8221;1\/4&#8243;][vc_column_text]<b>Dr. Thomas Zeilinger <\/b><br \/>\nLandeskirchenamt der Evangelisch- Lutherischen Kirche in Bayern[\/vc_column_text][\/vc_column_inner][vc_column_inner width=&#8221;1\/4&#8243;][\/vc_column_inner][vc_column_inner width=&#8221;1\/4&#8243;][\/vc_column_inner][\/vc_row_inner][\/vc_column][\/vc_row]<\/p>\n<\/div>","protected":false},"excerpt":{"rendered":"<p>[vc_row full_width=&#8221;stretch_row_content_no_spaces&#8221; dhsv_background_color=&#8221;bg_brand-primary&#8221;][vc_column][dhsv_vc_header bgimage=&#8221;61908&#8243; art=&#8221;grafik_no_overlay&#8221; height=&#8221;small&#8221; headline=&#8221;TUM Institute for LifeLong Learning Advisory Board&#8221; headline_format=&#8221;h1&#8243;][\/vc_column][\/vc_row][vc_row][vc_column width=&#8221;2\/3&#8243;][vc_empty_space height=&#8221;50px&#8221;][vc_column_text] Regelm\u00e4\u00dfiger Austausch und Diskussionen Gegr\u00fcndet im Jahr 2003 f\u00fcr die Entwicklung der Executive Education Programme. Bestehend aus etwa 40 Entscheidungstr\u00e4gern und F\u00fchrungskr\u00e4ften verschiedener Unternehmen. Regelm\u00e4\u00dfiger Austausch um fortlaufend neue Entwicklungen in der Arbeitswelt zu diskutieren und in die Programme einzubinden. [\/vc_column_text][\/vc_column][vc_column width=&#8221;1\/3&#8243;][\/vc_column][\/vc_row][vc_row][vc_column width=&#8221;2\/3&#8243;][vc_column_text] Mitglieder [\/vc_column_text][\/vc_column][vc_column width=&#8221;1\/3&#8243;][\/vc_column][\/vc_row][vc_row][vc_column][vc_row_inner][vc_column_inner width=&#8221;1\/4&#8243;][vc_column_text]Luc Albert Anthesis Consulting Group Ltd[\/vc_column_text][\/vc_column_inner][vc_column_inner width=&#8221;1\/4&#8243;][vc_column_text]Dr. J\u00f6rg Allg\u00e4uer KPMG Deutschland[\/vc_column_text][\/vc_column_inner][vc_column_inner width=&#8221;1\/4&#8243;][vc_column_text]Frederick Armah Dr. Armah-Biomedica GmbH &amp; Co.KG[\/vc_column_text][\/vc_column_inner][vc_column_inner <a target=\"_blank\" class=\"moretag\" href=\"http:\/\/ex.lll.tum.de.devweb.mwn.de\/de\/about\/executive-professional-education-board\/\">Read More here<\/a><\/p>\n","protected":false},"author":26,"featured_media":0,"parent":203,"menu_order":148,"comment_status":"closed","ping_status":"closed","template":"","meta":[],"acf":[],"yoast_head":"<!-- This site is optimized with the Yoast SEO Premium plugin v19.5 (Yoast SEO v19.10) - https:\/\/yoast.com\/wordpress\/plugins\/seo\/ -->\n<title>TUM Institute for LifeLong Learning Advisory Board - TUM Executive &amp; Professional Education<\/title>\n<meta name=\"robots\" content=\"noindex, follow, max-snippet:-1, max-image-preview:large, max-video-preview:-1\" \/>\n<meta property=\"og:locale\" content=\"de_DE\" \/>\n<meta property=\"og:type\" content=\"article\" \/>\n<meta property=\"og:title\" content=\"TUM Institute for LifeLong Learning Advisory Board\" \/>\n<meta property=\"og:description\" content=\"[vc_row full_width=&#8221;stretch_row_content_no_spaces&#8221; dhsv_background_color=&#8221;bg_brand-primary&#8221;][vc_column][dhsv_vc_header bgimage=&#8221;61908&#8243; art=&#8221;grafik_no_overlay&#8221; height=&#8221;small&#8221; headline=&#8221;TUM Institute for LifeLong Learning Advisory Board&#8221; headline_format=&#8221;h1&#8243;][\/vc_column][\/vc_row][vc_row][vc_column width=&#8221;2\/3&#8243;][vc_empty_space height=&#8221;50px&#8221;][vc_column_text] Regelm\u00e4\u00dfiger Austausch und Diskussionen Gegr\u00fcndet im Jahr 2003 f\u00fcr die Entwicklung der Executive Education Programme. Bestehend aus etwa 40 Entscheidungstr\u00e4gern und F\u00fchrungskr\u00e4ften verschiedener Unternehmen. Regelm\u00e4\u00dfiger Austausch um fortlaufend neue Entwicklungen in der Arbeitswelt zu diskutieren und in die Programme einzubinden. [\/vc_column_text][\/vc_column][vc_column width=&#8221;1\/3&#8243;][\/vc_column][\/vc_row][vc_row][vc_column width=&#8221;2\/3&#8243;][vc_column_text] Mitglieder [\/vc_column_text][\/vc_column][vc_column width=&#8221;1\/3&#8243;][\/vc_column][\/vc_row][vc_row][vc_column][vc_row_inner][vc_column_inner width=&#8221;1\/4&#8243;][vc_column_text]Luc Albert Anthesis Consulting Group Ltd[\/vc_column_text][\/vc_column_inner][vc_column_inner width=&#8221;1\/4&#8243;][vc_column_text]Dr. J\u00f6rg Allg\u00e4uer KPMG Deutschland[\/vc_column_text][\/vc_column_inner][vc_column_inner width=&#8221;1\/4&#8243;][vc_column_text]Frederick Armah Dr. Armah-Biomedica GmbH &amp; Co.KG[\/vc_column_text][\/vc_column_inner][vc_column_inner Read More here\" \/>\n<meta property=\"og:url\" content=\"http:\/\/ex.lll.tum.de.devweb.mwn.de\/de\/about\/executive-professional-education-board\/\" \/>\n<meta property=\"og:site_name\" content=\"TUM Executive &amp; Professional Education\" \/>\n<meta property=\"article:modified_time\" content=\"2024-03-05T13:22:36+00:00\" \/>\n<meta name=\"twitter:card\" content=\"summary_large_image\" \/>\n<meta name=\"twitter:label1\" content=\"Gesch\u00e4tzte Lesezeit\" \/>\n\t<meta name=\"twitter:data1\" content=\"2\u00a0Minuten\" \/>\n<script type=\"application\/ld+json\" class=\"yoast-schema-graph\">{\"@context\":\"https:\/\/schema.org\",\"@graph\":[{\"@type\":\"WebPage\",\"@id\":\"http:\/\/ex.lll.tum.de.devweb.mwn.de\/de\/about\/executive-professional-education-board\/\",\"url\":\"http:\/\/ex.lll.tum.de.devweb.mwn.de\/de\/about\/executive-professional-education-board\/\",\"name\":\"TUM Institute for LifeLong Learning Advisory Board - TUM Executive &amp; Professional Education\",\"isPartOf\":{\"@id\":\"http:\/\/ex.lll.tum.de.devweb.mwn.de\/de\/#website\"},\"datePublished\":\"2018-05-30T09:04:34+00:00\",\"dateModified\":\"2024-03-05T13:22:36+00:00\",\"breadcrumb\":{\"@id\":\"http:\/\/ex.lll.tum.de.devweb.mwn.de\/de\/about\/executive-professional-education-board\/#breadcrumb\"},\"inLanguage\":\"de\",\"potentialAction\":[{\"@type\":\"ReadAction\",\"target\":[\"http:\/\/ex.lll.tum.de.devweb.mwn.de\/de\/about\/executive-professional-education-board\/\"]}]},{\"@type\":\"BreadcrumbList\",\"@id\":\"http:\/\/ex.lll.tum.de.devweb.mwn.de\/de\/about\/executive-professional-education-board\/#breadcrumb\",\"itemListElement\":[{\"@type\":\"ListItem\",\"position\":1,\"name\":\"Home\",\"item\":\"http:\/\/ex.lll.tum.de.devweb.mwn.de\/de\/\"},{\"@type\":\"ListItem\",\"position\":2,\"name\":\"About\",\"item\":\"https:\/\/ex.lll.tum.de.devweb.mwn.de\/de\/about\/\"},{\"@type\":\"ListItem\",\"position\":3,\"name\":\"TUM Institute for LifeLong Learning Advisory Board\"}]},{\"@type\":\"WebSite\",\"@id\":\"http:\/\/ex.lll.tum.de.devweb.mwn.de\/de\/#website\",\"url\":\"http:\/\/ex.lll.tum.de.devweb.mwn.de\/de\/\",\"name\":\"TUM Executive &amp; Professional Education\",\"description\":\"\",\"potentialAction\":[{\"@type\":\"SearchAction\",\"target\":{\"@type\":\"EntryPoint\",\"urlTemplate\":\"http:\/\/ex.lll.tum.de.devweb.mwn.de\/de\/?s={search_term_string}\"},\"query-input\":\"required name=search_term_string\"}],\"inLanguage\":\"de\"}]}<\/script>\n<!-- \/ Yoast SEO Premium plugin. -->","yoast_head_json":{"title":"TUM Institute for LifeLong Learning Advisory Board - TUM Executive &amp; Professional Education","robots":{"index":"noindex","follow":"follow","max-snippet":"max-snippet:-1","max-image-preview":"max-image-preview:large","max-video-preview":"max-video-preview:-1"},"og_locale":"de_DE","og_type":"article","og_title":"TUM Institute for LifeLong Learning Advisory Board","og_description":"[vc_row full_width=&#8221;stretch_row_content_no_spaces&#8221; dhsv_background_color=&#8221;bg_brand-primary&#8221;][vc_column][dhsv_vc_header bgimage=&#8221;61908&#8243; art=&#8221;grafik_no_overlay&#8221; height=&#8221;small&#8221; headline=&#8221;TUM Institute for LifeLong Learning Advisory Board&#8221; headline_format=&#8221;h1&#8243;][\/vc_column][\/vc_row][vc_row][vc_column width=&#8221;2\/3&#8243;][vc_empty_space height=&#8221;50px&#8221;][vc_column_text] Regelm\u00e4\u00dfiger Austausch und Diskussionen Gegr\u00fcndet im Jahr 2003 f\u00fcr die Entwicklung der Executive Education Programme. Bestehend aus etwa 40 Entscheidungstr\u00e4gern und F\u00fchrungskr\u00e4ften verschiedener Unternehmen. Regelm\u00e4\u00dfiger Austausch um fortlaufend neue Entwicklungen in der Arbeitswelt zu diskutieren und in die Programme einzubinden. [\/vc_column_text][\/vc_column][vc_column width=&#8221;1\/3&#8243;][\/vc_column][\/vc_row][vc_row][vc_column width=&#8221;2\/3&#8243;][vc_column_text] Mitglieder [\/vc_column_text][\/vc_column][vc_column width=&#8221;1\/3&#8243;][\/vc_column][\/vc_row][vc_row][vc_column][vc_row_inner][vc_column_inner width=&#8221;1\/4&#8243;][vc_column_text]Luc Albert Anthesis Consulting Group Ltd[\/vc_column_text][\/vc_column_inner][vc_column_inner width=&#8221;1\/4&#8243;][vc_column_text]Dr. J\u00f6rg Allg\u00e4uer KPMG Deutschland[\/vc_column_text][\/vc_column_inner][vc_column_inner width=&#8221;1\/4&#8243;][vc_column_text]Frederick Armah Dr. Armah-Biomedica GmbH &amp; Co.KG[\/vc_column_text][\/vc_column_inner][vc_column_inner Read More here","og_url":"http:\/\/ex.lll.tum.de.devweb.mwn.de\/de\/about\/executive-professional-education-board\/","og_site_name":"TUM Executive &amp; Professional Education","article_modified_time":"2024-03-05T13:22:36+00:00","twitter_card":"summary_large_image","twitter_misc":{"Gesch\u00e4tzte Lesezeit":"2\u00a0Minuten"},"schema":{"@context":"https:\/\/schema.org","@graph":[{"@type":"WebPage","@id":"http:\/\/ex.lll.tum.de.devweb.mwn.de\/de\/about\/executive-professional-education-board\/","url":"http:\/\/ex.lll.tum.de.devweb.mwn.de\/de\/about\/executive-professional-education-board\/","name":"TUM Institute for LifeLong Learning Advisory Board - TUM Executive &amp; Professional Education","isPartOf":{"@id":"http:\/\/ex.lll.tum.de.devweb.mwn.de\/de\/#website"},"datePublished":"2018-05-30T09:04:34+00:00","dateModified":"2024-03-05T13:22:36+00:00","breadcrumb":{"@id":"http:\/\/ex.lll.tum.de.devweb.mwn.de\/de\/about\/executive-professional-education-board\/#breadcrumb"},"inLanguage":"de","potentialAction":[{"@type":"ReadAction","target":["http:\/\/ex.lll.tum.de.devweb.mwn.de\/de\/about\/executive-professional-education-board\/"]}]},{"@type":"BreadcrumbList","@id":"http:\/\/ex.lll.tum.de.devweb.mwn.de\/de\/about\/executive-professional-education-board\/#breadcrumb","itemListElement":[{"@type":"ListItem","position":1,"name":"Home","item":"http:\/\/ex.lll.tum.de.devweb.mwn.de\/de\/"},{"@type":"ListItem","position":2,"name":"About","item":"https:\/\/ex.lll.tum.de.devweb.mwn.de\/de\/about\/"},{"@type":"ListItem","position":3,"name":"TUM Institute for LifeLong Learning Advisory Board"}]},{"@type":"WebSite","@id":"http:\/\/ex.lll.tum.de.devweb.mwn.de\/de\/#website","url":"http:\/\/ex.lll.tum.de.devweb.mwn.de\/de\/","name":"TUM Executive &amp; Professional Education","description":"","potentialAction":[{"@type":"SearchAction","target":{"@type":"EntryPoint","urlTemplate":"http:\/\/ex.lll.tum.de.devweb.mwn.de\/de\/?s={search_term_string}"},"query-input":"required name=search_term_string"}],"inLanguage":"de"}]}},"_links":{"self":[{"href":"http:\/\/ex.lll.tum.de.devweb.mwn.de\/de\/wp-json\/wp\/v2\/pages\/15646"}],"collection":[{"href":"http:\/\/ex.lll.tum.de.devweb.mwn.de\/de\/wp-json\/wp\/v2\/pages"}],"about":[{"href":"http:\/\/ex.lll.tum.de.devweb.mwn.de\/de\/wp-json\/wp\/v2\/types\/page"}],"author":[{"embeddable":true,"href":"http:\/\/ex.lll.tum.de.devweb.mwn.de\/de\/wp-json\/wp\/v2\/users\/26"}],"replies":[{"embeddable":true,"href":"http:\/\/ex.lll.tum.de.devweb.mwn.de\/de\/wp-json\/wp\/v2\/comments?post=15646"}],"version-history":[{"count":19,"href":"http:\/\/ex.lll.tum.de.devweb.mwn.de\/de\/wp-json\/wp\/v2\/pages\/15646\/revisions"}],"predecessor-version":[{"id":181314,"href":"http:\/\/ex.lll.tum.de.devweb.mwn.de\/de\/wp-json\/wp\/v2\/pages\/15646\/revisions\/181314"}],"up":[{"embeddable":true,"href":"http:\/\/ex.lll.tum.de.devweb.mwn.de\/de\/wp-json\/wp\/v2\/pages\/203"}],"wp:attachment":[{"href":"http:\/\/ex.lll.tum.de.devweb.mwn.de\/de\/wp-json\/wp\/v2\/media?parent=15646"}],"curies":[{"name":"wp","href":"https:\/\/api.w.org\/{rel}","templated":true}]}}