{"id":151376,"date":"2020-07-24T13:53:54","date_gmt":"2020-07-24T13:53:54","guid":{"rendered":"https:\/\/www.lll.tum.de\/unsubscribe\/"},"modified":"2022-07-21T12:07:35","modified_gmt":"2022-07-21T10:07:35","slug":"unsubscribe-2","status":"publish","type":"page","link":"http:\/\/ex.lll.tum.de.devweb.mwn.de\/de\/unsubscribe-2\/","title":{"rendered":"Ihre Abmeldung von unserem Newsletter"},"content":{"rendered":"<div class=\"wpb-content-wrapper\"><p>[vc_row][vc_column][vc_column_text]<strong>Ihre Abmeldung von unserem Newsletter<\/strong><\/p>\n<p>Sie haben uns mitgeteilt, dass Sie sich vom Newsletter-Angebot des TUM Institute for LifeLong Learning abmelden m\u00f6chten. Diese Abmeldung k\u00f6nnen wir hiermit best\u00e4tigen.<\/p>\n<p>Wir w\u00fcrden uns freuen, wenn wir Sie bald erneut zu unseren Leser*innen z\u00e4hlen d\u00fcrfen.<\/p>\n<p>Bis es soweit ist, freuen wir uns, wenn Sie uns auf <a href=\"https:\/\/www.linkedin.com\/school\/tum-institute-for-lifelong-learning\">LinkedIn<\/a>\u00a0f\u00fcr tagesaktuelle Updates aus dem TUM Institute for LifeLong Learning folgen.<\/p>\n<p>Zum Newsletter-Angebot anmelden k\u00f6nnen Sie sich jederzeit \u00fcber diesen Link.[\/vc_column_text][\/vc_column][\/vc_row]<\/p>\n<\/div>","protected":false},"excerpt":{"rendered":"<p>[vc_row][vc_column][vc_column_text]Ihre Abmeldung von unserem Newsletter Sie haben uns mitgeteilt, dass Sie sich vom Newsletter-Angebot des TUM Institute for LifeLong Learning abmelden m\u00f6chten. Diese Abmeldung k\u00f6nnen wir hiermit best\u00e4tigen. Wir w\u00fcrden uns freuen, wenn wir Sie bald erneut zu unseren Leser*innen z\u00e4hlen d\u00fcrfen. Bis es soweit ist, freuen wir uns, wenn Sie uns auf LinkedIn\u00a0f\u00fcr tagesaktuelle Updates aus dem TUM Institute for LifeLong Learning folgen. Zum Newsletter-Angebot anmelden k\u00f6nnen Sie sich jederzeit \u00fcber diesen Link.[\/vc_column_text][\/vc_column][\/vc_row]<\/p>\n","protected":false},"author":26,"featured_media":0,"parent":0,"menu_order":94,"comment_status":"closed","ping_status":"closed","template":"","meta":[],"acf":[],"yoast_head":"<!-- This site is optimized with the Yoast SEO Premium plugin v19.5 (Yoast SEO v19.10) - https:\/\/yoast.com\/wordpress\/plugins\/seo\/ -->\n<title>Ihre Abmeldung von unserem Newsletter - TUM Executive &amp; Professional Education<\/title>\n<meta name=\"robots\" content=\"noindex, follow, max-snippet:-1, max-image-preview:large, max-video-preview:-1\" \/>\n<meta property=\"og:locale\" content=\"de_DE\" \/>\n<meta property=\"og:type\" content=\"article\" \/>\n<meta property=\"og:title\" content=\"Ihre Abmeldung von unserem Newsletter\" \/>\n<meta property=\"og:description\" content=\"[vc_row][vc_column][vc_column_text]Ihre Abmeldung von unserem Newsletter Sie haben uns mitgeteilt, dass Sie sich vom Newsletter-Angebot des TUM Institute for LifeLong Learning abmelden m\u00f6chten. Diese Abmeldung k\u00f6nnen wir hiermit best\u00e4tigen. Wir w\u00fcrden uns freuen, wenn wir Sie bald erneut zu unseren Leser*innen z\u00e4hlen d\u00fcrfen. Bis es soweit ist, freuen wir uns, wenn Sie uns auf LinkedIn\u00a0f\u00fcr tagesaktuelle Updates aus dem TUM Institute for LifeLong Learning folgen. Zum Newsletter-Angebot anmelden k\u00f6nnen Sie sich jederzeit \u00fcber diesen Link.[\/vc_column_text][\/vc_column][\/vc_row]\" \/>\n<meta property=\"og:url\" content=\"https:\/\/ex.lll.tum.de.devweb.mwn.de\/de\/unsubscribe-2\/\" \/>\n<meta property=\"og:site_name\" content=\"TUM Executive &amp; Professional Education\" \/>\n<meta property=\"article:modified_time\" content=\"2022-07-21T10:07:35+00:00\" \/>\n<meta name=\"twitter:card\" content=\"summary_large_image\" \/>\n<meta name=\"twitter:label1\" content=\"Gesch\u00e4tzte Lesezeit\" \/>\n\t<meta name=\"twitter:data1\" content=\"1\u00a0Minute\" \/>\n<script type=\"application\/ld+json\" class=\"yoast-schema-graph\">{\"@context\":\"https:\/\/schema.org\",\"@graph\":[{\"@type\":\"WebPage\",\"@id\":\"https:\/\/ex.lll.tum.de.devweb.mwn.de\/de\/unsubscribe-2\/\",\"url\":\"https:\/\/ex.lll.tum.de.devweb.mwn.de\/de\/unsubscribe-2\/\",\"name\":\"Ihre Abmeldung von unserem Newsletter - TUM Executive &amp; Professional Education\",\"isPartOf\":{\"@id\":\"http:\/\/ex.lll.tum.de.devweb.mwn.de\/de\/#website\"},\"datePublished\":\"2020-07-24T13:53:54+00:00\",\"dateModified\":\"2022-07-21T10:07:35+00:00\",\"breadcrumb\":{\"@id\":\"https:\/\/ex.lll.tum.de.devweb.mwn.de\/de\/unsubscribe-2\/#breadcrumb\"},\"inLanguage\":\"de\",\"potentialAction\":[{\"@type\":\"ReadAction\",\"target\":[\"https:\/\/ex.lll.tum.de.devweb.mwn.de\/de\/unsubscribe-2\/\"]}]},{\"@type\":\"BreadcrumbList\",\"@id\":\"https:\/\/ex.lll.tum.de.devweb.mwn.de\/de\/unsubscribe-2\/#breadcrumb\",\"itemListElement\":[{\"@type\":\"ListItem\",\"position\":1,\"name\":\"Home\",\"item\":\"http:\/\/ex.lll.tum.de.devweb.mwn.de\/de\/\"},{\"@type\":\"ListItem\",\"position\":2,\"name\":\"Ihre Abmeldung von unserem Newsletter\"}]},{\"@type\":\"WebSite\",\"@id\":\"http:\/\/ex.lll.tum.de.devweb.mwn.de\/de\/#website\",\"url\":\"http:\/\/ex.lll.tum.de.devweb.mwn.de\/de\/\",\"name\":\"TUM Executive &amp; Professional Education\",\"description\":\"\",\"potentialAction\":[{\"@type\":\"SearchAction\",\"target\":{\"@type\":\"EntryPoint\",\"urlTemplate\":\"http:\/\/ex.lll.tum.de.devweb.mwn.de\/de\/?s={search_term_string}\"},\"query-input\":\"required name=search_term_string\"}],\"inLanguage\":\"de\"}]}<\/script>\n<!-- \/ Yoast SEO Premium plugin. -->","yoast_head_json":{"title":"Ihre Abmeldung von unserem Newsletter - TUM Executive &amp; Professional Education","robots":{"index":"noindex","follow":"follow","max-snippet":"max-snippet:-1","max-image-preview":"max-image-preview:large","max-video-preview":"max-video-preview:-1"},"og_locale":"de_DE","og_type":"article","og_title":"Ihre Abmeldung von unserem Newsletter","og_description":"[vc_row][vc_column][vc_column_text]Ihre Abmeldung von unserem Newsletter Sie haben uns mitgeteilt, dass Sie sich vom Newsletter-Angebot des TUM Institute for LifeLong Learning abmelden m\u00f6chten. Diese Abmeldung k\u00f6nnen wir hiermit best\u00e4tigen. Wir w\u00fcrden uns freuen, wenn wir Sie bald erneut zu unseren Leser*innen z\u00e4hlen d\u00fcrfen. Bis es soweit ist, freuen wir uns, wenn Sie uns auf LinkedIn\u00a0f\u00fcr tagesaktuelle Updates aus dem TUM Institute for LifeLong Learning folgen. Zum Newsletter-Angebot anmelden k\u00f6nnen Sie sich jederzeit \u00fcber diesen Link.[\/vc_column_text][\/vc_column][\/vc_row]","og_url":"https:\/\/ex.lll.tum.de.devweb.mwn.de\/de\/unsubscribe-2\/","og_site_name":"TUM Executive &amp; Professional Education","article_modified_time":"2022-07-21T10:07:35+00:00","twitter_card":"summary_large_image","twitter_misc":{"Gesch\u00e4tzte Lesezeit":"1\u00a0Minute"},"schema":{"@context":"https:\/\/schema.org","@graph":[{"@type":"WebPage","@id":"https:\/\/ex.lll.tum.de.devweb.mwn.de\/de\/unsubscribe-2\/","url":"https:\/\/ex.lll.tum.de.devweb.mwn.de\/de\/unsubscribe-2\/","name":"Ihre Abmeldung von unserem Newsletter - TUM Executive &amp; Professional Education","isPartOf":{"@id":"http:\/\/ex.lll.tum.de.devweb.mwn.de\/de\/#website"},"datePublished":"2020-07-24T13:53:54+00:00","dateModified":"2022-07-21T10:07:35+00:00","breadcrumb":{"@id":"https:\/\/ex.lll.tum.de.devweb.mwn.de\/de\/unsubscribe-2\/#breadcrumb"},"inLanguage":"de","potentialAction":[{"@type":"ReadAction","target":["https:\/\/ex.lll.tum.de.devweb.mwn.de\/de\/unsubscribe-2\/"]}]},{"@type":"BreadcrumbList","@id":"https:\/\/ex.lll.tum.de.devweb.mwn.de\/de\/unsubscribe-2\/#breadcrumb","itemListElement":[{"@type":"ListItem","position":1,"name":"Home","item":"http:\/\/ex.lll.tum.de.devweb.mwn.de\/de\/"},{"@type":"ListItem","position":2,"name":"Ihre Abmeldung von unserem Newsletter"}]},{"@type":"WebSite","@id":"http:\/\/ex.lll.tum.de.devweb.mwn.de\/de\/#website","url":"http:\/\/ex.lll.tum.de.devweb.mwn.de\/de\/","name":"TUM Executive &amp; Professional Education","description":"","potentialAction":[{"@type":"SearchAction","target":{"@type":"EntryPoint","urlTemplate":"http:\/\/ex.lll.tum.de.devweb.mwn.de\/de\/?s={search_term_string}"},"query-input":"required name=search_term_string"}],"inLanguage":"de"}]}},"_links":{"self":[{"href":"http:\/\/ex.lll.tum.de.devweb.mwn.de\/de\/wp-json\/wp\/v2\/pages\/151376"}],"collection":[{"href":"http:\/\/ex.lll.tum.de.devweb.mwn.de\/de\/wp-json\/wp\/v2\/pages"}],"about":[{"href":"http:\/\/ex.lll.tum.de.devweb.mwn.de\/de\/wp-json\/wp\/v2\/types\/page"}],"author":[{"embeddable":true,"href":"http:\/\/ex.lll.tum.de.devweb.mwn.de\/de\/wp-json\/wp\/v2\/users\/26"}],"replies":[{"embeddable":true,"href":"http:\/\/ex.lll.tum.de.devweb.mwn.de\/de\/wp-json\/wp\/v2\/comments?post=151376"}],"version-history":[{"count":2,"href":"http:\/\/ex.lll.tum.de.devweb.mwn.de\/de\/wp-json\/wp\/v2\/pages\/151376\/revisions"}],"predecessor-version":[{"id":166000,"href":"http:\/\/ex.lll.tum.de.devweb.mwn.de\/de\/wp-json\/wp\/v2\/pages\/151376\/revisions\/166000"}],"wp:attachment":[{"href":"http:\/\/ex.lll.tum.de.devweb.mwn.de\/de\/wp-json\/wp\/v2\/media?parent=151376"}],"curies":[{"name":"wp","href":"https:\/\/api.w.org\/{rel}","templated":true}]}}