{"id":150651,"date":"2021-12-09T18:16:25","date_gmt":"2021-12-09T17:16:25","guid":{"rendered":"https:\/\/www.lll.tum.de\/?page_id=150651"},"modified":"2021-12-29T10:20:19","modified_gmt":"2021-12-29T09:20:19","slug":"vielen-dank-newsletter","status":"publish","type":"page","link":"http:\/\/ex.lll.tum.de.devweb.mwn.de\/de\/vielen-dank-newsletter\/","title":{"rendered":"Vielen Dank f\u00fcr Ihre Anmeldung"},"content":{"rendered":"<div class=\"wpb-content-wrapper\"><p>[vc_row][vc_column][vc_empty_space height=&#8221;50px&#8221;][vc_column_text]<strong>Vielen Dank f\u00fcr Ihre Anmeldung zum Newsletter!<\/strong><\/p>\n<p>Wir freuen uns, dass Sie sich f\u00fcr Neuigkeiten aus dem TUM Institute for LifeLong Learning interessieren. In K\u00fcrze senden wir eine E-Mail an die bei der Registrierung angegebenen Adresse mit kurzer Best\u00e4tigung Ihrer Anmeldung.<\/p>\n<p>Vielleicht sind in der Zwischenzeit folgende Links f\u00fcr Sie spannend:[\/vc_column_text][dhsv_vc_button link=&#8221;url:https%3A%2F%2Fwww.lll.tum.de%2Fevents-news%2F|title:News%20%26%20Events&#8221; icon=&#8221;intern&#8221;][dhsv_vc_button link=&#8221;url:https%3A%2F%2Fwww.lll.tum.de%2Fde|title:Startseite&#8221; icon=&#8221;intern&#8221;][\/vc_column][\/vc_row]<\/p>\n<\/div>","protected":false},"excerpt":{"rendered":"<p>[vc_row][vc_column][vc_empty_space height=&#8221;50px&#8221;][vc_column_text]Vielen Dank f\u00fcr Ihre Anmeldung zum Newsletter! Wir freuen uns, dass Sie sich f\u00fcr Neuigkeiten aus dem TUM Institute for LifeLong Learning interessieren. In K\u00fcrze senden wir eine E-Mail an die bei der Registrierung angegebenen Adresse mit kurzer Best\u00e4tigung Ihrer Anmeldung. Vielleicht sind in der Zwischenzeit folgende Links f\u00fcr Sie spannend:[\/vc_column_text][dhsv_vc_button link=&#8221;url:https%3A%2F%2Fwww.lll.tum.de%2Fevents-news%2F|title:News%20%26%20Events&#8221; icon=&#8221;intern&#8221;][dhsv_vc_button link=&#8221;url:https%3A%2F%2Fwww.lll.tum.de%2Fde|title:Startseite&#8221; icon=&#8221;intern&#8221;][\/vc_column][\/vc_row]<\/p>\n","protected":false},"author":26,"featured_media":0,"parent":0,"menu_order":123,"comment_status":"closed","ping_status":"closed","template":"","meta":[],"acf":[],"yoast_head":"<!-- This site is optimized with the Yoast SEO Premium plugin v19.5 (Yoast SEO v19.10) - https:\/\/yoast.com\/wordpress\/plugins\/seo\/ -->\n<title>Vielen Dank f\u00fcr Ihre Anmeldung - TUM Executive &amp; Professional Education<\/title>\n<meta name=\"robots\" content=\"noindex, nofollow\" \/>\n<meta property=\"og:locale\" content=\"de_DE\" \/>\n<meta property=\"og:type\" content=\"article\" \/>\n<meta property=\"og:title\" content=\"Vielen Dank f\u00fcr Ihre Anmeldung\" \/>\n<meta property=\"og:description\" content=\"[vc_row][vc_column][vc_empty_space height=&#8221;50px&#8221;][vc_column_text]Vielen Dank f\u00fcr Ihre Anmeldung zum Newsletter! Wir freuen uns, dass Sie sich f\u00fcr Neuigkeiten aus dem TUM Institute for LifeLong Learning interessieren. In K\u00fcrze senden wir eine E-Mail an die bei der Registrierung angegebenen Adresse mit kurzer Best\u00e4tigung Ihrer Anmeldung. Vielleicht sind in der Zwischenzeit folgende Links f\u00fcr Sie spannend:[\/vc_column_text][dhsv_vc_button link=&#8221;url:https%3A%2F%2Fwww.lll.tum.de%2Fevents-news%2F|title:News%20%26%20Events&#8221; icon=&#8221;intern&#8221;][dhsv_vc_button link=&#8221;url:https%3A%2F%2Fwww.lll.tum.de%2Fde|title:Startseite&#8221; icon=&#8221;intern&#8221;][\/vc_column][\/vc_row]\" \/>\n<meta property=\"og:url\" content=\"https:\/\/ex.lll.tum.de.devweb.mwn.de\/de\/vielen-dank-newsletter\/\" \/>\n<meta property=\"og:site_name\" content=\"TUM Executive &amp; Professional Education\" \/>\n<meta property=\"article:modified_time\" content=\"2021-12-29T09:20:19+00:00\" \/>\n<meta name=\"twitter:card\" content=\"summary_large_image\" \/>\n<meta name=\"twitter:label1\" content=\"Gesch\u00e4tzte Lesezeit\" \/>\n\t<meta name=\"twitter:data1\" content=\"1\u00a0Minute\" \/>\n<script type=\"application\/ld+json\" class=\"yoast-schema-graph\">{\"@context\":\"https:\/\/schema.org\",\"@graph\":[{\"@type\":\"WebPage\",\"@id\":\"https:\/\/ex.lll.tum.de.devweb.mwn.de\/de\/vielen-dank-newsletter\/\",\"url\":\"https:\/\/ex.lll.tum.de.devweb.mwn.de\/de\/vielen-dank-newsletter\/\",\"name\":\"Vielen Dank f\u00fcr Ihre Anmeldung - TUM Executive &amp; Professional Education\",\"isPartOf\":{\"@id\":\"http:\/\/ex.lll.tum.de.devweb.mwn.de\/de\/#website\"},\"datePublished\":\"2021-12-09T17:16:25+00:00\",\"dateModified\":\"2021-12-29T09:20:19+00:00\",\"breadcrumb\":{\"@id\":\"https:\/\/ex.lll.tum.de.devweb.mwn.de\/de\/vielen-dank-newsletter\/#breadcrumb\"},\"inLanguage\":\"de\",\"potentialAction\":[{\"@type\":\"ReadAction\",\"target\":[\"https:\/\/ex.lll.tum.de.devweb.mwn.de\/de\/vielen-dank-newsletter\/\"]}]},{\"@type\":\"BreadcrumbList\",\"@id\":\"https:\/\/ex.lll.tum.de.devweb.mwn.de\/de\/vielen-dank-newsletter\/#breadcrumb\",\"itemListElement\":[{\"@type\":\"ListItem\",\"position\":1,\"name\":\"Home\",\"item\":\"http:\/\/ex.lll.tum.de.devweb.mwn.de\/de\/\"},{\"@type\":\"ListItem\",\"position\":2,\"name\":\"Vielen Dank f\u00fcr Ihre Anmeldung\"}]},{\"@type\":\"WebSite\",\"@id\":\"http:\/\/ex.lll.tum.de.devweb.mwn.de\/de\/#website\",\"url\":\"http:\/\/ex.lll.tum.de.devweb.mwn.de\/de\/\",\"name\":\"TUM Executive &amp; Professional Education\",\"description\":\"\",\"potentialAction\":[{\"@type\":\"SearchAction\",\"target\":{\"@type\":\"EntryPoint\",\"urlTemplate\":\"http:\/\/ex.lll.tum.de.devweb.mwn.de\/de\/?s={search_term_string}\"},\"query-input\":\"required name=search_term_string\"}],\"inLanguage\":\"de\"}]}<\/script>\n<!-- \/ Yoast SEO Premium plugin. -->","yoast_head_json":{"title":"Vielen Dank f\u00fcr Ihre Anmeldung - TUM Executive &amp; Professional Education","robots":{"index":"noindex","follow":"nofollow"},"og_locale":"de_DE","og_type":"article","og_title":"Vielen Dank f\u00fcr Ihre Anmeldung","og_description":"[vc_row][vc_column][vc_empty_space height=&#8221;50px&#8221;][vc_column_text]Vielen Dank f\u00fcr Ihre Anmeldung zum Newsletter! Wir freuen uns, dass Sie sich f\u00fcr Neuigkeiten aus dem TUM Institute for LifeLong Learning interessieren. In K\u00fcrze senden wir eine E-Mail an die bei der Registrierung angegebenen Adresse mit kurzer Best\u00e4tigung Ihrer Anmeldung. Vielleicht sind in der Zwischenzeit folgende Links f\u00fcr Sie spannend:[\/vc_column_text][dhsv_vc_button link=&#8221;url:https%3A%2F%2Fwww.lll.tum.de%2Fevents-news%2F|title:News%20%26%20Events&#8221; icon=&#8221;intern&#8221;][dhsv_vc_button link=&#8221;url:https%3A%2F%2Fwww.lll.tum.de%2Fde|title:Startseite&#8221; icon=&#8221;intern&#8221;][\/vc_column][\/vc_row]","og_url":"https:\/\/ex.lll.tum.de.devweb.mwn.de\/de\/vielen-dank-newsletter\/","og_site_name":"TUM Executive &amp; Professional Education","article_modified_time":"2021-12-29T09:20:19+00:00","twitter_card":"summary_large_image","twitter_misc":{"Gesch\u00e4tzte Lesezeit":"1\u00a0Minute"},"schema":{"@context":"https:\/\/schema.org","@graph":[{"@type":"WebPage","@id":"https:\/\/ex.lll.tum.de.devweb.mwn.de\/de\/vielen-dank-newsletter\/","url":"https:\/\/ex.lll.tum.de.devweb.mwn.de\/de\/vielen-dank-newsletter\/","name":"Vielen Dank f\u00fcr Ihre Anmeldung - TUM Executive &amp; Professional Education","isPartOf":{"@id":"http:\/\/ex.lll.tum.de.devweb.mwn.de\/de\/#website"},"datePublished":"2021-12-09T17:16:25+00:00","dateModified":"2021-12-29T09:20:19+00:00","breadcrumb":{"@id":"https:\/\/ex.lll.tum.de.devweb.mwn.de\/de\/vielen-dank-newsletter\/#breadcrumb"},"inLanguage":"de","potentialAction":[{"@type":"ReadAction","target":["https:\/\/ex.lll.tum.de.devweb.mwn.de\/de\/vielen-dank-newsletter\/"]}]},{"@type":"BreadcrumbList","@id":"https:\/\/ex.lll.tum.de.devweb.mwn.de\/de\/vielen-dank-newsletter\/#breadcrumb","itemListElement":[{"@type":"ListItem","position":1,"name":"Home","item":"http:\/\/ex.lll.tum.de.devweb.mwn.de\/de\/"},{"@type":"ListItem","position":2,"name":"Vielen Dank f\u00fcr Ihre Anmeldung"}]},{"@type":"WebSite","@id":"http:\/\/ex.lll.tum.de.devweb.mwn.de\/de\/#website","url":"http:\/\/ex.lll.tum.de.devweb.mwn.de\/de\/","name":"TUM Executive &amp; Professional Education","description":"","potentialAction":[{"@type":"SearchAction","target":{"@type":"EntryPoint","urlTemplate":"http:\/\/ex.lll.tum.de.devweb.mwn.de\/de\/?s={search_term_string}"},"query-input":"required name=search_term_string"}],"inLanguage":"de"}]}},"_links":{"self":[{"href":"http:\/\/ex.lll.tum.de.devweb.mwn.de\/de\/wp-json\/wp\/v2\/pages\/150651"}],"collection":[{"href":"http:\/\/ex.lll.tum.de.devweb.mwn.de\/de\/wp-json\/wp\/v2\/pages"}],"about":[{"href":"http:\/\/ex.lll.tum.de.devweb.mwn.de\/de\/wp-json\/wp\/v2\/types\/page"}],"author":[{"embeddable":true,"href":"http:\/\/ex.lll.tum.de.devweb.mwn.de\/de\/wp-json\/wp\/v2\/users\/26"}],"replies":[{"embeddable":true,"href":"http:\/\/ex.lll.tum.de.devweb.mwn.de\/de\/wp-json\/wp\/v2\/comments?post=150651"}],"version-history":[{"count":3,"href":"http:\/\/ex.lll.tum.de.devweb.mwn.de\/de\/wp-json\/wp\/v2\/pages\/150651\/revisions"}],"predecessor-version":[{"id":153057,"href":"http:\/\/ex.lll.tum.de.devweb.mwn.de\/de\/wp-json\/wp\/v2\/pages\/150651\/revisions\/153057"}],"wp:attachment":[{"href":"http:\/\/ex.lll.tum.de.devweb.mwn.de\/de\/wp-json\/wp\/v2\/media?parent=150651"}],"curies":[{"name":"wp","href":"https:\/\/api.w.org\/{rel}","templated":true}]}}