{"id":133821,"date":"2021-05-06T13:14:18","date_gmt":"2021-05-06T13:14:18","guid":{"rendered":"https:\/\/www.lll.tum.de\/participation-and-cancellation-policy\/"},"modified":"2023-11-21T10:34:49","modified_gmt":"2023-11-21T09:34:49","slug":"teilnahme-und-ruecktrittsbedingungen","status":"publish","type":"page","link":"http:\/\/ex.lll.tum.de.devweb.mwn.de\/de\/teilnahme-und-ruecktrittsbedingungen\/","title":{"rendered":"Teilnahme- und R\u00fccktrittsbedingungen"},"content":{"rendered":"<div class=\"wpb-content-wrapper\"><p>[vc_row][vc_column][vc_column_text]<\/p>\n<h1>Teilnahme- und R\u00fccktrittsbedingungen<\/h1>\n<p><strong>R\u00fccktrittsbedingungen<\/strong><\/p>\n<p>Nach erfolgreicher Bewerbung erhalten Sie eine Anmeldebest\u00e4tigung und Rechnung. Der R\u00fccktritt ist bis 30 Tage vor dem Seminar kostenfrei; bis 14 Tage vorher werden 50% der Teilnahmegeb\u00fchr erhoben. Danach sind die Teilnahmegeb\u00fchren in voller H\u00f6he zu entrichten.<\/p>\n<p>Im Verhinderungsfalle k\u00f6nnen Sie gerne kostenfrei einen Ersatzteilnehmer benennen. Die Absage eines Seminars, z.B. bei Ausfall von Dozent*innen, bleibt vorbehalten. Absagen oder notwendige \u00c4nderungen des Programms, insbesondere bei Dozentenwechsel, sind wir bem\u00fcht umgehend mitzuteilen. Bei Absage eines Seminars wird die bereits gezahlte Teilnahmegeb\u00fchr erstattet. Weitere Anspr\u00fcche sind ausgeschlossen, au\u00dfer in F\u00e4llen des Vorsatzes und der groben Fahrl\u00e4ssigkeit. \u00c4nderungen und Irrt\u00fcmer vorbehalten.<\/p>\n<p><strong>Statements, Verwendung von Fotos und Videomaterial<\/strong><\/p>\n<p>Die Technische Universit\u00e4t M\u00fcnchen beh\u00e4lt sich vor, bei einer Veranstaltung Fotos und Videoaufnahmen zu machen und diese nachtr\u00e4glich \u00fcber ihre Websites, Social-Media-Kan\u00e4le und Printpublikationen zu verbreiten. Mit der verbindlichen Teilnahme an einer Veranstaltung stimmt der Teilnehmer der Nutzung der Bilder im oben genannten Rahmen zu.<\/p>\n<p><strong>Rabatte<\/strong><\/p>\n<p>M\u00f6gliche Rabatte auf Teilnahmegeb\u00fchren k\u00f6nnen Sie den Beschreibungen der Programme auf unserer Website entnehmen. Bitte beachten Sie, dass Erm\u00e4\u00dfigungen in der Regel mit bestimmten Bedingungen verkn\u00fcpft sind und einen schriftlichen Nachweis zum Zeitpunkt der Anmeldung\/Bewerbung erfordern (z.B. Mitgliedschaft bei einer Partnerorganisation) und in manchen F\u00e4llen nur innerhalb eines bestimmten Zeitraums gew\u00e4hrt werden k\u00f6nnen (z.B. Early Bird Discounts).<br \/>\nPro Programm und Teilnehmer*in kann nur ein Rabatt gew\u00e4hrt werden. Sollten wir f\u00fcr ein Programm mehrere Rabatte in unterschiedlicher H\u00f6he anbieten und Sie sich f\u00fcr mehr als eine Erm\u00e4\u00dfigung qualifizieren, gew\u00e4hren wir den Rabatt, der f\u00fcr Sie die gr\u00f6\u00dftm\u00f6gliche Reduzierung der Teilnahmegeb\u00fchr bedeutet.[\/vc_column_text][\/vc_column][\/vc_row]<\/p>\n<\/div>","protected":false},"excerpt":{"rendered":"<p>[vc_row][vc_column][vc_column_text] Teilnahme- und R\u00fccktrittsbedingungen R\u00fccktrittsbedingungen Nach erfolgreicher Bewerbung erhalten Sie eine Anmeldebest\u00e4tigung und Rechnung. Der R\u00fccktritt ist bis 30 Tage vor dem Seminar kostenfrei; bis 14 Tage vorher werden 50% der Teilnahmegeb\u00fchr erhoben. Danach sind die Teilnahmegeb\u00fchren in voller H\u00f6he zu entrichten. Im Verhinderungsfalle k\u00f6nnen Sie gerne kostenfrei einen Ersatzteilnehmer benennen. Die Absage eines Seminars, z.B. bei Ausfall von Dozent*innen, bleibt vorbehalten. Absagen oder notwendige \u00c4nderungen des Programms, insbesondere bei Dozentenwechsel, sind wir bem\u00fcht umgehend mitzuteilen. Bei Absage eines Seminars <a target=\"_blank\" class=\"moretag\" href=\"http:\/\/ex.lll.tum.de.devweb.mwn.de\/de\/teilnahme-und-ruecktrittsbedingungen\/\">Read More here<\/a><\/p>\n","protected":false},"author":23,"featured_media":0,"parent":0,"menu_order":110,"comment_status":"closed","ping_status":"closed","template":"","meta":[],"acf":[],"yoast_head":"<!-- This site is optimized with the Yoast SEO Premium plugin v19.5 (Yoast SEO v19.10) - https:\/\/yoast.com\/wordpress\/plugins\/seo\/ -->\n<title>Teilnahme- und R\u00fccktrittsbedingungen - TUM Executive &amp; Professional Education<\/title>\n<meta name=\"robots\" content=\"noindex, follow\" \/>\n<meta property=\"og:locale\" content=\"de_DE\" \/>\n<meta property=\"og:type\" content=\"article\" \/>\n<meta property=\"og:title\" content=\"Teilnahme- und R\u00fccktrittsbedingungen\" \/>\n<meta property=\"og:description\" content=\"[vc_row][vc_column][vc_column_text] Teilnahme- und R\u00fccktrittsbedingungen R\u00fccktrittsbedingungen Nach erfolgreicher Bewerbung erhalten Sie eine Anmeldebest\u00e4tigung und Rechnung. Der R\u00fccktritt ist bis 30 Tage vor dem Seminar kostenfrei; bis 14 Tage vorher werden 50% der Teilnahmegeb\u00fchr erhoben. Danach sind die Teilnahmegeb\u00fchren in voller H\u00f6he zu entrichten. Im Verhinderungsfalle k\u00f6nnen Sie gerne kostenfrei einen Ersatzteilnehmer benennen. Die Absage eines Seminars, z.B. bei Ausfall von Dozent*innen, bleibt vorbehalten. Absagen oder notwendige \u00c4nderungen des Programms, insbesondere bei Dozentenwechsel, sind wir bem\u00fcht umgehend mitzuteilen. Bei Absage eines Seminars Read More here\" \/>\n<meta property=\"og:url\" content=\"https:\/\/ex.lll.tum.de.devweb.mwn.de\/de\/teilnahme-und-ruecktrittsbedingungen\/\" \/>\n<meta property=\"og:site_name\" content=\"TUM Executive &amp; Professional Education\" \/>\n<meta property=\"article:modified_time\" content=\"2023-11-21T09:34:49+00:00\" \/>\n<meta name=\"twitter:card\" content=\"summary_large_image\" \/>\n<meta name=\"twitter:label1\" content=\"Gesch\u00e4tzte Lesezeit\" \/>\n\t<meta name=\"twitter:data1\" content=\"2\u00a0Minuten\" \/>\n<script type=\"application\/ld+json\" class=\"yoast-schema-graph\">{\"@context\":\"https:\/\/schema.org\",\"@graph\":[{\"@type\":\"WebPage\",\"@id\":\"https:\/\/ex.lll.tum.de.devweb.mwn.de\/de\/teilnahme-und-ruecktrittsbedingungen\/\",\"url\":\"https:\/\/ex.lll.tum.de.devweb.mwn.de\/de\/teilnahme-und-ruecktrittsbedingungen\/\",\"name\":\"Teilnahme- und R\u00fccktrittsbedingungen - TUM Executive &amp; Professional Education\",\"isPartOf\":{\"@id\":\"http:\/\/ex.lll.tum.de.devweb.mwn.de\/de\/#website\"},\"datePublished\":\"2021-05-06T13:14:18+00:00\",\"dateModified\":\"2023-11-21T09:34:49+00:00\",\"breadcrumb\":{\"@id\":\"https:\/\/ex.lll.tum.de.devweb.mwn.de\/de\/teilnahme-und-ruecktrittsbedingungen\/#breadcrumb\"},\"inLanguage\":\"de\",\"potentialAction\":[{\"@type\":\"ReadAction\",\"target\":[\"https:\/\/ex.lll.tum.de.devweb.mwn.de\/de\/teilnahme-und-ruecktrittsbedingungen\/\"]}]},{\"@type\":\"BreadcrumbList\",\"@id\":\"https:\/\/ex.lll.tum.de.devweb.mwn.de\/de\/teilnahme-und-ruecktrittsbedingungen\/#breadcrumb\",\"itemListElement\":[{\"@type\":\"ListItem\",\"position\":1,\"name\":\"Home\",\"item\":\"http:\/\/ex.lll.tum.de.devweb.mwn.de\/de\/\"},{\"@type\":\"ListItem\",\"position\":2,\"name\":\"Teilnahme- und R\u00fccktrittsbedingungen\"}]},{\"@type\":\"WebSite\",\"@id\":\"http:\/\/ex.lll.tum.de.devweb.mwn.de\/de\/#website\",\"url\":\"http:\/\/ex.lll.tum.de.devweb.mwn.de\/de\/\",\"name\":\"TUM Executive &amp; Professional Education\",\"description\":\"\",\"potentialAction\":[{\"@type\":\"SearchAction\",\"target\":{\"@type\":\"EntryPoint\",\"urlTemplate\":\"http:\/\/ex.lll.tum.de.devweb.mwn.de\/de\/?s={search_term_string}\"},\"query-input\":\"required name=search_term_string\"}],\"inLanguage\":\"de\"}]}<\/script>\n<!-- \/ Yoast SEO Premium plugin. -->","yoast_head_json":{"title":"Teilnahme- und R\u00fccktrittsbedingungen - TUM Executive &amp; Professional Education","robots":{"index":"noindex","follow":"follow"},"og_locale":"de_DE","og_type":"article","og_title":"Teilnahme- und R\u00fccktrittsbedingungen","og_description":"[vc_row][vc_column][vc_column_text] Teilnahme- und R\u00fccktrittsbedingungen R\u00fccktrittsbedingungen Nach erfolgreicher Bewerbung erhalten Sie eine Anmeldebest\u00e4tigung und Rechnung. Der R\u00fccktritt ist bis 30 Tage vor dem Seminar kostenfrei; bis 14 Tage vorher werden 50% der Teilnahmegeb\u00fchr erhoben. Danach sind die Teilnahmegeb\u00fchren in voller H\u00f6he zu entrichten. Im Verhinderungsfalle k\u00f6nnen Sie gerne kostenfrei einen Ersatzteilnehmer benennen. Die Absage eines Seminars, z.B. bei Ausfall von Dozent*innen, bleibt vorbehalten. Absagen oder notwendige \u00c4nderungen des Programms, insbesondere bei Dozentenwechsel, sind wir bem\u00fcht umgehend mitzuteilen. Bei Absage eines Seminars Read More here","og_url":"https:\/\/ex.lll.tum.de.devweb.mwn.de\/de\/teilnahme-und-ruecktrittsbedingungen\/","og_site_name":"TUM Executive &amp; Professional Education","article_modified_time":"2023-11-21T09:34:49+00:00","twitter_card":"summary_large_image","twitter_misc":{"Gesch\u00e4tzte Lesezeit":"2\u00a0Minuten"},"schema":{"@context":"https:\/\/schema.org","@graph":[{"@type":"WebPage","@id":"https:\/\/ex.lll.tum.de.devweb.mwn.de\/de\/teilnahme-und-ruecktrittsbedingungen\/","url":"https:\/\/ex.lll.tum.de.devweb.mwn.de\/de\/teilnahme-und-ruecktrittsbedingungen\/","name":"Teilnahme- und R\u00fccktrittsbedingungen - TUM Executive &amp; Professional Education","isPartOf":{"@id":"http:\/\/ex.lll.tum.de.devweb.mwn.de\/de\/#website"},"datePublished":"2021-05-06T13:14:18+00:00","dateModified":"2023-11-21T09:34:49+00:00","breadcrumb":{"@id":"https:\/\/ex.lll.tum.de.devweb.mwn.de\/de\/teilnahme-und-ruecktrittsbedingungen\/#breadcrumb"},"inLanguage":"de","potentialAction":[{"@type":"ReadAction","target":["https:\/\/ex.lll.tum.de.devweb.mwn.de\/de\/teilnahme-und-ruecktrittsbedingungen\/"]}]},{"@type":"BreadcrumbList","@id":"https:\/\/ex.lll.tum.de.devweb.mwn.de\/de\/teilnahme-und-ruecktrittsbedingungen\/#breadcrumb","itemListElement":[{"@type":"ListItem","position":1,"name":"Home","item":"http:\/\/ex.lll.tum.de.devweb.mwn.de\/de\/"},{"@type":"ListItem","position":2,"name":"Teilnahme- und R\u00fccktrittsbedingungen"}]},{"@type":"WebSite","@id":"http:\/\/ex.lll.tum.de.devweb.mwn.de\/de\/#website","url":"http:\/\/ex.lll.tum.de.devweb.mwn.de\/de\/","name":"TUM Executive &amp; Professional Education","description":"","potentialAction":[{"@type":"SearchAction","target":{"@type":"EntryPoint","urlTemplate":"http:\/\/ex.lll.tum.de.devweb.mwn.de\/de\/?s={search_term_string}"},"query-input":"required name=search_term_string"}],"inLanguage":"de"}]}},"_links":{"self":[{"href":"http:\/\/ex.lll.tum.de.devweb.mwn.de\/de\/wp-json\/wp\/v2\/pages\/133821"}],"collection":[{"href":"http:\/\/ex.lll.tum.de.devweb.mwn.de\/de\/wp-json\/wp\/v2\/pages"}],"about":[{"href":"http:\/\/ex.lll.tum.de.devweb.mwn.de\/de\/wp-json\/wp\/v2\/types\/page"}],"author":[{"embeddable":true,"href":"http:\/\/ex.lll.tum.de.devweb.mwn.de\/de\/wp-json\/wp\/v2\/users\/23"}],"replies":[{"embeddable":true,"href":"http:\/\/ex.lll.tum.de.devweb.mwn.de\/de\/wp-json\/wp\/v2\/comments?post=133821"}],"version-history":[{"count":5,"href":"http:\/\/ex.lll.tum.de.devweb.mwn.de\/de\/wp-json\/wp\/v2\/pages\/133821\/revisions"}],"predecessor-version":[{"id":179766,"href":"http:\/\/ex.lll.tum.de.devweb.mwn.de\/de\/wp-json\/wp\/v2\/pages\/133821\/revisions\/179766"}],"wp:attachment":[{"href":"http:\/\/ex.lll.tum.de.devweb.mwn.de\/de\/wp-json\/wp\/v2\/media?parent=133821"}],"curies":[{"name":"wp","href":"https:\/\/api.w.org\/{rel}","templated":true}]}}